{"id":10745,"date":"2017-10-12T10:43:18","date_gmt":"2017-10-12T10:43:18","guid":{"rendered":"http:\/\/www.erreelleitalia.com\/cookie-policy\/"},"modified":"2018-03-13T18:56:46","modified_gmt":"2018-03-13T18:56:46","slug":"cookie-policy","status":"publish","type":"page","link":"https:\/\/www.erreelleitalia.com\/fr\/cookie-policy\/","title":{"rendered":"Cookie Policy"},"content":{"rendered":"[vc_row type=\u00a0\u00bbin_container\u00a0\u00bb full_screen_row_position=\u00a0\u00bbmiddle\u00a0\u00bb scene_position=\u00a0\u00bbcenter\u00a0\u00bb text_color=\u00a0\u00bbdark\u00a0\u00bb text_align=\u00a0\u00bbleft\u00a0\u00bb top_padding=\u00a0\u00bb40&Prime; bottom_padding=\u00a0\u00bb40&Prime; overlay_strength=\u00a0\u00bb0.3&Prime;][vc_column column_padding=\u00a0\u00bbno-extra-padding\u00a0\u00bb column_padding_position=\u00a0\u00bball\u00a0\u00bb background_color_opacity=\u00a0\u00bb1&Prime; background_hover_color_opacity=\u00a0\u00bb1&Prime; column_shadow=\u00a0\u00bbnone\u00a0\u00bb width=\u00a0\u00bb1\/1&Prime; tablet_text_alignment=\u00a0\u00bbdefault\u00a0\u00bb phone_text_alignment=\u00a0\u00bbdefault\u00a0\u00bb column_border_width=\u00a0\u00bbnone\u00a0\u00bb column_border_style=\u00a0\u00bbsolid\u00a0\u00bb][vc_column_text]<strong>Cookie Policy<\/strong><\/p>\n<p>Cette politique de cookies compl\u00e8te et compl\u00e8te l&rsquo;avis de confidentialit\u00e9.<\/p>\n<p>En se connectant pour la premi\u00e8re fois sur le site, l&rsquo;utilisateur verra une br\u00e8ve information sur l&rsquo;utilisation des cookies. En fermant cette information via le bouton appropri\u00e9 ou en cliquant en dehors de la banni\u00e8re qui la contient et en continuant \u00e0 naviguer sur le site, l&rsquo;utilisateur consent \u00e0 l&rsquo;utilisation de cookies tiers, selon les m\u00e9thodes d\u00e9crites dans cette politique de cookies.<\/p>\n<ol>\n<li><strong>Que sont les cookies<\/strong><\/li>\n<\/ol>\n<p>Un cookie est un petit fichier texte qui est envoy\u00e9 au navigateur et enregistr\u00e9 sur le terminal de l&rsquo;utilisateur lorsque ce dernier visite un site Web. Les cookies peuvent \u00eatre utilis\u00e9s \u00e0 diff\u00e9rentes fins (authentification de l&rsquo;ordinateur, surveillance de session, stockage d&rsquo;informations sur des configurations sp\u00e9cifiques concernant les utilisateurs acc\u00e9dant au serveur, stockage des pr\u00e9f\u00e9rences, etc.).<\/p>\n<ol start=\"2\">\n<li><strong>Typologie de cookies utilis\u00e9s par le site<\/strong><\/li>\n<\/ol>\n<p>Le site utilise les cookies techniques suivants:<\/p>\n<ul>\n<li>cookies de navigation: ces cookies permettent au Site de fonctionner correctement et vous permettent de visualiser le contenu du Site, et leur d\u00e9sactivation pourrait entra\u00eener des dysfonctionnements du site. Ces cookies ne sont pas stock\u00e9s en permanence sur l&rsquo;ordinateur de l&rsquo;Utilisateur et disparaissent lorsque le navigateur est ferm\u00e9.<\/li>\n<li>Analytics:\u00a0le Site utilise les services Google Analytics de Google, Inc., afin de traiter l&rsquo;analyse statistique de la navigation des Utilisateurs sur le Site Web Les adresses IP des utilisateurs sont anonymis\u00e9es avant d&rsquo;\u00eatre enregistr\u00e9es par le service Google Analytics.<\/li>\n<li>cookie technique n\u00e9cessaire pour suivre le consentement donn\u00e9 par l&rsquo;utilisateur.<\/li>\n<\/ul>\n<p>En outre, le Site utilise des cookies provenant de plateformes sociales (dans ce cas, les plateformes Facebook, LinkedIn et Twitter), g\u00e9r\u00e9s par les tiers impliqu\u00e9s. Ces cookies sont n\u00e9cessaires pour permettre \u00e0 un compte social d&rsquo;interagir avec notre site, vous permettre d&rsquo;exprimer une appr\u00e9ciation et de le partager avec vos amis. Les cookies sur les plateformes sociales ne sont pas n\u00e9cessaires pour la navigation.<\/p>\n<p>Vous trouverez ci-dessous plus d&rsquo;informations sur les cookies sur les plateformes sociales utilis\u00e9es, sur les informations de confidentialit\u00e9 associ\u00e9es et sur la mani\u00e8re de les d\u00e9sactiver:<\/p>\n<table style=\"height: 185px;\" width=\"1375\">\n<tbody>\n<tr>\n<td width=\"77\"><strong>Titulaire<\/strong><\/td>\n<td width=\"251\"><strong>Informative<\/strong><\/td>\n<td width=\"285\"><strong>D\u00e9sactivation<\/strong><\/td>\n<\/tr>\n<tr>\n<td width=\"77\">Facebook<\/td>\n<td width=\"251\"><a href=\"https:\/\/www.facebook.com\/about\/privacy\">www.facebook.com\/about\/privacy<\/a><\/td>\n<td width=\"285\"><a href=\"http:\/\/www.ghostery.com\/it\/apps\/facebook_connect\">www.ghostery.com\/it\/apps\/facebook_connect<\/a><\/td>\n<\/tr>\n<tr>\n<td width=\"77\">LinkedIn<\/td>\n<td width=\"251\"><a href=\"https:\/\/www.linkedin.com\/legal\/cookie-policy\">www.linkedin.com\/legal\/cookie-policy<\/a><\/td>\n<td width=\"285\"><a href=\"https:\/\/www.linkedin.com\/legal\/cookie-policy\">www.linkedin.com\/legal\/cookie-policy<\/a><\/td>\n<\/tr>\n<tr>\n<td width=\"77\">Twitter<\/td>\n<td width=\"251\"><a href=\"https:\/\/twitter.com\/privacy?lang=it\">https:\/\/twitter.com\/privacy?lang=it<\/a><\/td>\n<td width=\"285\"><a href=\"https:\/\/support.twitter.com\/articles\/20170519-uso-dei-cookie-e-di-altre-tecnologie-simili-da-parte-di-twitter\">https:\/\/support.twitter.com\/articles\/20170519-uso-dei-cookie-e-di-altre-tecnologie-simili-da-parte-di-twitter#<\/a><\/td>\n<\/tr>\n<\/tbody>\n<\/table>\n<p>&nbsp;<\/p>\n<p>Le site n&rsquo;utilise pas de cookies de profilage.<\/p>\n<ol start=\"3\">\n<li><strong>Gestion des cookies via les param\u00e8tres du navigateur<\/strong><\/li>\n<\/ol>\n<p>Presque tous les navigateurs Internet vous permettent de v\u00e9rifier quels cookies sont pr\u00e9sents sur votre disque dur, de bloquer tous les cookies ou de recevoir un avertissement chaque fois qu&rsquo;un cookie est install\u00e9. Dans certains cas, toutefois, l&rsquo;impossibilit\u00e9 d&rsquo;installer un cookie peut rendre impossible l&rsquo;utilisation de certaines parties du site Web..[\/vc_column_text][\/vc_column][\/vc_row]\n","protected":false},"excerpt":{"rendered":"<p>[vc_row type=\u00a0\u00bbin_container\u00a0\u00bb full_screen_row_position=\u00a0\u00bbmiddle\u00a0\u00bb scene_position=\u00a0\u00bbcenter\u00a0\u00bb text_color=\u00a0\u00bbdark\u00a0\u00bb text_align=\u00a0\u00bbleft\u00a0\u00bb top_padding=\u00a0\u00bb40&Prime; bottom_padding=\u00a0\u00bb40&Prime; overlay_strength=\u00a0\u00bb0.3&Prime;][vc_column column_padding=\u00a0\u00bbno-extra-padding\u00a0\u00bb column_padding_position=\u00a0\u00bball\u00a0\u00bb background_color_opacity=\u00a0\u00bb1&Prime; background_hover_color_opacity=\u00a0\u00bb1&Prime; column_shadow=\u00a0\u00bbnone\u00a0\u00bb width=\u00a0\u00bb1\/1&Prime;&#8230;<\/p>\n","protected":false},"author":1,"featured_media":0,"parent":0,"menu_order":0,"comment_status":"closed","ping_status":"closed","template":"","meta":[],"_links":{"self":[{"href":"https:\/\/www.erreelleitalia.com\/fr\/wp-json\/wp\/v2\/pages\/10745"}],"collection":[{"href":"https:\/\/www.erreelleitalia.com\/fr\/wp-json\/wp\/v2\/pages"}],"about":[{"href":"https:\/\/www.erreelleitalia.com\/fr\/wp-json\/wp\/v2\/types\/page"}],"author":[{"embeddable":true,"href":"https:\/\/www.erreelleitalia.com\/fr\/wp-json\/wp\/v2\/users\/1"}],"replies":[{"embeddable":true,"href":"https:\/\/www.erreelleitalia.com\/fr\/wp-json\/wp\/v2\/comments?post=10745"}],"version-history":[{"count":0,"href":"https:\/\/www.erreelleitalia.com\/fr\/wp-json\/wp\/v2\/pages\/10745\/revisions"}],"wp:attachment":[{"href":"https:\/\/www.erreelleitalia.com\/fr\/wp-json\/wp\/v2\/media?parent=10745"}],"curies":[{"name":"wp","href":"https:\/\/api.w.org\/{rel}","templated":true}]}}