{"id":10650,"date":"2017-09-12T12:00:07","date_gmt":"2017-09-12T12:00:07","guid":{"rendered":"http:\/\/www.erreelleitalia.com\/enjoy-fantasy-color\/"},"modified":"2017-12-22T10:41:05","modified_gmt":"2017-12-22T10:41:05","slug":"enjoy-fantasy-color","status":"publish","type":"page","link":"https:\/\/www.erreelleitalia.com\/fr\/brands\/enjoy-fantasy-color\/","title":{"rendered":"Enjoy Fantasy Color"},"content":{"rendered":"[vc_row type=\u00a0\u00bbfull_width_background\u00a0\u00bb full_screen_row_position=\u00a0\u00bbmiddle\u00a0\u00bb bg_image=\u00a0\u00bb8294&Prime; bg_position=\u00a0\u00bbcenter center\u00a0\u00bb bg_repeat=\u00a0\u00bbno-repeat\u00a0\u00bb parallax_bg=\u00a0\u00bbtrue\u00a0\u00bb parallax_bg_speed=\u00a0\u00bbfixed\u00a0\u00bb bg_color=\u00a0\u00bb#e5097f\u00a0\u00bb scene_position=\u00a0\u00bbcenter\u00a0\u00bb video_bg=\u00a0\u00bbuse_video\u00a0\u00bb video_mute=\u00a0\u00bbtrue\u00a0\u00bb text_color=\u00a0\u00bbdark\u00a0\u00bb text_align=\u00a0\u00bbleft\u00a0\u00bb top_padding=\u00a0\u00bb10%\u00a0\u00bb bottom_padding=\u00a0\u00bb13%\u00a0\u00bb overlay_strength=\u00a0\u00bb0.5&Prime;][vc_column column_padding=\u00a0\u00bbno-extra-padding\u00a0\u00bb column_padding_position=\u00a0\u00bball\u00a0\u00bb background_color_opacity=\u00a0\u00bb1&Prime; background_hover_color_opacity=\u00a0\u00bb1&Prime; column_shadow=\u00a0\u00bbnone\u00a0\u00bb width=\u00a0\u00bb2\/3&Prime; tablet_text_alignment=\u00a0\u00bbdefault\u00a0\u00bb phone_text_alignment=\u00a0\u00bbdefault\u00a0\u00bb column_border_width=\u00a0\u00bbnone\u00a0\u00bb column_border_style=\u00a0\u00bbsolid\u00a0\u00bb][vc_custom_heading text=\u00a0\u00bbENJOY FANTASY COLOR \u00a0\u00bb font_container=\u00a0\u00bbtag:h5|text_align:left|color:rgba(0%2C0%2C0%2C0.74)\u00a0\u00bb use_theme_fonts=\u00a0\u00bbyes\u00a0\u00bb css_animation=\u00a0\u00bbfadeInUp\u00a0\u00bb][vc_row_inner column_margin=\u00a0\u00bbdefault\u00a0\u00bb text_align=\u00a0\u00bbleft\u00a0\u00bb][vc_column_inner enable_animation=\u00a0\u00bbtrue\u00a0\u00bb animation=\u00a0\u00bbfade-in-from-bottom\u00a0\u00bb column_padding=\u00a0\u00bbno-extra-padding\u00a0\u00bb column_padding_position=\u00a0\u00bball\u00a0\u00bb background_color_opacity=\u00a0\u00bb1&Prime; width=\u00a0\u00bb5\/6&Prime; column_border_width=\u00a0\u00bbnone\u00a0\u00bb column_border_style=\u00a0\u00bbsolid\u00a0\u00bb delay=\u00a0\u00bb300&Prime;][vc_custom_heading text=\u00a0\u00bbRock, Metal, Harmony, Funky, Jazz &#8230; celles-ci et bien d&rsquo;autres sont les nouvelles couleurs permanentes \u00ab\u00a0Enjoy Fantasy Color\u00ab\u00a0 d&rsquo;Erreelle Italia. Folles, fantaisistes excentriques et riche en personnalit\u00e9 &#8230; \u00a0\u00bb font_container=\u00a0\u00bbtag:p|text_align:left|color:rgba(0%2C0%2C0%2C0.7)\u00a0\u00bb use_theme_fonts=\u00a0\u00bbyes\u00a0\u00bb][\/vc_column_inner][vc_column_inner column_padding=\u00a0\u00bbno-extra-padding\u00a0\u00bb column_padding_position=\u00a0\u00bball\u00a0\u00bb background_color_opacity=\u00a0\u00bb1&Prime; width=\u00a0\u00bb1\/6&Prime; column_border_width=\u00a0\u00bbnone\u00a0\u00bb column_border_style=\u00a0\u00bbsolid\u00a0\u00bb][\/vc_column_inner][\/vc_row_inner][split_line_heading]\n<h3>&#8230;Tu attends quoi? Trouve ton Sound!<\/h3>\n[\/split_line_heading][vc_row_inner column_margin=\u00a0\u00bbdefault\u00a0\u00bb text_align=\u00a0\u00bbleft\u00a0\u00bb][vc_column_inner enable_animation=\u00a0\u00bbtrue\u00a0\u00bb animation=\u00a0\u00bbfade-in-from-bottom\u00a0\u00bb column_padding=\u00a0\u00bbno-extra-padding\u00a0\u00bb column_padding_position=\u00a0\u00bball\u00a0\u00bb background_color_opacity=\u00a0\u00bb1&Prime; width=\u00a0\u00bb5\/6&Prime; column_border_width=\u00a0\u00bbnone\u00a0\u00bb column_border_style=\u00a0\u00bbsolid\u00a0\u00bb delay=\u00a0\u00bb300&Prime;][vc_custom_heading text=\u00a0\u00bbPour un look transgressif et d&rsquo;impact, choisis les couleurs les plus vives ou les plus douces pour \u00eatre glamour et de tendance. Joue \u00e0 m\u00e9langer les nuances et cr\u00e9e ton Enjoy fantasy color personnalis\u00e9.D\u00e9finis ton style personnel !!! Applique la couleur !!!\u00a0\u00bb font_container=\u00a0\u00bbtag:p|text_align:left|color:rgba(0%2C0%2C0%2C0.7)\u00a0\u00bb use_theme_fonts=\u00a0\u00bbyes\u00a0\u00bb][\/vc_column_inner][vc_column_inner column_padding=\u00a0\u00bbno-extra-padding\u00a0\u00bb column_padding_position=\u00a0\u00bball\u00a0\u00bb background_color_opacity=\u00a0\u00bb1&Prime; width=\u00a0\u00bb1\/6&Prime; column_border_width=\u00a0\u00bbnone\u00a0\u00bb column_border_style=\u00a0\u00bbsolid\u00a0\u00bb][\/vc_column_inner][\/vc_row_inner][vc_custom_heading text=\u00a0\u00bbDes nuances cool et de tendance avec des possibilit\u00e9s infinies<br \/>\nde personnalisation.\u00a0\u00bb font_container=\u00a0\u00bbtag:h4|text_align:left|color:rgba(0%2C0%2C0%2C0.74)\u00a0\u00bb use_theme_fonts=\u00a0\u00bbyes\u00a0\u00bb css_animation=\u00a0\u00bbfadeInUp\u00a0\u00bb][\/vc_column][vc_column column_padding=\u00a0\u00bbno-extra-padding\u00a0\u00bb column_padding_position=\u00a0\u00bball\u00a0\u00bb background_color_opacity=\u00a0\u00bb1&Prime; background_hover_color_opacity=\u00a0\u00bb1&Prime; column_shadow=\u00a0\u00bbnone\u00a0\u00bb width=\u00a0\u00bb1\/3&Prime; tablet_text_alignment=\u00a0\u00bbdefault\u00a0\u00bb phone_text_alignment=\u00a0\u00bbdefault\u00a0\u00bb column_border_width=\u00a0\u00bbnone\u00a0\u00bb column_border_style=\u00a0\u00bbsolid\u00a0\u00bb][\/vc_column][\/vc_row][vc_row type=\u00a0\u00bbfull_width_background\u00a0\u00bb full_screen_row_position=\u00a0\u00bbmiddle\u00a0\u00bb bg_image=\u00a0\u00bb8854&Prime; bg_position=\u00a0\u00bbcenter center\u00a0\u00bb bg_repeat=\u00a0\u00bbno-repeat\u00a0\u00bb bg_color=\u00a0\u00bb#ce0069&Prime; scene_position=\u00a0\u00bbcenter\u00a0\u00bb text_color=\u00a0\u00bblight\u00a0\u00bb text_align=\u00a0\u00bbleft\u00a0\u00bb top_padding=\u00a0\u00bb7%\u00a0\u00bb bottom_padding=\u00a0\u00bb2%\u00a0\u00bb id=\u00a0\u00bbfantasycolor\u00a0\u00bb overlay_strength=\u00a0\u00bb0.5&Prime;][vc_column enable_animation=\u00a0\u00bbtrue\u00a0\u00bb animation=\u00a0\u00bbfade-in-from-left\u00a0\u00bb column_padding=\u00a0\u00bbpadding-6-percent\u00a0\u00bb column_padding_position=\u00a0\u00bbtop-bottom\u00a0\u00bb background_color_opacity=\u00a0\u00bb1&Prime; background_hover_color_opacity=\u00a0\u00bb1&Prime; column_shadow=\u00a0\u00bbnone\u00a0\u00bb width=\u00a0\u00bb1\/2&Prime; tablet_text_alignment=\u00a0\u00bbdefault\u00a0\u00bb phone_text_alignment=\u00a0\u00bbdefault\u00a0\u00bb column_border_width=\u00a0\u00bbnone\u00a0\u00bb column_border_style=\u00a0\u00bbsolid\u00a0\u00bb delay=\u00a0\u00bb300&Prime;][vc_custom_heading text=\u00a0\u00bbEnjoy\u00a0\u00bb font_container=\u00a0\u00bbtag:h5|text_align:left|color:rgba(255%2C255%2C255%2C0.6)\u00a0\u00bb use_theme_fonts=\u00a0\u00bbyes\u00a0\u00bb css=\u00a0\u00bb.vc_custom_1505667354338{margin-bottom: 10px !important;}\u00a0\u00bb][vc_custom_heading text=\u00a0\u00bbFantasy Color\u00a0\u00bb font_container=\u00a0\u00bbtag:h2|font_size:40|text_align:left|line_height:50px\u00a0\u00bb use_theme_fonts=\u00a0\u00bbyes\u00a0\u00bb]<div class=\"nectar-fancy-ul\" data-list-icon=\"icon-salient-thin-line\" data-animation=\"false\" data-animation-delay=\"0\" data-color=\"extra-color-2\" data-spacing=\"default\" data-alignment=\"left\"> \n<ul>\n<li>Disponible en 15 nuances<\/li>\n<li>Rapport de m\u00e9lange couleur-oxyg\u00e8ne 1:1,5<\/li>\n<li>Les nuances de la s\u00e9rie peuvent \u00eatre utilis\u00e9es comme un activateur ou un correcteur de r\u00e9flexe.<\/li>\n<\/ul>\n <\/div>[vc_custom_heading text=\u00a0\u00bbCaract\u00e9ristiques\u00a0\u00bb font_container=\u00a0\u00bbtag:h5|text_align:left|color:rgba(255%2C255%2C255%2C0.6)\u00a0\u00bb use_theme_fonts=\u00a0\u00bbyes\u00a0\u00bb css=\u00a0\u00bb.vc_custom_1513938383055{margin-bottom: 10px !important;}\u00a0\u00bb]<div class=\"nectar-fancy-ul\" data-list-icon=\"none\" data-animation=\"false\" data-animation-delay=\"0\" data-color=\"accent-color\" data-spacing=\"default\" data-alignment=\"left\"> \n<ul>\n<li><strong>Huile d&rsquo;Argan:<\/strong>\u00a0Hydrate, restructure et renforce les fibres capillaires en am\u00e9liorant la brillance de la couleur.<\/li>\n<li><strong>Huile de Macadamia: <\/strong>Nourrit les cheveux en profondeur sans les alourdir.<\/li>\n<\/ul>\n <\/div>[vc_custom_heading text=\u00a0\u00bbMode d&#8217;emploi\u00a0\u00bb font_container=\u00a0\u00bbtag:h5|text_align:left|color:rgba(255%2C255%2C255%2C0.6)\u00a0\u00bb use_theme_fonts=\u00a0\u00bbyes\u00a0\u00bb css=\u00a0\u00bb.vc_custom_1513938626904{margin-bottom: 10px !important;}\u00a0\u00bb][vc_column_text css=\u00a0\u00bb.vc_custom_1513938814394{margin-top: 30px !important;margin-bottom: 30px !important;}\u00a0\u00bb]Appliquez Enjoy Fantasy Color sur les cheveux naturels ou blonds teints, avec une base de 7 \u00e0 10 tons, ou sur les\u00a0cheveux d\u00e9color\u00e9s. La couleur CLASSIC-Neutral utilis\u00e9e seule en m\u00e9lange avec l&rsquo;oxyg\u00e8ne ne colore pas mais apporte de la brillance aux cheveux et ravive la couleur. Utilis\u00e9 en combinaison avec d&rsquo;autres nuances, il permet d&rsquo;obtenir des nuances plus douces ou les versions pastel correspondantes.[\/vc_column_text][vc_custom_heading text=\u00a0\u00bbFormat\u00a0\u00bb font_container=\u00a0\u00bbtag:h5|text_align:left|color:rgba(255%2C255%2C255%2C0.6)\u00a0\u00bb use_theme_fonts=\u00a0\u00bbyes\u00a0\u00bb css=\u00a0\u00bb.vc_custom_1513938012991{margin-bottom: 10px !important;}\u00a0\u00bb]<div class=\"nectar-fancy-ul\" data-list-icon=\"none\" data-animation=\"false\" data-animation-delay=\"0\" data-color=\"accent-color\" data-spacing=\"default\" data-alignment=\"left\"> \n<ul>\n<li>Tube de 100ml<\/li>\n<\/ul>\n <\/div>[\/vc_column][vc_column enable_animation=\u00a0\u00bbtrue\u00a0\u00bb animation=\u00a0\u00bbfade-in-from-right\u00a0\u00bb centered_text=\u00a0\u00bbtrue\u00a0\u00bb column_padding=\u00a0\u00bbpadding-10-percent\u00a0\u00bb column_padding_position=\u00a0\u00bbtop\u00a0\u00bb background_color_opacity=\u00a0\u00bb1&Prime; background_hover_color_opacity=\u00a0\u00bb1&Prime; column_shadow=\u00a0\u00bbnone\u00a0\u00bb width=\u00a0\u00bb1\/2&Prime; tablet_text_alignment=\u00a0\u00bbdefault\u00a0\u00bb phone_text_alignment=\u00a0\u00bbdefault\u00a0\u00bb column_border_width=\u00a0\u00bbnone\u00a0\u00bb column_border_style=\u00a0\u00bbsolid\u00a0\u00bb delay=\u00a0\u00bb300&Prime;][image_with_animation image_url=\u00a0\u00bb8261&Prime; alignment=\u00a0\u00bbright\u00a0\u00bb animation=\u00a0\u00bbFade In\u00a0\u00bb box_shadow=\u00a0\u00bbnone\u00a0\u00bb max_width=\u00a0\u00bb100%\u00a0\u00bb][divider line_type=\u00a0\u00bbNo Line\u00a0\u00bb custom_height=\u00a0\u00bb50&Prime;][social_buttons full_width_icons=\u00a0\u00bbtrue\u00a0\u00bb nectar_love=\u00a0\u00bbtrue\u00a0\u00bb facebook=\u00a0\u00bbtrue\u00a0\u00bb google_plus=\u00a0\u00bbtrue\u00a0\u00bb linkedin=\u00a0\u00bbtrue\u00a0\u00bb][\/vc_column][\/vc_row][vc_row type=\u00a0\u00bbfull_width_content\u00a0\u00bb full_screen_row_position=\u00a0\u00bbmiddle\u00a0\u00bb equal_height=\u00a0\u00bbyes\u00a0\u00bb content_placement=\u00a0\u00bbmiddle\u00a0\u00bb bg_color=\u00a0\u00bb#ffffff\u00a0\u00bb scene_position=\u00a0\u00bbcenter\u00a0\u00bb text_color=\u00a0\u00bblight\u00a0\u00bb text_align=\u00a0\u00bbleft\u00a0\u00bb top_padding=\u00a0\u00bb0&Prime; bottom_padding=\u00a0\u00bb0&Prime; id=\u00a0\u00bbfantasycolor\u00a0\u00bb overlay_strength=\u00a0\u00bb0.5&Prime;][vc_column enable_animation=\u00a0\u00bbtrue\u00a0\u00bb animation=\u00a0\u00bbfade-in-from-left\u00a0\u00bb column_padding=\u00a0\u00bbpadding-5-percent\u00a0\u00bb column_padding_position=\u00a0\u00bbleft-right\u00a0\u00bb background_color=\u00a0\u00bb#ffffff\u00a0\u00bb background_color_opacity=\u00a0\u00bb1&Prime; background_hover_color_opacity=\u00a0\u00bb1&Prime; column_shadow=\u00a0\u00bbnone\u00a0\u00bb el_class=\u00a0\u00bbciocche\u00a0\u00bb width=\u00a0\u00bb1\/2&Prime; tablet_text_alignment=\u00a0\u00bbdefault\u00a0\u00bb phone_text_alignment=\u00a0\u00bbdefault\u00a0\u00bb column_border_width=\u00a0\u00bbnone\u00a0\u00bb column_border_style=\u00a0\u00bbsolid\u00a0\u00bb delay=\u00a0\u00bb300&Prime;][vc_row_inner column_margin=\u00a0\u00bbdefault\u00a0\u00bb top_padding=\u00a0\u00bb60&Prime; text_align=\u00a0\u00bbleft\u00a0\u00bb][vc_column_inner column_padding=\u00a0\u00bbpadding-2-percent\u00a0\u00bb column_padding_position=\u00a0\u00bbleft\u00a0\u00bb background_color_opacity=\u00a0\u00bb1&Prime; width=\u00a0\u00bb1\/1&Prime; column_border_width=\u00a0\u00bbnone\u00a0\u00bb column_border_style=\u00a0\u00bbsolid\u00a0\u00bb][vc_custom_heading text=\u00a0\u00bbD\u00e9couvrez toutes les nuances\u00a0\u00bb font_container=\u00a0\u00bbtag:h2|font_size:25|text_align:center|color:%23000000|line_height:20px\u00a0\u00bb use_theme_fonts=\u00a0\u00bbyes\u00a0\u00bb][image_with_animation image_url=\u00a0\u00bb8961&Prime; alignment=\u00a0\u00bbcenter\u00a0\u00bb animation=\u00a0\u00bbFade In From Right\u00a0\u00bb box_shadow=\u00a0\u00bbnone\u00a0\u00bb max_width=\u00a0\u00bb100%\u00a0\u00bb][\/vc_column_inner][vc_column_inner column_padding=\u00a0\u00bbno-extra-padding\u00a0\u00bb column_padding_position=\u00a0\u00bball\u00a0\u00bb background_color_opacity=\u00a0\u00bb1&Prime; width=\u00a0\u00bb1\/1&Prime; column_border_width=\u00a0\u00bbnone\u00a0\u00bb column_border_style=\u00a0\u00bbsolid\u00a0\u00bb][vc_custom_heading text=\u00a0\u00bbUtilisez le neutre avec toutes les couleurs\u00a0\u00bb font_container=\u00a0\u00bbtag:h2|font_size:25|text_align:center|color:%23000000|line_height:20px\u00a0\u00bb use_theme_fonts=\u00a0\u00bbyes\u00a0\u00bb][image_with_animation image_url=\u00a0\u00bb8965&Prime; alignment=\u00a0\u00bbcenter\u00a0\u00bb animation=\u00a0\u00bbFade In From Right\u00a0\u00bb box_shadow=\u00a0\u00bbnone\u00a0\u00bb max_width=\u00a0\u00bb100%\u00a0\u00bb][\/vc_column_inner][\/vc_row_inner][\/vc_column][vc_column column_padding=\u00a0\u00bbno-extra-padding\u00a0\u00bb column_padding_position=\u00a0\u00bball\u00a0\u00bb background_color_opacity=\u00a0\u00bb1&Prime; background_hover_color_opacity=\u00a0\u00bb1&Prime; column_shadow=\u00a0\u00bbnone\u00a0\u00bb width=\u00a0\u00bb1\/2&Prime; tablet_text_alignment=\u00a0\u00bbdefault\u00a0\u00bb phone_text_alignment=\u00a0\u00bbdefault\u00a0\u00bb column_border_width=\u00a0\u00bbnone\u00a0\u00bb column_border_style=\u00a0\u00bbsolid\u00a0\u00bb][image_with_animation image_url=\u00a0\u00bb8926&Prime; alignment=\u00a0\u00bbright\u00a0\u00bb animation=\u00a0\u00bbFade In From Right\u00a0\u00bb box_shadow=\u00a0\u00bbnone\u00a0\u00bb max_width=\u00a0\u00bb100%\u00a0\u00bb][\/vc_column][\/vc_row][vc_row type=\u00a0\u00bbfull_width_content\u00a0\u00bb full_screen_row_position=\u00a0\u00bbmiddle\u00a0\u00bb equal_height=\u00a0\u00bbyes\u00a0\u00bb content_placement=\u00a0\u00bbmiddle\u00a0\u00bb bg_color=\u00a0\u00bb#ffffff\u00a0\u00bb scene_position=\u00a0\u00bbcenter\u00a0\u00bb text_color=\u00a0\u00bblight\u00a0\u00bb text_align=\u00a0\u00bbleft\u00a0\u00bb top_padding=\u00a0\u00bb0&Prime; bottom_padding=\u00a0\u00bb0&Prime; id=\u00a0\u00bbfantasycolor\u00a0\u00bb overlay_strength=\u00a0\u00bb0.5&Prime;][vc_column enable_animation=\u00a0\u00bbtrue\u00a0\u00bb animation=\u00a0\u00bbfade-in-from-left\u00a0\u00bb column_padding=\u00a0\u00bbpadding-5-percent\u00a0\u00bb column_padding_position=\u00a0\u00bbleft-right\u00a0\u00bb background_color=\u00a0\u00bb#ffffff\u00a0\u00bb background_color_opacity=\u00a0\u00bb1&Prime; background_hover_color_opacity=\u00a0\u00bb1&Prime; column_shadow=\u00a0\u00bbnone\u00a0\u00bb el_class=\u00a0\u00bbciocche\u00a0\u00bb width=\u00a0\u00bb1\/2&Prime; tablet_text_alignment=\u00a0\u00bbdefault\u00a0\u00bb phone_text_alignment=\u00a0\u00bbdefault\u00a0\u00bb column_border_width=\u00a0\u00bbnone\u00a0\u00bb column_border_style=\u00a0\u00bbsolid\u00a0\u00bb delay=\u00a0\u00bb300&Prime;][\/vc_column][vc_column column_padding=\u00a0\u00bbno-extra-padding\u00a0\u00bb column_padding_position=\u00a0\u00bball\u00a0\u00bb background_color_opacity=\u00a0\u00bb1&Prime; background_hover_color_opacity=\u00a0\u00bb1&Prime; column_shadow=\u00a0\u00bbnone\u00a0\u00bb width=\u00a0\u00bb1\/2&Prime; tablet_text_alignment=\u00a0\u00bbdefault\u00a0\u00bb phone_text_alignment=\u00a0\u00bbdefault\u00a0\u00bb column_border_width=\u00a0\u00bbnone\u00a0\u00bb column_border_style=\u00a0\u00bbsolid\u00a0\u00bb][\/vc_column][\/vc_row][vc_row type=\u00a0\u00bbfull_width_background\u00a0\u00bb full_screen_row_position=\u00a0\u00bbmiddle\u00a0\u00bb equal_height=\u00a0\u00bbyes\u00a0\u00bb content_placement=\u00a0\u00bbmiddle\u00a0\u00bb bg_image=\u00a0\u00bb6492&Prime; bg_position=\u00a0\u00bbcenter center\u00a0\u00bb bg_repeat=\u00a0\u00bbno-repeat\u00a0\u00bb scene_position=\u00a0\u00bbcenter\u00a0\u00bb text_color=\u00a0\u00bblight\u00a0\u00bb text_align=\u00a0\u00bbleft\u00a0\u00bb top_padding=\u00a0\u00bb8%\u00a0\u00bb bottom_padding=\u00a0\u00bb8%\u00a0\u00bb color_overlay=\u00a0\u00bbrgba(10,6,6,0.84)\u00a0\u00bb overlay_strength=\u00a0\u00bb0.5&Prime;][vc_column column_padding=\u00a0\u00bbno-extra-padding\u00a0\u00bb column_padding_position=\u00a0\u00bball\u00a0\u00bb background_color_opacity=\u00a0\u00bb1&Prime; background_hover_color_opacity=\u00a0\u00bb1&Prime; column_shadow=\u00a0\u00bbnone\u00a0\u00bb width=\u00a0\u00bb1\/1&Prime; tablet_text_alignment=\u00a0\u00bbdefault\u00a0\u00bb phone_text_alignment=\u00a0\u00bbdefault\u00a0\u00bb column_border_width=\u00a0\u00bbnone\u00a0\u00bb column_border_style=\u00a0\u00bbsolid\u00a0\u00bb][vc_row_inner column_margin=\u00a0\u00bbdefault\u00a0\u00bb text_align=\u00a0\u00bbleft\u00a0\u00bb][vc_column_inner column_padding=\u00a0\u00bbno-extra-padding\u00a0\u00bb column_padding_position=\u00a0\u00bball\u00a0\u00bb background_color_opacity=\u00a0\u00bb1&Prime; width=\u00a0\u00bb1\/6&Prime; column_border_width=\u00a0\u00bbnone\u00a0\u00bb column_border_style=\u00a0\u00bbsolid\u00a0\u00bb][\/vc_column_inner][vc_column_inner column_padding=\u00a0\u00bbpadding-2-percent\u00a0\u00bb column_padding_position=\u00a0\u00bbleft-right\u00a0\u00bb centered_text=\u00a0\u00bbtrue\u00a0\u00bb background_color_opacity=\u00a0\u00bb1&Prime; width=\u00a0\u00bb2\/3&Prime; column_border_width=\u00a0\u00bbnone\u00a0\u00bb column_border_style=\u00a0\u00bbsolid\u00a0\u00bb][vc_custom_heading text=\u00a0\u00bbDevenez un distributeur Erreelle\u00a0\u00bb font_container=\u00a0\u00bbtag:h2|font_size:52|text_align:center|line_height:52px\u00a0\u00bb use_theme_fonts=\u00a0\u00bbyes\u00a0\u00bb css_animation=\u00a0\u00bbfadeInUp\u00a0\u00bb][divider line_type=\u00a0\u00bbNo Line\u00a0\u00bb custom_height=\u00a0\u00bb5&Prime;][vc_custom_heading text=\u00a0\u00bbLancer un partenariat avec Erreelle est un bon choix \u00e0 bien des \u00e9gards.Parce qu&rsquo;il offre la possibilit\u00e9 de d\u00e9velopper une nouvelle entreprise, en fournissant un service suppl\u00e9mentaire et un type de produits exclusifs pour la r\u00e9gion. Vous aurez le soutien direct d&rsquo;un technicien sp\u00e9cialis\u00e9 et une formation pr\u00e9cise pour les employ\u00e9s et les concessionnaires.\u00a0\u00bb font_container=\u00a0\u00bbtag:p|text_align:center|color:rgba(255%2C255%2C255%2C0.7)\u00a0\u00bb use_theme_fonts=\u00a0\u00bbyes\u00a0\u00bb css_animation=\u00a0\u00bbfadeInUp\u00a0\u00bb css=\u00a0\u00bb.vc_custom_1513939177330{margin-top: 10px !important;margin-bottom: 10px !important;}\u00a0\u00bb][nectar_btn size=\u00a0\u00bblarge\u00a0\u00bb button_style=\u00a0\u00bbregular\u00a0\u00bb button_color_2=\u00a0\u00bbAccent-Color\u00a0\u00bb icon_family=\u00a0\u00bbdefault_arrow\u00a0\u00bb url=\u00a0\u00bbhttp:\/\/www.erreelleitalia.com\/diventa-distrubutore\/\u00a0\u00bb text=\u00a0\u00bbEn savoir plus\u00a0\u00bb css_animation=\u00a0\u00bbzoomIn\u00a0\u00bb margin_top=\u00a0\u00bb10&Prime;][\/vc_column_inner][vc_column_inner column_padding=\u00a0\u00bbno-extra-padding\u00a0\u00bb column_padding_position=\u00a0\u00bball\u00a0\u00bb background_color_opacity=\u00a0\u00bb1&Prime; width=\u00a0\u00bb1\/6&Prime; column_border_width=\u00a0\u00bbnone\u00a0\u00bb column_border_style=\u00a0\u00bbsolid\u00a0\u00bb][\/vc_column_inner][\/vc_row_inner][\/vc_column][\/vc_row]\n","protected":false},"excerpt":{"rendered":"<p>[vc_row type=\u00a0\u00bbfull_width_background\u00a0\u00bb full_screen_row_position=\u00a0\u00bbmiddle\u00a0\u00bb bg_image=\u00a0\u00bb8294&Prime; bg_position=\u00a0\u00bbcenter center\u00a0\u00bb bg_repeat=\u00a0\u00bbno-repeat\u00a0\u00bb parallax_bg=\u00a0\u00bbtrue\u00a0\u00bb parallax_bg_speed=\u00a0\u00bbfixed\u00a0\u00bb bg_color=\u00a0\u00bb#e5097f\u00a0\u00bb scene_position=\u00a0\u00bbcenter\u00a0\u00bb video_bg=\u00a0\u00bbuse_video\u00a0\u00bb video_mute=\u00a0\u00bbtrue\u00a0\u00bb text_color=\u00a0\u00bbdark\u00a0\u00bb text_align=\u00a0\u00bbleft\u00a0\u00bb&#8230;<\/p>\n","protected":false},"author":1,"featured_media":0,"parent":10670,"menu_order":0,"comment_status":"closed","ping_status":"closed","template":"","meta":[],"_links":{"self":[{"href":"https:\/\/www.erreelleitalia.com\/fr\/wp-json\/wp\/v2\/pages\/10650"}],"collection":[{"href":"https:\/\/www.erreelleitalia.com\/fr\/wp-json\/wp\/v2\/pages"}],"about":[{"href":"https:\/\/www.erreelleitalia.com\/fr\/wp-json\/wp\/v2\/types\/page"}],"author":[{"embeddable":true,"href":"https:\/\/www.erreelleitalia.com\/fr\/wp-json\/wp\/v2\/users\/1"}],"replies":[{"embeddable":true,"href":"https:\/\/www.erreelleitalia.com\/fr\/wp-json\/wp\/v2\/comments?post=10650"}],"version-history":[{"count":0,"href":"https:\/\/www.erreelleitalia.com\/fr\/wp-json\/wp\/v2\/pages\/10650\/revisions"}],"up":[{"embeddable":true,"href":"https:\/\/www.erreelleitalia.com\/fr\/wp-json\/wp\/v2\/pages\/10670"}],"wp:attachment":[{"href":"https:\/\/www.erreelleitalia.com\/fr\/wp-json\/wp\/v2\/media?parent=10650"}],"curies":[{"name":"wp","href":"https:\/\/api.w.org\/{rel}","templated":true}]}}