{"id":10622,"date":"2017-10-12T21:16:44","date_gmt":"2017-10-12T21:16:44","guid":{"rendered":"http:\/\/www.erreelleitalia.com\/glamour-hair-mask-botox\/glamour-maschera-botox-color-defence\/"},"modified":"2019-11-21T11:03:18","modified_gmt":"2019-11-21T11:03:18","slug":"glamour-maschera-botox-color-defence","status":"publish","type":"page","link":"https:\/\/www.erreelleitalia.com\/fr\/brands\/glamour\/glamour-hair-mask-botox\/glamour-maschera-botox-color-defence\/","title":{"rendered":"Glamour Maschera Botox Color Defence"},"content":{"rendered":"[vc_row type=\u00a0\u00bbfull_width_background\u00a0\u00bb full_screen_row_position=\u00a0\u00bbmiddle\u00a0\u00bb equal_height=\u00a0\u00bbyes\u00a0\u00bb content_placement=\u00a0\u00bbmiddle\u00a0\u00bb bg_color=\u00a0\u00bb#c04b5e\u00a0\u00bb scene_position=\u00a0\u00bbcenter\u00a0\u00bb text_color=\u00a0\u00bblight\u00a0\u00bb text_align=\u00a0\u00bbleft\u00a0\u00bb top_padding=\u00a0\u00bb7%\u00a0\u00bb bottom_padding=\u00a0\u00bb7%\u00a0\u00bb overlay_strength=\u00a0\u00bb0.3&Prime; shape_divider_position=\u00a0\u00bbbottom\u00a0\u00bb bg_image_animation=\u00a0\u00bbnone\u00a0\u00bb][vc_column column_padding=\u00a0\u00bbno-extra-padding\u00a0\u00bb column_padding_position=\u00a0\u00bball\u00a0\u00bb background_color_opacity=\u00a0\u00bb1&Prime; background_hover_color_opacity=\u00a0\u00bb1&Prime; column_link_target=\u00a0\u00bb_self\u00a0\u00bb column_shadow=\u00a0\u00bbnone\u00a0\u00bb column_border_radius=\u00a0\u00bbnone\u00a0\u00bb width=\u00a0\u00bb1\/2&Prime; tablet_width_inherit=\u00a0\u00bbdefault\u00a0\u00bb tablet_text_alignment=\u00a0\u00bbdefault\u00a0\u00bb phone_text_alignment=\u00a0\u00bbdefault\u00a0\u00bb column_border_width=\u00a0\u00bbnone\u00a0\u00bb column_border_style=\u00a0\u00bbsolid\u00a0\u00bb bg_image_animation=\u00a0\u00bbnone\u00a0\u00bb][image_with_animation image_url=\u00a0\u00bb16623&Prime; alignment=\u00a0\u00bb\u00a0\u00bb animation=\u00a0\u00bbFade In\u00a0\u00bb border_radius=\u00a0\u00bbnone\u00a0\u00bb box_shadow=\u00a0\u00bbx_large_depth\u00a0\u00bb max_width=\u00a0\u00bb100%\u00a0\u00bb][\/vc_column][vc_column column_padding=\u00a0\u00bbpadding-6-percent\u00a0\u00bb column_padding_position=\u00a0\u00bball\u00a0\u00bb background_color_opacity=\u00a0\u00bb1&Prime; background_hover_color_opacity=\u00a0\u00bb1&Prime; column_link_target=\u00a0\u00bb_self\u00a0\u00bb column_shadow=\u00a0\u00bbnone\u00a0\u00bb column_border_radius=\u00a0\u00bbnone\u00a0\u00bb width=\u00a0\u00bb1\/2&Prime; tablet_width_inherit=\u00a0\u00bbdefault\u00a0\u00bb tablet_text_alignment=\u00a0\u00bbdefault\u00a0\u00bb phone_text_alignment=\u00a0\u00bbdefault\u00a0\u00bb column_border_width=\u00a0\u00bbnone\u00a0\u00bb column_border_style=\u00a0\u00bbsolid\u00a0\u00bb bg_image_animation=\u00a0\u00bbnone\u00a0\u00bb][vc_custom_heading text=\u00a0\u00bbGlamour\u00a0\u00bb font_container=\u00a0\u00bbtag:h5|text_align:left|color:rgba(255%2C255%2C255%2C0.6)\u00a0\u00bb use_theme_fonts=\u00a0\u00bbyes\u00a0\u00bb css=\u00a0\u00bb.vc_custom_1507842441019{margin-bottom: 10px !important;}\u00a0\u00bb][vc_custom_heading text=\u00a0\u00bbMasque Botox Color Defence\u00a0\u00bb font_container=\u00a0\u00bbtag:h2|font_size:40|text_align:left|line_height:50px\u00a0\u00bb use_theme_fonts=\u00a0\u00bbyes\u00a0\u00bb][vc_column_text css=\u00a0\u00bb.vc_custom_1513870619380{margin-top: 30px !important;margin-bottom: 30px !important;}\u00a0\u00bb]\n<div id=\"gt-langs\">\n<div id=\"gt-lang-right\" class=\"goog-inline-block\">\n<div id=\"gt-lang-submit\"><span class=\"\">Masque pour les cheveux color\u00e9s ou avec m\u00e8ches.<\/span>\u00a0<span class=\"\">Il d\u00e9m\u00eale, hydrate et donne une brillance imm\u00e9diate aux cheveux.<\/span>\u00a0<span class=\"\">Il prot\u00e8ge la fibre capillaire contre les agressions ext\u00e9rieures et prolonge la dur\u00e9e de la couleur.<\/span><\/div>\n<\/div>\n<\/div>\n[\/vc_column_text][vc_custom_heading text=\u00a0\u00bbFormat\u00a0\u00bb font_container=\u00a0\u00bbtag:h5|text_align:left|color:rgba(255%2C255%2C255%2C0.6)\u00a0\u00bb use_theme_fonts=\u00a0\u00bbyes\u00a0\u00bb css=\u00a0\u00bb.vc_custom_1513870707914{margin-bottom: 10px !important;}\u00a0\u00bb][vc_column_text]\n<ul>\n<li>Pot de 500 ml<\/li>\n<li>Pot de 1000 ml<\/li>\n<\/ul>\n[\/vc_column_text][divider line_type=\u00a0\u00bbNo Line\u00a0\u00bb custom_height=\u00a0\u00bb30&Prime;][vc_custom_heading text=\u00a0\u00bbMode d&#8217;emploi\u00a0\u00bb font_container=\u00a0\u00bbtag:h5|text_align:left|color:rgba(255%2C255%2C255%2C0.6)\u00a0\u00bb use_theme_fonts=\u00a0\u00bbyes\u00a0\u00bb css=\u00a0\u00bb.vc_custom_1513870723496{margin-bottom: 10px !important;}\u00a0\u00bb][vc_column_text]\n<div id=\"gt-src-c\" class=\"g-unit\">\n<div class=\"\"><span class=\"\">Apr\u00e8s le shampooing, enlever l&rsquo;exc\u00e8s d&rsquo;eau et appliquer sur les cheveux.<\/span>\u00a0<span class=\"\">Laisser agir 3-5 minutes et rincer.<\/span><\/div>\n<\/div>\n[\/vc_column_text][divider line_type=\u00a0\u00bbNo Line\u00a0\u00bb custom_height=\u00a0\u00bb50&Prime;][social_buttons full_width_icons=\u00a0\u00bbtrue\u00a0\u00bb nectar_love=\u00a0\u00bbtrue\u00a0\u00bb facebook=\u00a0\u00bbtrue\u00a0\u00bb google_plus=\u00a0\u00bbtrue\u00a0\u00bb linkedin=\u00a0\u00bbtrue\u00a0\u00bb][\/vc_column][\/vc_row]\n","protected":false},"excerpt":{"rendered":"<p>[vc_row type=\u00a0\u00bbfull_width_background\u00a0\u00bb full_screen_row_position=\u00a0\u00bbmiddle\u00a0\u00bb equal_height=\u00a0\u00bbyes\u00a0\u00bb content_placement=\u00a0\u00bbmiddle\u00a0\u00bb bg_color=\u00a0\u00bb#c04b5e\u00a0\u00bb scene_position=\u00a0\u00bbcenter\u00a0\u00bb text_color=\u00a0\u00bblight\u00a0\u00bb text_align=\u00a0\u00bbleft\u00a0\u00bb top_padding=\u00a0\u00bb7%\u00a0\u00bb bottom_padding=\u00a0\u00bb7%\u00a0\u00bb overlay_strength=\u00a0\u00bb0.3&Prime; shape_divider_position=\u00a0\u00bbbottom\u00a0\u00bb bg_image_animation=\u00a0\u00bbnone\u00a0\u00bb][vc_column column_padding=\u00a0\u00bbno-extra-padding\u00a0\u00bb&#8230;<\/p>\n","protected":false},"author":1,"featured_media":0,"parent":8049,"menu_order":0,"comment_status":"closed","ping_status":"closed","template":"","meta":[],"_links":{"self":[{"href":"https:\/\/www.erreelleitalia.com\/fr\/wp-json\/wp\/v2\/pages\/10622"}],"collection":[{"href":"https:\/\/www.erreelleitalia.com\/fr\/wp-json\/wp\/v2\/pages"}],"about":[{"href":"https:\/\/www.erreelleitalia.com\/fr\/wp-json\/wp\/v2\/types\/page"}],"author":[{"embeddable":true,"href":"https:\/\/www.erreelleitalia.com\/fr\/wp-json\/wp\/v2\/users\/1"}],"replies":[{"embeddable":true,"href":"https:\/\/www.erreelleitalia.com\/fr\/wp-json\/wp\/v2\/comments?post=10622"}],"version-history":[{"count":0,"href":"https:\/\/www.erreelleitalia.com\/fr\/wp-json\/wp\/v2\/pages\/10622\/revisions"}],"up":[{"embeddable":true,"href":"https:\/\/www.erreelleitalia.com\/fr\/wp-json\/wp\/v2\/pages\/8049"}],"wp:attachment":[{"href":"https:\/\/www.erreelleitalia.com\/fr\/wp-json\/wp\/v2\/media?parent=10622"}],"curies":[{"name":"wp","href":"https:\/\/api.w.org\/{rel}","templated":true}]}}