{"id":10563,"date":"2017-10-17T10:29:09","date_gmt":"2017-10-17T10:29:09","guid":{"rendered":"http:\/\/www.erreelleitalia.com\/glamour-hair-shampoo-botox\/hair-shampoo-botox-curl-absolute\/"},"modified":"2019-11-21T09:58:39","modified_gmt":"2019-11-21T09:58:39","slug":"hair-shampoo-botox-curl-absolute","status":"publish","type":"page","link":"https:\/\/www.erreelleitalia.com\/fr\/hair-shampoo-botox-curl-absolute\/","title":{"rendered":"Hair Shampoo Botox Curl Absolute"},"content":{"rendered":"[vc_row type=\u00a0\u00bbfull_width_background\u00a0\u00bb full_screen_row_position=\u00a0\u00bbmiddle\u00a0\u00bb equal_height=\u00a0\u00bbyes\u00a0\u00bb content_placement=\u00a0\u00bbmiddle\u00a0\u00bb bg_color=\u00a0\u00bb#d56288&Prime; scene_position=\u00a0\u00bbcenter\u00a0\u00bb text_color=\u00a0\u00bblight\u00a0\u00bb text_align=\u00a0\u00bbleft\u00a0\u00bb top_padding=\u00a0\u00bb7%\u00a0\u00bb bottom_padding=\u00a0\u00bb7%\u00a0\u00bb overlay_strength=\u00a0\u00bb0.3&Prime; shape_divider_position=\u00a0\u00bbbottom\u00a0\u00bb bg_image_animation=\u00a0\u00bbnone\u00a0\u00bb][vc_column column_padding=\u00a0\u00bbno-extra-padding\u00a0\u00bb column_padding_position=\u00a0\u00bball\u00a0\u00bb background_color_opacity=\u00a0\u00bb1&Prime; background_hover_color_opacity=\u00a0\u00bb1&Prime; column_link_target=\u00a0\u00bb_self\u00a0\u00bb column_shadow=\u00a0\u00bbnone\u00a0\u00bb column_border_radius=\u00a0\u00bbnone\u00a0\u00bb width=\u00a0\u00bb1\/2&Prime; tablet_width_inherit=\u00a0\u00bbdefault\u00a0\u00bb tablet_text_alignment=\u00a0\u00bbdefault\u00a0\u00bb phone_text_alignment=\u00a0\u00bbdefault\u00a0\u00bb column_border_width=\u00a0\u00bbnone\u00a0\u00bb column_border_style=\u00a0\u00bbsolid\u00a0\u00bb bg_image_animation=\u00a0\u00bbnone\u00a0\u00bb][image_with_animation image_url=\u00a0\u00bb16583&Prime; alignment=\u00a0\u00bb\u00a0\u00bb animation=\u00a0\u00bbFade In\u00a0\u00bb border_radius=\u00a0\u00bbnone\u00a0\u00bb box_shadow=\u00a0\u00bbx_large_depth\u00a0\u00bb max_width=\u00a0\u00bb100%\u00a0\u00bb][\/vc_column][vc_column column_padding=\u00a0\u00bbpadding-6-percent\u00a0\u00bb column_padding_position=\u00a0\u00bball\u00a0\u00bb background_color_opacity=\u00a0\u00bb1&Prime; background_hover_color_opacity=\u00a0\u00bb1&Prime; column_link_target=\u00a0\u00bb_self\u00a0\u00bb column_shadow=\u00a0\u00bbnone\u00a0\u00bb column_border_radius=\u00a0\u00bbnone\u00a0\u00bb width=\u00a0\u00bb1\/2&Prime; tablet_width_inherit=\u00a0\u00bbdefault\u00a0\u00bb tablet_text_alignment=\u00a0\u00bbdefault\u00a0\u00bb phone_text_alignment=\u00a0\u00bbdefault\u00a0\u00bb column_border_width=\u00a0\u00bbnone\u00a0\u00bb column_border_style=\u00a0\u00bbsolid\u00a0\u00bb bg_image_animation=\u00a0\u00bbnone\u00a0\u00bb][vc_custom_heading text=\u00a0\u00bbGlamour\u00a0\u00bb font_container=\u00a0\u00bbtag:h5|text_align:left|color:rgba(255%2C255%2C255%2C0.6)\u00a0\u00bb use_theme_fonts=\u00a0\u00bbyes\u00a0\u00bb css=\u00a0\u00bb.vc_custom_1507842441019{margin-bottom: 10px !important;}\u00a0\u00bb][vc_custom_heading text=\u00a0\u00bbHair Shampoo Botox Curl Absolute\u00a0\u00bb font_container=\u00a0\u00bbtag:h2|font_size:40|text_align:left|line_height:50px\u00a0\u00bb use_theme_fonts=\u00a0\u00bbyes\u00a0\u00bb][vc_column_text css=\u00a0\u00bb.vc_custom_1512581638684{margin-top: 30px !important;margin-bottom: 30px !important;}\u00a0\u00bb]Shampoing pour les cheveux boucl\u00e9s ou ondul\u00e9s. \u00c9limine le look fris\u00e9, hydrate et prt\u00e8ge les cheveux par l&rsquo;humidit\u00e9.Les boucl\u00e9s sont doux, souples et bien d\u00e9fini.[\/vc_column_text][vc_custom_heading text=\u00a0\u00bbFormat\u00a0\u00bb font_container=\u00a0\u00bbtag:h5|text_align:left|color:rgba(255%2C255%2C255%2C0.6)\u00a0\u00bb use_theme_fonts=\u00a0\u00bbyes\u00a0\u00bb css=\u00a0\u00bb.vc_custom_1512581340480{margin-bottom: 10px !important;}\u00a0\u00bb][vc_column_text]\n<ul>\n<li>Bouteille de 500 ml<\/li>\n<li>Bouteille de 1000 ml<\/li>\n<\/ul>\n[\/vc_column_text][divider line_type=\u00a0\u00bbNo Line\u00a0\u00bb custom_height=\u00a0\u00bb50&Prime;][vc_custom_heading text=\u00a0\u00bbMode d&#8217;emploi\u00a0\u00bb font_container=\u00a0\u00bbtag:h5|text_align:left|color:rgba(255%2C255%2C255%2C0.6)\u00a0\u00bb use_theme_fonts=\u00a0\u00bbyes\u00a0\u00bb css=\u00a0\u00bb.vc_custom_1512581306663{margin-bottom: 10px !important;}\u00a0\u00bb][vc_column_text]Distribuer uniform\u00e9ment sur les cheveux mouill\u00e9s. Frictionner soigneusement et rinser. En cas de contact oculaire, rinser imm\u00e9diatement.[\/vc_column_text][divider line_type=\u00a0\u00bbNo Line\u00a0\u00bb custom_height=\u00a0\u00bb50&Prime;][social_buttons full_width_icons=\u00a0\u00bbtrue\u00a0\u00bb nectar_love=\u00a0\u00bbtrue\u00a0\u00bb facebook=\u00a0\u00bbtrue\u00a0\u00bb google_plus=\u00a0\u00bbtrue\u00a0\u00bb linkedin=\u00a0\u00bbtrue\u00a0\u00bb][\/vc_column][\/vc_row]\n","protected":false},"excerpt":{"rendered":"<p>[vc_row type=\u00a0\u00bbfull_width_background\u00a0\u00bb full_screen_row_position=\u00a0\u00bbmiddle\u00a0\u00bb equal_height=\u00a0\u00bbyes\u00a0\u00bb content_placement=\u00a0\u00bbmiddle\u00a0\u00bb bg_color=\u00a0\u00bb#d56288&Prime; scene_position=\u00a0\u00bbcenter\u00a0\u00bb text_color=\u00a0\u00bblight\u00a0\u00bb text_align=\u00a0\u00bbleft\u00a0\u00bb top_padding=\u00a0\u00bb7%\u00a0\u00bb bottom_padding=\u00a0\u00bb7%\u00a0\u00bb overlay_strength=\u00a0\u00bb0.3&Prime; shape_divider_position=\u00a0\u00bbbottom\u00a0\u00bb bg_image_animation=\u00a0\u00bbnone\u00a0\u00bb][vc_column column_padding=\u00a0\u00bbno-extra-padding\u00a0\u00bb&#8230;<\/p>\n","protected":false},"author":1,"featured_media":0,"parent":0,"menu_order":0,"comment_status":"closed","ping_status":"closed","template":"","meta":[],"_links":{"self":[{"href":"https:\/\/www.erreelleitalia.com\/fr\/wp-json\/wp\/v2\/pages\/10563"}],"collection":[{"href":"https:\/\/www.erreelleitalia.com\/fr\/wp-json\/wp\/v2\/pages"}],"about":[{"href":"https:\/\/www.erreelleitalia.com\/fr\/wp-json\/wp\/v2\/types\/page"}],"author":[{"embeddable":true,"href":"https:\/\/www.erreelleitalia.com\/fr\/wp-json\/wp\/v2\/users\/1"}],"replies":[{"embeddable":true,"href":"https:\/\/www.erreelleitalia.com\/fr\/wp-json\/wp\/v2\/comments?post=10563"}],"version-history":[{"count":0,"href":"https:\/\/www.erreelleitalia.com\/fr\/wp-json\/wp\/v2\/pages\/10563\/revisions"}],"wp:attachment":[{"href":"https:\/\/www.erreelleitalia.com\/fr\/wp-json\/wp\/v2\/media?parent=10563"}],"curies":[{"name":"wp","href":"https:\/\/api.w.org\/{rel}","templated":true}]}}