{"id":9616,"date":"2017-10-12T10:43:18","date_gmt":"2017-10-12T10:43:18","guid":{"rendered":"http:\/\/www.erreelleitalia.com\/?page_id=9616"},"modified":"2018-03-13T18:41:25","modified_gmt":"2018-03-13T18:41:25","slug":"cookie-policy","status":"publish","type":"page","link":"https:\/\/www.erreelleitalia.com\/es\/cookie-policy\/","title":{"rendered":"Cookie Policy"},"content":{"rendered":"[vc_row type=\u00bbin_container\u00bb full_screen_row_position=\u00bbmiddle\u00bb scene_position=\u00bbcenter\u00bb text_color=\u00bbdark\u00bb text_align=\u00bbleft\u00bb top_padding=\u00bb40&#8243; bottom_padding=\u00bb40&#8243; overlay_strength=\u00bb0.3&#8243;][vc_column column_padding=\u00bbno-extra-padding\u00bb column_padding_position=\u00bball\u00bb background_color_opacity=\u00bb1&#8243; background_hover_color_opacity=\u00bb1&#8243; column_shadow=\u00bbnone\u00bb width=\u00bb1\/1&#8243; tablet_text_alignment=\u00bbdefault\u00bb phone_text_alignment=\u00bbdefault\u00bb column_border_width=\u00bbnone\u00bb column_border_style=\u00bbsolid\u00bb][vc_column_text]<strong>Cookie Policy<\/strong><\/p>\n<p>Esta Pol\u00edtica de Cookies integra y completa la Declaraci\u00f3n de Privacidad.<\/p>\n<p>Al vincular al sitio por primera vez, el usuario ver\u00e1 un breve resumen del uso de cookies. Cerrando esta informaci\u00f3n utilizando el bot\u00f3n apropiado o haciendo clic fuera de la pancarta que contiene y continuando en la navegaci\u00f3n en el Sitio, usted acepta el uso de cookies de terceros, tal como se describe en esta Pol\u00edtica de Cookies.<\/p>\n<p><strong>Que son las cookies<\/strong><br \/>\nUna cookie es un peque\u00f1o archivo de texto que se env\u00eda al navegador y se guarda en la terminal del usuario cuando el usuario visita un sitio de Internet. Las cookies se pueden utilizar para diferentes prop\u00f3sitos (autenticaci\u00f3n de equipos, supervisi\u00f3n de la sesi\u00f3n, el almacenamiento de informaci\u00f3n sobre las configuraciones espec\u00edficas acerca de los usuarios que acceden al servidor, el almacenamiento de preferencias, etc.).<\/p>\n<p><strong>El tipo de cookies utilizado por el Sitio<\/strong><br \/>\nEl sitio utiliza las siguientes cookies t\u00e9cnicas:<\/p>\n<p>Galletas de navegaci\u00f3n: Estas cookies permiten que el sitio funcione correctamente y le permite ver los contenidos del Sitio Web, y su eventual desactivaci\u00f3n implica a un mal funcionamiento del sitio Estas cookies no se almacenan de forma permanente en el ordenador del usuario y desaparecen con el cierre de. navegador;<br \/>\nAnal\u00edtica: El sitio utiliza cookies de Google Analytics servicio prestado por Google, Inc., con el fin de desarrollar un an\u00e1lisis estad\u00edstico sobre el modo de navegaci\u00f3n de los usuarios en el sitio de las direcciones IP de los usuarios son an\u00f3nimos antes de ser rescatado por el servicio de Google Analytics;.<br \/>\ncookie t\u00e9cnica necesaria para realizar un seguimiento del consentimiento del usuario.<br \/>\nAdem\u00e1s, el Sitio utiliza cookies de la plataforma social (como Facebook, LinkedIn y Twitter) administradas por terceros involucrados. Dichas cookies son necesarias para permitir que una cuenta social interact\u00fae con nuestro sitio, nos permiten expresar nuestro agradecimiento y compartirlo con nuestros amigos. Las cookies de las plataformas sociales no son necesarias para la navegaci\u00f3n.<\/p>\n<p>Obtenga m\u00e1s informaci\u00f3n sobre las cookies de la plataforma social que se utilizan, su informaci\u00f3n de privacidad y c\u00f3mo desactivarlas:<\/p>\n<table style=\"height: 185px;\" width=\"1375\">\n<tbody>\n<tr>\n<td width=\"77\"><strong>Titular<\/strong><\/td>\n<td width=\"251\"><strong>Informe<\/strong><\/td>\n<td width=\"285\"><strong>Desactivaci\u00f3n<\/strong><\/td>\n<\/tr>\n<tr>\n<td width=\"77\">Facebook<\/td>\n<td width=\"251\"><a href=\"https:\/\/www.facebook.com\/about\/privacy\">www.facebook.com\/about\/privacy<\/a><\/td>\n<td width=\"285\"><a href=\"http:\/\/www.ghostery.com\/it\/apps\/facebook_connect\">www.ghostery.com\/it\/apps\/facebook_connect<\/a><\/td>\n<\/tr>\n<tr>\n<td width=\"77\">LinkedIn<\/td>\n<td width=\"251\"><a href=\"https:\/\/www.linkedin.com\/legal\/cookie-policy\">www.linkedin.com\/legal\/cookie-policy<\/a><\/td>\n<td width=\"285\"><a href=\"https:\/\/www.linkedin.com\/legal\/cookie-policy\">www.linkedin.com\/legal\/cookie-policy<\/a><\/td>\n<\/tr>\n<tr>\n<td width=\"77\">Twitter<\/td>\n<td width=\"251\"><a href=\"https:\/\/twitter.com\/privacy?lang=it\">https:\/\/twitter.com\/privacy?lang=it<\/a><\/td>\n<td width=\"285\"><a href=\"https:\/\/support.twitter.com\/articles\/20170519-uso-dei-cookie-e-di-altre-tecnologie-simili-da-parte-di-twitter\">https:\/\/support.twitter.com\/articles\/20170519-uso-dei-cookie-e-di-altre-tecnologie-simili-da-parte-di-twitter#<\/a><\/td>\n<\/tr>\n<\/tbody>\n<\/table>\n<p>&nbsp;<\/p>\n<p>El sitio no usa cookies de perfil.<\/p>\n<p><strong>Administrar cookies a trav\u00e9s de la configuraci\u00f3n de su navegador<\/strong><br \/>\nCasi todos los navegadores de Internet le permiten verificar qu\u00e9 cookies est\u00e1n presentes en su disco duro, bloquear todas las cookies o recibir una advertencia cada vez que se instala una cookie. Sin embargo, en algunos casos, la falla al instalar una cookie puede resultar en la incapacidad de usar algunas partes del sitio.[\/vc_column_text][\/vc_column][\/vc_row]\n","protected":false},"excerpt":{"rendered":"<p>[vc_row type=\u00bbin_container\u00bb full_screen_row_position=\u00bbmiddle\u00bb scene_position=\u00bbcenter\u00bb text_color=\u00bbdark\u00bb text_align=\u00bbleft\u00bb top_padding=\u00bb40&#8243; bottom_padding=\u00bb40&#8243; overlay_strength=\u00bb0.3&#8243;][vc_column column_padding=\u00bbno-extra-padding\u00bb column_padding_position=\u00bball\u00bb background_color_opacity=\u00bb1&#8243; background_hover_color_opacity=\u00bb1&#8243; column_shadow=\u00bbnone\u00bb width=\u00bb1\/1&#8243;&#8230;<\/p>\n","protected":false},"author":1,"featured_media":0,"parent":0,"menu_order":0,"comment_status":"closed","ping_status":"closed","template":"","meta":[],"_links":{"self":[{"href":"https:\/\/www.erreelleitalia.com\/es\/wp-json\/wp\/v2\/pages\/9616"}],"collection":[{"href":"https:\/\/www.erreelleitalia.com\/es\/wp-json\/wp\/v2\/pages"}],"about":[{"href":"https:\/\/www.erreelleitalia.com\/es\/wp-json\/wp\/v2\/types\/page"}],"author":[{"embeddable":true,"href":"https:\/\/www.erreelleitalia.com\/es\/wp-json\/wp\/v2\/users\/1"}],"replies":[{"embeddable":true,"href":"https:\/\/www.erreelleitalia.com\/es\/wp-json\/wp\/v2\/comments?post=9616"}],"version-history":[{"count":0,"href":"https:\/\/www.erreelleitalia.com\/es\/wp-json\/wp\/v2\/pages\/9616\/revisions"}],"wp:attachment":[{"href":"https:\/\/www.erreelleitalia.com\/es\/wp-json\/wp\/v2\/media?parent=9616"}],"curies":[{"name":"wp","href":"https:\/\/api.w.org\/{rel}","templated":true}]}}