{"id":9612,"date":"2017-10-24T15:29:34","date_gmt":"2017-10-24T15:29:34","guid":{"rendered":"http:\/\/www.erreelleitalia.com\/?page_id=9612"},"modified":"2017-10-31T15:48:09","modified_gmt":"2017-10-31T15:48:09","slug":"politica-de-privacidad","status":"publish","type":"page","link":"https:\/\/www.erreelleitalia.com\/es\/politica-de-privacidad\/","title":{"rendered":"Pol\u00edtica de Privacidad"},"content":{"rendered":"[vc_row type=\u00bbin_container\u00bb full_screen_row_position=\u00bbmiddle\u00bb scene_position=\u00bbcenter\u00bb text_color=\u00bbdark\u00bb text_align=\u00bbleft\u00bb overlay_strength=\u00bb0.3&#8243;][vc_column column_padding=\u00bbno-extra-padding\u00bb column_padding_position=\u00bball\u00bb background_color_opacity=\u00bb1&#8243; background_hover_color_opacity=\u00bb1&#8243; column_shadow=\u00bbnone\u00bb width=\u00bb1\/1&#8243; tablet_text_alignment=\u00bbdefault\u00bb phone_text_alignment=\u00bbdefault\u00bb column_border_width=\u00bbnone\u00bb column_border_style=\u00bbsolid\u00bb][vc_column_text]\n<p>ERREELLE ITALIA SRL &#8211; Via Volsinio n. 28<br \/>\n00199 &#8211; ROMA &#8211; ITALIA &#8211; P.IVA 12594031002<\/p>\n<p><strong>LA POL\u00cdTICA DE PRIVACIDAD DE ESTE SITIO<\/strong><br \/>\nEsta secci\u00f3n describe c\u00f3mo administrar el sitio en relaci\u00f3n con el procesamiento de la informaci\u00f3n personal de los usuarios que lo consultan.<br \/>\nEsta es una informaci\u00f3n que tambi\u00e9n se realiza de conformidad con el art. 13 del Decreto Legislativo n. 196\/2003 &#8211; C\u00f3digo de protecci\u00f3n de datos personales para quienes interact\u00faan con los servicios web de ERREELLE ITALIA SRL, accesibles por telemercadeo en: https:\/\/www.erreelleitalia.com<\/p>\n<p>Esta informaci\u00f3n est\u00e1 hecha solo para el sitio de ERREELLE ITALIA SRL y no para otros sitios web que pueden ser consultados por el usuario a trav\u00e9s de enlaces.<br \/>\nLa informaci\u00f3n se basa en la Recomendaci\u00f3n no. 2\/2001 que las Autoridades Europeas de Protecci\u00f3n de Datos, reunidas en el Grupo establecido por el art. Art\u00edculo 29 de la Directiva 95\/46 \/ CE, adoptada el 17 de mayo de 2001 para establecer requisitos m\u00ednimos para la recogida de datos en l\u00ednea personales y, en particular, la forma, el momento y la naturaleza de la informaci\u00f3n que debe proporcionar los controladores de datos usuarios cuando se conectan a p\u00e1ginas web, independientemente de los prop\u00f3sitos del enlace.<\/p>\n<p><strong>EL T\u00cdTULO DEL TRATAMIENTO<\/strong><br \/>\nTras la consulta de este sitio, se pueden procesar los datos relacionados con personas identificadas o identificables.<br \/>\nEl titular del tratamiento es ERREELLE ITALIA SRL, con sede en Via Volsinio n. 28 &#8211; 00199 &#8211; ROMA.<br \/>\nTratamiento relacionado con los servicios web de este sitio se lleva a cabo en las oficinas del responsable del tratamiento, en las oficinas identificadas por el operador del sitio de Internet y s\u00f3lo son manejados por personal de procesamiento, u otros encargado de las operaciones de mantenimiento ocasionales.<\/p>\n<p>No se comunican ni difunden datos derivados del servicio web. La informaci\u00f3n personal proporcionada por los usuarios que env\u00edan solicitudes de materiales en relaci\u00f3n con el servicio solicitado (o incluso informativo) s\u00f3lo se utilizan para llevar a cabo el servicio solicitado y se comunican a terceros s\u00f3lo si es necesario y, si procede y funcional para la finalizaci\u00f3n del servicio que requerimos.<\/p>\n<p><strong>TIPOS DE DATOS TRATADOS<\/strong><\/p>\n<p><strong>DATOS DE NAVEGACI\u00d3N<\/strong><br \/>\nLos sistemas inform\u00e1ticos y los procedimientos de software para la operaci\u00f3n de este sitio web adquieren, durante su funcionamiento normal, ciertos datos personales cuya transmisi\u00f3n est\u00e1 impl\u00edcita en el uso de los protocolos de comunicaci\u00f3n de Internet.<br \/>\nSe trata de informaci\u00f3n que no se recopila para ser asociada con personas identificadas, pero que por su propia naturaleza podr\u00eda, a trav\u00e9s de elaboraciones y asociaciones con datos en poder de terceros, permitir a los usuarios identificar.<br \/>\nEn esta categor\u00eda de datos incluye las direcciones IP o los nombres de dominio de los ordenadores utilizados por los usuarios que se conectan al sitio, URI (Uniform Resource Identifier) \u200b\u200bde los recursos solicitados, momento de la solicitud, el m\u00e9todo utilizado para presentar la solicitud al servidor, el tama\u00f1o del archivo obtenido en respuesta, el c\u00f3digo num\u00e9rico que indica el estado de respuesta del servidor (buen fin, error, etc ..) y otros par\u00e1metros relativos al sistema operativo y el entorno inform\u00e1tico.<br \/>\nEsta informaci\u00f3n se usa solo con el prop\u00f3sito de obtener informaci\u00f3n estad\u00edstica an\u00f3nima sobre el uso del sitio y para verificar su correcto funcionamiento y se elimina inmediatamente despu\u00e9s del procesamiento. Los datos podr\u00edan ser utilizados para determinar la responsabilidad en caso de hipot\u00e9ticos delitos contra el sitio a excepci\u00f3n de esta posibilidad, los datos sobre los contactos web para m\u00e1s de siete d\u00edas.<br \/>\nDatos proporcionados voluntariamente por el usuario El env\u00edo opcional, expl\u00edcito y voluntario de correo electr\u00f3nico a las direcciones indicadas en este sitio implica la posterior adquisici\u00f3n de la direcci\u00f3n<br \/>\ndel remitente, necesario para responder a las solicitudes, as\u00ed como a cualquier otro dato personal incluido en la carta.<br \/>\nLas especificaciones de informaci\u00f3n resumida se informar\u00e1n o mostrar\u00e1n progresivamente en las p\u00e1ginas del sitio preparadas para servicios especiales a pedido.<\/p>\n<p><strong>COOKIES<\/strong><br \/>\nC.d. cookies que son peque\u00f1os archivos almacenados en el disco duro de su computadora y sirven para proporcionar servicios y \/ o informaci\u00f3n. La mayor\u00eda de las cookies son \u00abcookies de sesi\u00f3n\u00bb y luego se eliminan del disco duro al final de la sesi\u00f3n (cuando el navegador est\u00e1 desconectado o cerrado). Pueden estar presentes en algunas p\u00e1ginas del sitio para analizar el acceso a p\u00e1ginas web, personalizar sus servicios, contenido y mensajes publicitarios, medir la efectividad de las promociones y garantizar la confianza y la seguridad. las cookies de sesi\u00f3n utilizadas en este sitio evitan el uso de otras t\u00e9cnicas inform\u00e1ticas potencialmente perjudiciales para la privacidad de la navegaci\u00f3n del usuario y no permiten la adquisici\u00f3n de datos de identificaci\u00f3n personal del usuario. Obtenga m\u00e1s informaci\u00f3n visitando nuestra Pol\u00edtica de cookies<\/p>\n<p><strong>CONFIRMACI\u00d3N DE DATOS<\/strong><br \/>\nAparte de lo especificado para los datos de navegaci\u00f3n, el usuario es libre de proporcionar los datos personales contenidos en la m\u00e1scara con relaci\u00f3n a lo que prev\u00e9 el tratamiento de los datos o indicados en los contactos con la empresa para solicitar el env\u00edo de material informativo o de otra comunicaciones. De lo contrario, puede resultar en la incapacidad de obtener una respuesta a lo que se requiere.<\/p>\n<p><strong>MODOS DE TRATAMIENTO<\/strong><br \/>\nLos datos personales se manejan con herramientas automatizadas durante el tiempo estrictamente necesario para lograr los fines para los que fueron recopilados.<br \/>\nSe observan medidas de seguridad espec\u00edficas para evitar la p\u00e9rdida de datos, el uso incorrecto o incorrecto, y el acceso no autorizado.<\/p>\n<p><strong>DERECHOS DE LAS PARTES INTERESADAS<\/strong><br \/>\nAquellos cuyos datos personales se refieren tienen el derecho en cualquier momento para obtener la confirmaci\u00f3n de la existencia o no de dichos datos y de conocer el contenido y origen, verificar su exactitud o pedir su integraci\u00f3n o actualizaci\u00f3n, o rectificaci\u00f3n (Art\u00edculo 7 del Decreto Legislativo 196\/2003).<br \/>\nDe conformidad con el presente art\u00edculo tendr\u00e1n derecho a solicitar la cancelaci\u00f3n, la transformaci\u00f3n en forma an\u00f3nima o el bloqueo de los datos tratados violando la ley, y para oponerse, en cualquier caso, por motivos leg\u00edtimos, a su tratamiento.<br \/>\nTodos los derechos bajo el arte. 7 del Decreto Legislativo n. 196\/2003 se llevan a cabo con una solicitud dirigida formalmente al Titular del Tratamiento, tambi\u00e9n a trav\u00e9s de una persona a cargo, a la que se proporciona una respuesta adecuada sin demora.<br \/>\nTeniendo en cuenta que el estado de la mejora de los mecanismos de control autom\u00e1tico no los hace exentos de errores y fallos de funcionamiento, hay que se\u00f1alar que este documento constituye la \u00abPol\u00edtica de Privacidad\u00bb de este sitio que va a ser objeto de cambios (las distintas versiones disponibles al mismo direcci\u00f3n).[\/vc_column_text][\/vc_column][\/vc_row]\n","protected":false},"excerpt":{"rendered":"<p>[vc_row type=\u00bbin_container\u00bb full_screen_row_position=\u00bbmiddle\u00bb scene_position=\u00bbcenter\u00bb text_color=\u00bbdark\u00bb text_align=\u00bbleft\u00bb overlay_strength=\u00bb0.3&#8243;][vc_column column_padding=\u00bbno-extra-padding\u00bb column_padding_position=\u00bball\u00bb background_color_opacity=\u00bb1&#8243; background_hover_color_opacity=\u00bb1&#8243; column_shadow=\u00bbnone\u00bb width=\u00bb1\/1&#8243; tablet_text_alignment=\u00bbdefault\u00bb phone_text_alignment=\u00bbdefault\u00bb&#8230;<\/p>\n","protected":false},"author":1,"featured_media":0,"parent":0,"menu_order":0,"comment_status":"closed","ping_status":"closed","template":"","meta":[],"_links":{"self":[{"href":"https:\/\/www.erreelleitalia.com\/es\/wp-json\/wp\/v2\/pages\/9612"}],"collection":[{"href":"https:\/\/www.erreelleitalia.com\/es\/wp-json\/wp\/v2\/pages"}],"about":[{"href":"https:\/\/www.erreelleitalia.com\/es\/wp-json\/wp\/v2\/types\/page"}],"author":[{"embeddable":true,"href":"https:\/\/www.erreelleitalia.com\/es\/wp-json\/wp\/v2\/users\/1"}],"replies":[{"embeddable":true,"href":"https:\/\/www.erreelleitalia.com\/es\/wp-json\/wp\/v2\/comments?post=9612"}],"version-history":[{"count":0,"href":"https:\/\/www.erreelleitalia.com\/es\/wp-json\/wp\/v2\/pages\/9612\/revisions"}],"wp:attachment":[{"href":"https:\/\/www.erreelleitalia.com\/es\/wp-json\/wp\/v2\/media?parent=9612"}],"curies":[{"name":"wp","href":"https:\/\/api.w.org\/{rel}","templated":true}]}}