{"id":9606,"date":"2017-02-07T15:05:55","date_gmt":"2017-02-07T15:05:55","guid":{"rendered":"http:\/\/www.erreelleitalia.com\/?page_id=9606"},"modified":"2017-10-31T15:41:08","modified_gmt":"2017-10-31T15:41:08","slug":"contactos","status":"publish","type":"page","link":"https:\/\/www.erreelleitalia.com\/es\/contactos\/","title":{"rendered":"Contactos"},"content":{"rendered":"[vc_row type=\u00bbfull_width_background\u00bb full_screen_row_position=\u00bbmiddle\u00bb bg_image=\u00bb8804&#8243; bg_position=\u00bbcenter top\u00bb bg_repeat=\u00bbno-repeat\u00bb parallax_bg=\u00bbtrue\u00bb parallax_bg_speed=\u00bbfast\u00bb bg_color=\u00bb#ffffff\u00bb scene_position=\u00bbcenter\u00bb text_color=\u00bblight\u00bb text_align=\u00bbleft\u00bb top_padding=\u00bb10%\u00bb bottom_padding=\u00bb10%\u00bb color_overlay=\u00bb#0a0a0a\u00bb overlay_strength=\u00bb0.8&#8243;][vc_column column_padding=\u00bbno-extra-padding\u00bb column_padding_position=\u00bball\u00bb background_color_opacity=\u00bb1&#8243; background_hover_color_opacity=\u00bb1&#8243; column_shadow=\u00bbnone\u00bb width=\u00bb1\/1&#8243; tablet_text_alignment=\u00bbdefault\u00bb phone_text_alignment=\u00bbdefault\u00bb column_border_width=\u00bbnone\u00bb column_border_style=\u00bbsolid\u00bb][vc_row_inner equal_height=\u00bbyes\u00bb content_placement=\u00bbmiddle\u00bb column_margin=\u00bbdefault\u00bb text_align=\u00bbleft\u00bb][vc_column_inner enable_animation=\u00bbtrue\u00bb animation=\u00bbfade-in\u00bb column_padding=\u00bbno-extra-padding\u00bb column_padding_position=\u00bball\u00bb background_color_opacity=\u00bb1&#8243; width=\u00bb1\/2&#8243; column_border_width=\u00bbnone\u00bb column_border_style=\u00bbsolid\u00bb offset=\u00bbvc_col-lg-6 vc_col-md-6 vc_col-xs-12&#8243;][vc_column_text css_animation=\u00bbfadeInUp\u00bb css=\u00bb.vc_custom_1509464255602{margin-bottom: 15px !important;}\u00bb]Quiere conocernos?[\/vc_column_text][split_line_heading]<strong>Siempre estamos disponibles para nuevas oportunidades.<\/strong><\/p>\n<p><strong>\u00a1Escr\u00edbenos un mensaje!<\/strong>[\/split_line_heading][nectar_btn size=\u00bblarge\u00bb button_style=\u00bbregular\u00bb button_color_2=\u00bbAccent-Color\u00bb icon_family=\u00bbiconsmind\u00bb url=\u00bbmailto:sales@erreelleitalia.com\u00bb text=\u00bbEnviar un correo\u00bb margin_top=\u00bb25&#8243; css_animation=\u00bbslideInUp\u00bb icon_iconsmind=\u00bbiconsmind-Mail-Forward\u00bb][\/vc_column_inner][vc_column_inner column_padding=\u00bbno-extra-padding\u00bb column_padding_position=\u00bball\u00bb background_color_opacity=\u00bb1&#8243; width=\u00bb1\/4&#8243; column_border_width=\u00bbnone\u00bb column_border_style=\u00bbsolid\u00bb offset=\u00bbvc_hidden-sm vc_hidden-xs\u00bb][\/vc_column_inner][vc_column_inner enable_animation=\u00bbtrue\u00bb animation=\u00bbfade-in-from-bottom\u00bb column_padding=\u00bbpadding-6-percent\u00bb column_padding_position=\u00bbbottom\u00bb background_color_opacity=\u00bb1&#8243; width=\u00bb1\/4&#8243; column_border_width=\u00bbnone\u00bb column_border_style=\u00bbsolid\u00bb offset=\u00bbvc_col-xs-12&#8243;][\/vc_column_inner][\/vc_row_inner][\/vc_column][\/vc_row][vc_row type=\u00bbfull_width_content\u00bb full_screen_row_position=\u00bbmiddle\u00bb bg_color=\u00bb#ffffff\u00bb scene_position=\u00bbcenter\u00bb text_color=\u00bbdark\u00bb text_align=\u00bbleft\u00bb overlay_strength=\u00bb0.3&#8243;][vc_column column_padding=\u00bbno-extra-padding\u00bb column_padding_position=\u00bball\u00bb background_color_opacity=\u00bb1&#8243; background_hover_color_opacity=\u00bb1&#8243; column_shadow=\u00bbnone\u00bb width=\u00bb1\/2&#8243; tablet_text_alignment=\u00bbdefault\u00bb phone_text_alignment=\u00bbdefault\u00bb column_border_width=\u00bbnone\u00bb column_border_style=\u00bbsolid\u00bb][nectar_gmap zoom=\u00bb5&#8243; enable_zoom=\u00bb1&#8243; marker_style=\u00bbnectar\u00bb nectar_marker_color=\u00bbaccent-color\u00bb map_greyscale=\u00bb1&#8243; dark_color_scheme=\u00bb1&#8243; size=\u00bb750&#8243; map_center_lat=\u00bb40.7468875&#8243; map_center_lng=\u00bb14.51622&#8243; map_markers=\u00bb40.7468875|14.51622&#8243;][\/vc_column][vc_column column_padding=\u00bbpadding-5-percent\u00bb column_padding_position=\u00bball\u00bb background_color_opacity=\u00bb1&#8243; background_hover_color_opacity=\u00bb1&#8243; column_shadow=\u00bbnone\u00bb width=\u00bb1\/2&#8243; tablet_text_alignment=\u00bbdefault\u00bb phone_text_alignment=\u00bbdefault\u00bb column_border_width=\u00bbnone\u00bb column_border_style=\u00bbsolid\u00bb][vc_column_text]\n<h3>Contactos<\/h3>\n<p>Erreelle Italia busca constantemente nuevos empleados y oportunidades, para cualquier tipo de comunicaci\u00f3n, cont\u00e1ctenos en sales@erreelleitalia.com. Un operador le responder\u00e1 por correo electr\u00f3nico dentro de las 24 horas.[\/vc_column_text][vc_row_inner column_margin=\u00bbdefault\u00bb top_padding=\u00bb40&#8243; bottom_padding=\u00bb40&#8243; text_align=\u00bbleft\u00bb][vc_column_inner column_padding=\u00bbno-extra-padding\u00bb column_padding_position=\u00bball\u00bb background_color_opacity=\u00bb1&#8243; width=\u00bb1\/2&#8243; column_border_width=\u00bbnone\u00bb column_border_style=\u00bbsolid\u00bb][vc_column_text]\n<h5>LOG\u00cdSTICA Y DEP\u00d3SITOS<\/h5>\n<p>via Federico Cozzolino 45 84018 &#8211; SCAFATI (SA) <a href=\"tel:+390818506822\">+39 081 8506822<\/a> <a href=\"tel:+390818502132\">+39 081 8502132<\/a> <a href=\"tel:+390818567867\">+39 081 8567867<\/a> <a href=\"mailto:amministrazione@erreelleitalia.com\">amministrazione@erreelleitalia.com<\/a>[\/vc_column_text][\/vc_column_inner][vc_column_inner column_padding=\u00bbno-extra-padding\u00bb column_padding_position=\u00bball\u00bb background_color_opacity=\u00bb1&#8243; width=\u00bb1\/2&#8243; column_border_width=\u00bbnone\u00bb column_border_style=\u00bbsolid\u00bb][vc_column_text]\n<h5>OFICINAS LEGALES<\/h5>\n<p>Via Volsinio n. 28 00199 &#8211; ROMA &#8211; ITALIA <a href=\"tel:+390818506822\">+39 081 8506822<\/a> <a href=\"tel:+390818502132\">+39 081 8502132<\/a> <a href=\"tel:+390818567867\">+39 081 8567867<\/a> <a href=\"mailto:info@erreelleitalia.com\">info@erreelleitalia.com<\/a>[\/vc_column_text][\/vc_column_inner][\/vc_row_inner][vc_row_inner column_margin=\u00bbdefault\u00bb text_align=\u00bbleft\u00bb][vc_column_inner column_padding=\u00bbno-extra-padding\u00bb column_padding_position=\u00bball\u00bb background_color_opacity=\u00bb1&#8243; width=\u00bb1\/1&#8243; column_border_width=\u00bbnone\u00bb column_border_style=\u00bbsolid\u00bb][vc_column_text]\n<h5>OFICINA EXTRANJERA<\/h5>\n<p>via Federico Cozzolino 45 &#8211; 84018 &#8211; SCAFATI (SA) <a href=\"tel:+390818506822\">+39 081 8506822<\/a> | <a href=\"tel:+390818502132\">+39 081 8502132<\/a> | <a href=\"tel:+390818567867\">+39 081 8567867<\/a> <a href=\"mailto:sales@erreelleitalia.com\">sales@erreelleitalia.com<\/a>[\/vc_column_text][\/vc_column_inner][\/vc_row_inner][\/vc_column][\/vc_row]\n","protected":false},"excerpt":{"rendered":"<p>[vc_row type=\u00bbfull_width_background\u00bb full_screen_row_position=\u00bbmiddle\u00bb bg_image=\u00bb8804&#8243; bg_position=\u00bbcenter top\u00bb bg_repeat=\u00bbno-repeat\u00bb parallax_bg=\u00bbtrue\u00bb parallax_bg_speed=\u00bbfast\u00bb bg_color=\u00bb#ffffff\u00bb scene_position=\u00bbcenter\u00bb text_color=\u00bblight\u00bb text_align=\u00bbleft\u00bb top_padding=\u00bb10%\u00bb bottom_padding=\u00bb10%\u00bb&#8230;<\/p>\n","protected":false},"author":1,"featured_media":0,"parent":0,"menu_order":0,"comment_status":"closed","ping_status":"closed","template":"","meta":[],"_links":{"self":[{"href":"https:\/\/www.erreelleitalia.com\/es\/wp-json\/wp\/v2\/pages\/9606"}],"collection":[{"href":"https:\/\/www.erreelleitalia.com\/es\/wp-json\/wp\/v2\/pages"}],"about":[{"href":"https:\/\/www.erreelleitalia.com\/es\/wp-json\/wp\/v2\/types\/page"}],"author":[{"embeddable":true,"href":"https:\/\/www.erreelleitalia.com\/es\/wp-json\/wp\/v2\/users\/1"}],"replies":[{"embeddable":true,"href":"https:\/\/www.erreelleitalia.com\/es\/wp-json\/wp\/v2\/comments?post=9606"}],"version-history":[{"count":0,"href":"https:\/\/www.erreelleitalia.com\/es\/wp-json\/wp\/v2\/pages\/9606\/revisions"}],"wp:attachment":[{"href":"https:\/\/www.erreelleitalia.com\/es\/wp-json\/wp\/v2\/media?parent=9606"}],"curies":[{"name":"wp","href":"https:\/\/api.w.org\/{rel}","templated":true}]}}