{"id":9586,"date":"2017-08-16T14:45:20","date_gmt":"2017-08-16T14:45:20","guid":{"rendered":"http:\/\/www.erreelleitalia.com\/?page_id=9586"},"modified":"2017-10-31T12:19:26","modified_gmt":"2017-10-31T12:19:26","slug":"glamour-gel-para-cabellos-efecto-botox","status":"publish","type":"page","link":"https:\/\/www.erreelleitalia.com\/es\/brands\/glamour\/glamour-gel-para-cabellos-efecto-botox\/","title":{"rendered":"Glamour Gel para cabellos \u00abEfecto Botox\u00bb"},"content":{"rendered":"[vc_row type=\u00bbfull_width_background\u00bb full_screen_row_position=\u00bbmiddle\u00bb equal_height=\u00bbyes\u00bb content_placement=\u00bbmiddle\u00bb bg_color=\u00bb#be5670&#8243; scene_position=\u00bbcenter\u00bb text_color=\u00bblight\u00bb text_align=\u00bbleft\u00bb top_padding=\u00bb7%\u00bb bottom_padding=\u00bb7%\u00bb overlay_strength=\u00bb0.3&#8243;][vc_column column_padding=\u00bbno-extra-padding\u00bb column_padding_position=\u00bball\u00bb background_color_opacity=\u00bb1&#8243; background_hover_color_opacity=\u00bb1&#8243; column_shadow=\u00bbnone\u00bb width=\u00bb1\/1&#8243; tablet_text_alignment=\u00bbdefault\u00bb phone_text_alignment=\u00bbdefault\u00bb column_border_width=\u00bbnone\u00bb column_border_style=\u00bbsolid\u00bb][image_with_animation image_url=\u00bb8243&#8243; alignment=\u00bb\u00bb animation=\u00bbFade In\u00bb box_shadow=\u00bbx_large_depth\u00bb max_width=\u00bb100%\u00bb][divider line_type=\u00bbNo Line\u00bb custom_height=\u00bb40&#8243;][vc_custom_heading text=\u00bbGlamour Professional\u00bb font_container=\u00bbtag:h5|text_align:left|color:rgba(255%2C255%2C255%2C0.6)\u00bb use_theme_fonts=\u00bbyes\u00bb css=\u00bb.vc_custom_1502375719651{margin-bottom: 10px !important;}\u00bb][vc_custom_heading text=\u00bbGel para cabellos \u00abEfecto Botox\u00ab\u00bb font_container=\u00bbtag:h2|font_size:40|text_align:left|line_height:50px\u00bb use_theme_fonts=\u00bbyes\u00bb][vc_custom_heading text=\u00bb4 tipos de gel para el efecto deseado.\u00bb font_container=\u00bbtag:h4|font_size:19|text_align:left|line_height:24px\u00bb use_theme_fonts=\u00bbyes\u00bb][divider line_type=\u00bbNo Line\u00bb custom_height=\u00bb40&#8243;][vc_row_inner equal_height=\u00bbyes\u00bb content_placement=\u00bbtop\u00bb column_margin=\u00bbdefault\u00bb text_align=\u00bbleft\u00bb][vc_column_inner enable_animation=\u00bbtrue\u00bb animation=\u00bbgrow-in\u00bb column_padding=\u00bbpadding-1-percent\u00bb column_padding_position=\u00bball\u00bb centered_text=\u00bbtrue\u00bb background_color_opacity=\u00bb1&#8243; font_color=\u00bb#ffffff\u00bb width=\u00bb1\/3&#8243; column_border_width=\u00bbnone\u00bb column_border_style=\u00bbsolid\u00bb delay=\u00bb200&#8243;][image_with_animation image_url=\u00bb7826&#8243; alignment=\u00bbcenter\u00bb animation=\u00bbFade In\u00bb box_shadow=\u00bbnone\u00bb max_width=\u00bb100%\u00bb][vc_column_text css=\u00bb.vc_custom_1509451947155{margin-top: 30px !important;margin-bottom: 30px !important;}\u00bb]<strong>Glass GEL<\/strong><br \/>\nGel de larga duraci\u00f3n le permite dar forma a su cabello para obtener el aspecto deseado. Arreglar el cabello.[\/vc_column_text][\/vc_column_inner][vc_column_inner enable_animation=\u00bbtrue\u00bb animation=\u00bbgrow-in\u00bb column_padding=\u00bbpadding-1-percent\u00bb column_padding_position=\u00bball\u00bb centered_text=\u00bbtrue\u00bb background_color_opacity=\u00bb1&#8243; font_color=\u00bb#ffffff\u00bb width=\u00bb1\/3&#8243; column_border_width=\u00bbnone\u00bb column_border_style=\u00bbsolid\u00bb delay=\u00bb300&#8243;][image_with_animation image_url=\u00bb7831&#8243; alignment=\u00bbcenter\u00bb animation=\u00bbFade In\u00bb box_shadow=\u00bbnone\u00bb max_width=\u00bb100%\u00bb][vc_column_text css=\u00bb.vc_custom_1509452002249{margin-top: 30px !important;margin-bottom: 30px !important;}\u00bb]<strong>Definition GEL<\/strong><br \/>\nGel extra fuerte adecuado para todo tipo de cabello para una apariencia creativa, brillante y precisa. Acent\u00faa las formas, define las ondas y los rizos.[\/vc_column_text][\/vc_column_inner][vc_column_inner column_padding=\u00bbno-extra-padding\u00bb column_padding_position=\u00bball\u00bb background_color_opacity=\u00bb1&#8243; width=\u00bb1\/3&#8243; column_border_width=\u00bbnone\u00bb column_border_style=\u00bbsolid\u00bb][image_with_animation image_url=\u00bb7392&#8243; alignment=\u00bbcenter\u00bb animation=\u00bbFade In\u00bb box_shadow=\u00bbnone\u00bb max_width=\u00bb100%\u00bb][\/vc_column_inner][\/vc_row_inner][vc_row_inner equal_height=\u00bbyes\u00bb content_placement=\u00bbtop\u00bb column_margin=\u00bbdefault\u00bb text_align=\u00bbleft\u00bb][vc_column_inner enable_animation=\u00bbtrue\u00bb animation=\u00bbgrow-in\u00bb column_padding=\u00bbpadding-1-percent\u00bb column_padding_position=\u00bball\u00bb centered_text=\u00bbtrue\u00bb background_color_opacity=\u00bb1&#8243; font_color=\u00bb#ffffff\u00bb width=\u00bb1\/3&#8243; column_border_width=\u00bbnone\u00bb column_border_style=\u00bbsolid\u00bb delay=\u00bb200&#8243;][image_with_animation image_url=\u00bb7836&#8243; alignment=\u00bbcenter\u00bb animation=\u00bbFade In\u00bb box_shadow=\u00bbnone\u00bb max_width=\u00bb100%\u00bb][vc_column_text css=\u00bb.vc_custom_1509452182268{margin-top: 30px !important;margin-bottom: 30px !important;}\u00bb]<strong><span id=\"u11945-10\">Control GEL<\/span><\/strong><br \/>\nGel de fijaci\u00f3n extra ideal para una fijaci\u00f3n de cabello largo y corto, se puede aplicar indiferentemente al cabello h\u00famedo y seco.[\/vc_column_text][\/vc_column_inner][vc_column_inner enable_animation=\u00bbtrue\u00bb animation=\u00bbgrow-in\u00bb column_padding=\u00bbpadding-1-percent\u00bb column_padding_position=\u00bball\u00bb centered_text=\u00bbtrue\u00bb background_color_opacity=\u00bb1&#8243; font_color=\u00bb#ffffff\u00bb width=\u00bb1\/3&#8243; column_border_width=\u00bbnone\u00bb column_border_style=\u00bbsolid\u00bb delay=\u00bb300&#8243;][image_with_animation image_url=\u00bb7841&#8243; alignment=\u00bbcenter\u00bb animation=\u00bbFade In\u00bb box_shadow=\u00bbnone\u00bb max_width=\u00bb100%\u00bb][vc_column_text css=\u00bb.vc_custom_1509452298609{margin-top: 30px !important;margin-bottom: 30px !important;}\u00bb]<strong><span id=\"u11945-14\">Touch Extreme GEL<\/span><\/strong><br \/>\nGel de fijaci\u00f3n extrema para definir cada brazalete con el movimiento correcto y crear un aspecto similar. No deja residuos y se elimina con unas pocas pinceladas.[\/vc_column_text][\/vc_column_inner][\/vc_row_inner][divider line_type=\u00bbNo Line\u00bb custom_height=\u00bb50&#8243;][vc_row_inner column_margin=\u00bbdefault\u00bb text_align=\u00bbleft\u00bb][vc_column_inner column_padding=\u00bbno-extra-padding\u00bb column_padding_position=\u00bball\u00bb background_color_opacity=\u00bb1&#8243; width=\u00bb1\/2&#8243; column_border_width=\u00bbnone\u00bb column_border_style=\u00bbsolid\u00bb][vc_custom_heading text=\u00bbTama\u00f1o\u00bb font_container=\u00bbtag:h5|text_align:left|color:rgba(255%2C255%2C255%2C0.6)\u00bb use_theme_fonts=\u00bbyes\u00bb css=\u00bb.vc_custom_1509452318050{margin-bottom: 10px !important;}\u00bb]<div class=\"nectar-fancy-ul\" data-list-icon=\"none\" data-animation=\"false\" data-animation-delay=\"0\" data-color=\"accent-color\" data-spacing=\"default\" data-alignment=\"left\"> \n<ul>\n<li>Envase de 500 ml<\/li>\n<\/ul>\n <\/div>[\/vc_column_inner][vc_column_inner column_padding=\u00bbno-extra-padding\u00bb column_padding_position=\u00bball\u00bb background_color_opacity=\u00bb1&#8243; width=\u00bb1\/2&#8243; column_border_width=\u00bbnone\u00bb column_border_style=\u00bbsolid\u00bb][social_buttons full_width_icons=\u00bbtrue\u00bb nectar_love=\u00bbtrue\u00bb facebook=\u00bbtrue\u00bb google_plus=\u00bbtrue\u00bb linkedin=\u00bbtrue\u00bb][\/vc_column_inner][\/vc_row_inner][\/vc_column][\/vc_row]\n","protected":false},"excerpt":{"rendered":"<p>[vc_row type=\u00bbfull_width_background\u00bb full_screen_row_position=\u00bbmiddle\u00bb equal_height=\u00bbyes\u00bb content_placement=\u00bbmiddle\u00bb bg_color=\u00bb#be5670&#8243; scene_position=\u00bbcenter\u00bb text_color=\u00bblight\u00bb text_align=\u00bbleft\u00bb top_padding=\u00bb7%\u00bb bottom_padding=\u00bb7%\u00bb overlay_strength=\u00bb0.3&#8243;][vc_column column_padding=\u00bbno-extra-padding\u00bb column_padding_position=\u00bball\u00bb background_color_opacity=\u00bb1&#8243;&#8230;<\/p>\n","protected":false},"author":1,"featured_media":0,"parent":8405,"menu_order":0,"comment_status":"closed","ping_status":"closed","template":"","meta":[],"_links":{"self":[{"href":"https:\/\/www.erreelleitalia.com\/es\/wp-json\/wp\/v2\/pages\/9586"}],"collection":[{"href":"https:\/\/www.erreelleitalia.com\/es\/wp-json\/wp\/v2\/pages"}],"about":[{"href":"https:\/\/www.erreelleitalia.com\/es\/wp-json\/wp\/v2\/types\/page"}],"author":[{"embeddable":true,"href":"https:\/\/www.erreelleitalia.com\/es\/wp-json\/wp\/v2\/users\/1"}],"replies":[{"embeddable":true,"href":"https:\/\/www.erreelleitalia.com\/es\/wp-json\/wp\/v2\/comments?post=9586"}],"version-history":[{"count":0,"href":"https:\/\/www.erreelleitalia.com\/es\/wp-json\/wp\/v2\/pages\/9586\/revisions"}],"up":[{"embeddable":true,"href":"https:\/\/www.erreelleitalia.com\/es\/wp-json\/wp\/v2\/pages\/8405"}],"wp:attachment":[{"href":"https:\/\/www.erreelleitalia.com\/es\/wp-json\/wp\/v2\/media?parent=9586"}],"curies":[{"name":"wp","href":"https:\/\/api.w.org\/{rel}","templated":true}]}}