{"id":9170,"date":"2017-08-08T23:23:33","date_gmt":"2017-08-08T23:23:33","guid":{"rendered":"http:\/\/www.erreelleitalia.com\/?page_id=9170"},"modified":"2025-03-05T10:19:07","modified_gmt":"2025-03-05T10:19:07","slug":"prestige-nutricolor","status":"publish","type":"page","link":"https:\/\/www.erreelleitalia.com\/es\/brands\/prestige\/prestige-tecnic\/prestige-nutricolor\/","title":{"rendered":"Prestige Nutricolor"},"content":{"rendered":"[vc_row type=\u00bbfull_width_background\u00bb full_screen_row_position=\u00bbmiddle\u00bb column_margin=\u00bbdefault\u00bb equal_height=\u00bbyes\u00bb content_placement=\u00bbmiddle\u00bb column_direction=\u00bbdefault\u00bb column_direction_tablet=\u00bbdefault\u00bb column_direction_phone=\u00bbdefault\u00bb bg_color=\u00bb#ac579c\u00bb scene_position=\u00bbcenter\u00bb top_padding=\u00bb7%\u00bb bottom_padding=\u00bb7%\u00bb text_color=\u00bblight\u00bb text_align=\u00bbleft\u00bb row_border_radius=\u00bbnone\u00bb row_border_radius_applies=\u00bbbg\u00bb overlay_strength=\u00bb0.3&#8243; gradient_direction=\u00bbleft_to_right\u00bb shape_divider_position=\u00bbbottom\u00bb bg_image_animation=\u00bbnone\u00bb][vc_column column_padding=\u00bbno-extra-padding\u00bb column_padding_tablet=\u00bbinherit\u00bb column_padding_phone=\u00bbinherit\u00bb column_padding_position=\u00bball\u00bb background_color_opacity=\u00bb1&#8243; background_hover_color_opacity=\u00bb1&#8243; column_shadow=\u00bbnone\u00bb column_border_radius=\u00bbnone\u00bb column_link_target=\u00bb_self\u00bb gradient_direction=\u00bbleft_to_right\u00bb overlay_strength=\u00bb0.3&#8243; width=\u00bb1\/2&#8243; tablet_width_inherit=\u00bbdefault\u00bb tablet_text_alignment=\u00bbdefault\u00bb phone_text_alignment=\u00bbdefault\u00bb column_border_width=\u00bbnone\u00bb column_border_style=\u00bbsolid\u00bb bg_image_animation=\u00bbnone\u00bb][image_with_animation image_url=\u00bb19370&#8243; animation=\u00bbFade In\u00bb hover_animation=\u00bbnone\u00bb alignment=\u00bb\u00bb border_radius=\u00bbnone\u00bb box_shadow=\u00bbx_large_depth\u00bb image_loading=\u00bbdefault\u00bb max_width=\u00bb100%\u00bb max_width_mobile=\u00bbdefault\u00bb][heading]\n<h3 style=\"text-align: center;\"><a href=\"https:\/\/www.erreelleitalia.com\/prestigenutricolornuance\/\">Mira Les Nuances<\/a><\/h3>\n[\/heading][\/vc_column][vc_column column_padding=\u00bbpadding-6-percent\u00bb column_padding_tablet=\u00bbinherit\u00bb column_padding_phone=\u00bbinherit\u00bb column_padding_position=\u00bball\u00bb background_color_opacity=\u00bb1&#8243; background_hover_color_opacity=\u00bb1&#8243; column_shadow=\u00bbnone\u00bb column_border_radius=\u00bbnone\u00bb column_link_target=\u00bb_self\u00bb gradient_direction=\u00bbleft_to_right\u00bb overlay_strength=\u00bb0.3&#8243; width=\u00bb1\/2&#8243; tablet_width_inherit=\u00bbdefault\u00bb tablet_text_alignment=\u00bbdefault\u00bb phone_text_alignment=\u00bbdefault\u00bb column_border_width=\u00bbnone\u00bb column_border_style=\u00bbsolid\u00bb bg_image_animation=\u00bbnone\u00bb][vc_custom_heading text=\u00bbPrestige Tecnic\u00bb font_container=\u00bbtag:h5|text_align:left|color:rgba(255%2C255%2C255%2C0.6)\u00bb use_theme_fonts=\u00bbyes\u00bb css=\u00bb.vc_custom_1502286822123{margin-bottom: 10px !important;}\u00bb][vc_custom_heading text=\u00bbNutricolor\u00bb font_container=\u00bbtag:h2|font_size:40|text_align:left|line_height:50px\u00bb use_theme_fonts=\u00bbyes\u00bb][vc_column_text css=\u00bb.vc_custom_1508252816248{margin-top: 30px !important;margin-bottom: 30px !important;}\u00bb]Coloraci\u00f3n oxidante en crema perfumada e intensa. Su f\u00f3rmula \u00fanica, rica en sustancias naturales, lleva un efecto protector, calmante y condicionante sobre la piel. F\u00e1cil de mezclar y aplicar, act\u00faa delicadamente sobre el cabello dando uniformidad de color, brillo y duraci\u00f3n. Tiene una potencia de brillo hasta 5 niveles de tono y una cobertura de canas de 100%. Est\u00e1 disponible en varios tonos en natural, ceniza, dorado, cobre, rojo, moda y aclarados.[\/vc_column_text][vc_custom_heading text=\u00bbTama\u00f1o\u00bb font_container=\u00bbtag:h5|text_align:left|color:rgba(255%2C255%2C255%2C0.6)\u00bb use_theme_fonts=\u00bbyes\u00bb css=\u00bb.vc_custom_1508252635768{margin-bottom: 10px !important;}\u00bb][vc_column_text]Tubo de 120 ml.[\/vc_column_text][divider line_type=\u00bbNo Line\u00bb custom_height=\u00bb30&#8243;][vc_custom_heading text=\u00bbModo de uso\u00bb font_container=\u00bbtag:h5|text_align:left|color:rgba(255%2C255%2C255%2C0.6)\u00bb use_theme_fonts=\u00bbyes\u00bb css=\u00bb.vc_custom_1508252647814{margin-bottom: 10px !important;}\u00bb][vc_column_text]Debe mezclarse con los vol\u00famenes Prestige Oxidizing Emulsion 10-20-30-40 en una proporci\u00f3n de 1: 1,5[\/vc_column_text][divider line_type=\u00bbNo Line\u00bb custom_height=\u00bb50&#8243;][\/vc_column][\/vc_row]\n","protected":false},"excerpt":{"rendered":"<p>[vc_row type=\u00bbfull_width_background\u00bb full_screen_row_position=\u00bbmiddle\u00bb column_margin=\u00bbdefault\u00bb equal_height=\u00bbyes\u00bb content_placement=\u00bbmiddle\u00bb column_direction=\u00bbdefault\u00bb column_direction_tablet=\u00bbdefault\u00bb column_direction_phone=\u00bbdefault\u00bb bg_color=\u00bb#ac579c\u00bb scene_position=\u00bbcenter\u00bb top_padding=\u00bb7%\u00bb bottom_padding=\u00bb7%\u00bb text_color=\u00bblight\u00bb text_align=\u00bbleft\u00bb&#8230;<\/p>\n","protected":false},"author":1,"featured_media":0,"parent":8412,"menu_order":0,"comment_status":"closed","ping_status":"closed","template":"","meta":[],"_links":{"self":[{"href":"https:\/\/www.erreelleitalia.com\/es\/wp-json\/wp\/v2\/pages\/9170"}],"collection":[{"href":"https:\/\/www.erreelleitalia.com\/es\/wp-json\/wp\/v2\/pages"}],"about":[{"href":"https:\/\/www.erreelleitalia.com\/es\/wp-json\/wp\/v2\/types\/page"}],"author":[{"embeddable":true,"href":"https:\/\/www.erreelleitalia.com\/es\/wp-json\/wp\/v2\/users\/1"}],"replies":[{"embeddable":true,"href":"https:\/\/www.erreelleitalia.com\/es\/wp-json\/wp\/v2\/comments?post=9170"}],"version-history":[{"count":3,"href":"https:\/\/www.erreelleitalia.com\/es\/wp-json\/wp\/v2\/pages\/9170\/revisions"}],"predecessor-version":[{"id":19375,"href":"https:\/\/www.erreelleitalia.com\/es\/wp-json\/wp\/v2\/pages\/9170\/revisions\/19375"}],"up":[{"embeddable":true,"href":"https:\/\/www.erreelleitalia.com\/es\/wp-json\/wp\/v2\/pages\/8412"}],"wp:attachment":[{"href":"https:\/\/www.erreelleitalia.com\/es\/wp-json\/wp\/v2\/media?parent=9170"}],"curies":[{"name":"wp","href":"https:\/\/api.w.org\/{rel}","templated":true}]}}