{"id":9072,"date":"2017-08-16T14:41:23","date_gmt":"2017-08-16T14:41:23","guid":{"rendered":"http:\/\/www.erreelleitalia.com\/?page_id=9072"},"modified":"2021-07-19T15:49:26","modified_gmt":"2021-07-19T15:49:26","slug":"glamour-polvo-decolorante-azul","status":"publish","type":"page","link":"https:\/\/www.erreelleitalia.com\/es\/brands\/glamour\/glamour-polvo-decolorante-azul\/","title":{"rendered":"Glamour Polvo Decolorante Azul"},"content":{"rendered":"[vc_row type=\u00bbfull_width_background\u00bb full_screen_row_position=\u00bbmiddle\u00bb column_margin=\u00bbdefault\u00bb equal_height=\u00bbyes\u00bb content_placement=\u00bbmiddle\u00bb column_direction=\u00bbdefault\u00bb column_direction_tablet=\u00bbdefault\u00bb column_direction_phone=\u00bbdefault\u00bb bg_color=\u00bb#be5670&#8243; scene_position=\u00bbcenter\u00bb top_padding=\u00bb7%\u00bb bottom_padding=\u00bb7%\u00bb text_color=\u00bblight\u00bb text_align=\u00bbleft\u00bb row_border_radius=\u00bbnone\u00bb row_border_radius_applies=\u00bbbg\u00bb overlay_strength=\u00bb0.3&#8243; gradient_direction=\u00bbleft_to_right\u00bb shape_divider_position=\u00bbbottom\u00bb bg_image_animation=\u00bbnone\u00bb][vc_column column_padding=\u00bbno-extra-padding\u00bb column_padding_tablet=\u00bbinherit\u00bb column_padding_phone=\u00bbinherit\u00bb column_padding_position=\u00bball\u00bb background_color_opacity=\u00bb1&#8243; background_hover_color_opacity=\u00bb1&#8243; column_shadow=\u00bbnone\u00bb column_border_radius=\u00bbnone\u00bb column_link_target=\u00bb_self\u00bb gradient_direction=\u00bbleft_to_right\u00bb overlay_strength=\u00bb0.3&#8243; width=\u00bb1\/2&#8243; tablet_width_inherit=\u00bbdefault\u00bb tablet_text_alignment=\u00bbdefault\u00bb phone_text_alignment=\u00bbdefault\u00bb column_border_width=\u00bbnone\u00bb column_border_style=\u00bbsolid\u00bb bg_image_animation=\u00bbnone\u00bb][image_with_animation image_url=\u00bb18619&#8243; animation=\u00bbFade In\u00bb hover_animation=\u00bbnone\u00bb alignment=\u00bb\u00bb border_radius=\u00bbnone\u00bb box_shadow=\u00bbx_large_depth\u00bb image_loading=\u00bbdefault\u00bb max_width=\u00bb100%\u00bb max_width_mobile=\u00bbdefault\u00bb][\/vc_column][vc_column column_padding=\u00bbpadding-6-percent\u00bb column_padding_tablet=\u00bbinherit\u00bb column_padding_phone=\u00bbinherit\u00bb column_padding_position=\u00bball\u00bb background_color_opacity=\u00bb1&#8243; background_hover_color_opacity=\u00bb1&#8243; column_shadow=\u00bbnone\u00bb column_border_radius=\u00bbnone\u00bb column_link_target=\u00bb_self\u00bb gradient_direction=\u00bbleft_to_right\u00bb overlay_strength=\u00bb0.3&#8243; width=\u00bb1\/2&#8243; tablet_width_inherit=\u00bbdefault\u00bb tablet_text_alignment=\u00bbdefault\u00bb phone_text_alignment=\u00bbdefault\u00bb column_border_width=\u00bbnone\u00bb column_border_style=\u00bbsolid\u00bb bg_image_animation=\u00bbnone\u00bb][vc_custom_heading text=\u00bbGlamour\u00bb font_container=\u00bbtag:h5|text_align:left|color:rgba(255%2C255%2C255%2C0.6)\u00bb use_theme_fonts=\u00bbyes\u00bb css=\u00bb.vc_custom_1502894635728{margin-bottom: 10px !important;}\u00bb][vc_custom_heading text=\u00bbGlamour Polvo Decolorante Azul\u00bb font_container=\u00bbtag:h2|font_size:40|text_align:left|line_height:50px\u00bb use_theme_fonts=\u00bbyes\u00bb][vc_column_text css=\u00bb.vc_custom_1508234524837{margin-top: 30px !important;margin-bottom: 30px !important;}\u00bb]Polvo decolorante compacto, no vol\u00e1til, de alto brillo. Funciona con la m\u00e1xima seguridad y versatilidad con respecto a la estructura del cabello. El alto contenido de agentes emolientes e hidratantes, como el Caol\u00edn, la Goma de Guar, la seda y las prote\u00ednas de ma\u00edz, garantiza un nutrimento constante y una protecci\u00f3n eficaz del cabello durante el proceso de decoloraci\u00f3n. F\u00e1cil de mezclar, sin grumos, sin chorrear y sin hinchaz\u00f3n. Su f\u00f3rmula compacta no crea efectos polvorientos durante la preparaci\u00f3n y evita la inhalaci\u00f3n de part\u00edculas vol\u00e1tiles. Contiene pigmentos azules que, actuando como blanqueadores \u00f3pticos, cumplen un eficaz efecto anti-amarillo. Es adecuado para todas las t\u00e9cnicas de blanqueo (Mechas, reflejos, balayages, Shatush y los ara\u00f1azos) y todos los tipos de aplicaci\u00f3n (papel de aluminio, redecilla, peine, etc.). Relaci\u00f3n de mezcla de alto rendimiento de 1: 2.[\/vc_column_text][vc_custom_heading text=\u00bbTama\u00f1o\u00bb font_container=\u00bbtag:h5|text_align:left|color:rgba(255%2C255%2C255%2C0.6)\u00bb use_theme_fonts=\u00bbyes\u00bb css=\u00bb.vc_custom_1508234553962{margin-bottom: 0px !important;}\u00bb][vc_column_text css=\u00bb.vc_custom_1508234569107{margin-top: 0px !important;margin-bottom: 30px !important;}\u00bb]Paquete t\u00e9rmico de 500 gr o bolsa de 25 gr en caja de 24 piezas.[\/vc_column_text][vc_custom_heading text=\u00bbModo de uso\u00bb font_container=\u00bbtag:h5|text_align:left|color:rgba(255%2C255%2C255%2C0.6)\u00bb use_theme_fonts=\u00bbyes\u00bb css=\u00bb.vc_custom_1508234577802{margin-bottom: 0px !important;}\u00bb][vc_column_text css=\u00bb.vc_custom_1508234595386{margin-top: 0px !important;margin-bottom: 30px !important;}\u00bb]Colocarse los guantes adecuados. Mezclar, en un recipiente no met\u00e1lico, 1 parte de blanqueador en polvo + 2 partes de crema en emulsi\u00f3n oxidante a 20 (6%), 30 (9%) o 40 (12%) Vol\u00famenes. Aplique inmediatamente y r\u00e1pidamente a los cabellos secos y no lavados. Deje actuar hasta que alcance el brillo deseado (aproximadamente entre 20 y 35 minutos). Al final, enjuagar bien con agua, eliminar cualquier residuo, y hacer un champ\u00fa. Volver a cerrar bien el envase despu\u00e9s de usarlo y gu\u00e1rdelo en un lugar fresco y ventilado.<\/p>\n<p>Los tiempos actuaci\u00f3n var\u00edan dependiendo de los tonos de abrillantado y del volumen de la emulsi\u00f3n usada (20-30-40 Vol\u00famenes). Es aconsejable controlar el brillo durante el tiempo de colocaci\u00f3n, dependiendo del efecto deseado, profundidad de aplicaci\u00f3n, estado del cabello y temperatura ambiente.[\/vc_column_text][divider line_type=\u00bbNo Line\u00bb custom_height=\u00bb50&#8243;][\/vc_column][\/vc_row]\n","protected":false},"excerpt":{"rendered":"<p>[vc_row type=\u00bbfull_width_background\u00bb full_screen_row_position=\u00bbmiddle\u00bb column_margin=\u00bbdefault\u00bb equal_height=\u00bbyes\u00bb content_placement=\u00bbmiddle\u00bb column_direction=\u00bbdefault\u00bb column_direction_tablet=\u00bbdefault\u00bb column_direction_phone=\u00bbdefault\u00bb bg_color=\u00bb#be5670&#8243; scene_position=\u00bbcenter\u00bb top_padding=\u00bb7%\u00bb bottom_padding=\u00bb7%\u00bb text_color=\u00bblight\u00bb text_align=\u00bbleft\u00bb&#8230;<\/p>\n","protected":false},"author":1,"featured_media":0,"parent":8405,"menu_order":0,"comment_status":"closed","ping_status":"closed","template":"","meta":[],"_links":{"self":[{"href":"https:\/\/www.erreelleitalia.com\/es\/wp-json\/wp\/v2\/pages\/9072"}],"collection":[{"href":"https:\/\/www.erreelleitalia.com\/es\/wp-json\/wp\/v2\/pages"}],"about":[{"href":"https:\/\/www.erreelleitalia.com\/es\/wp-json\/wp\/v2\/types\/page"}],"author":[{"embeddable":true,"href":"https:\/\/www.erreelleitalia.com\/es\/wp-json\/wp\/v2\/users\/1"}],"replies":[{"embeddable":true,"href":"https:\/\/www.erreelleitalia.com\/es\/wp-json\/wp\/v2\/comments?post=9072"}],"version-history":[{"count":1,"href":"https:\/\/www.erreelleitalia.com\/es\/wp-json\/wp\/v2\/pages\/9072\/revisions"}],"predecessor-version":[{"id":18624,"href":"https:\/\/www.erreelleitalia.com\/es\/wp-json\/wp\/v2\/pages\/9072\/revisions\/18624"}],"up":[{"embeddable":true,"href":"https:\/\/www.erreelleitalia.com\/es\/wp-json\/wp\/v2\/pages\/8405"}],"wp:attachment":[{"href":"https:\/\/www.erreelleitalia.com\/es\/wp-json\/wp\/v2\/media?parent=9072"}],"curies":[{"name":"wp","href":"https:\/\/api.w.org\/{rel}","templated":true}]}}