{"id":8607,"date":"2017-10-05T09:30:28","date_gmt":"2017-10-05T09:30:28","guid":{"rendered":"http:\/\/www.erreelleitalia.com\/?page_id=8607"},"modified":"2019-11-05T16:06:24","modified_gmt":"2019-11-05T16:06:24","slug":"glamour-ammonia-free-hair-color-cream","status":"publish","type":"page","link":"https:\/\/www.erreelleitalia.com\/es\/brands\/glamour\/glamour-ammonia-free-hair-color-cream\/","title":{"rendered":"Glamour Ammonia Free Hair Color Cream"},"content":{"rendered":"[vc_row type=\u00bbfull_width_background\u00bb full_screen_row_position=\u00bbmiddle\u00bb equal_height=\u00bbyes\u00bb content_placement=\u00bbmiddle\u00bb bg_color=\u00bb#725395&#8243; scene_position=\u00bbcenter\u00bb text_color=\u00bblight\u00bb text_align=\u00bbleft\u00bb top_padding=\u00bb7%\u00bb bottom_padding=\u00bb7%\u00bb overlay_strength=\u00bb0.3&#8243; shape_divider_position=\u00bbbottom\u00bb bg_image_animation=\u00bbnone\u00bb][vc_column column_padding=\u00bbno-extra-padding\u00bb column_padding_position=\u00bball\u00bb background_color_opacity=\u00bb1&#8243; background_hover_color_opacity=\u00bb1&#8243; column_link_target=\u00bb_self\u00bb column_shadow=\u00bbnone\u00bb column_border_radius=\u00bbnone\u00bb width=\u00bb1\/2&#8243; tablet_width_inherit=\u00bbdefault\u00bb tablet_text_alignment=\u00bbdefault\u00bb phone_text_alignment=\u00bbdefault\u00bb column_border_width=\u00bbnone\u00bb column_border_style=\u00bbsolid\u00bb bg_image_animation=\u00bbnone\u00bb][image_with_animation image_url=\u00bb8459&#8243; alignment=\u00bb\u00bb animation=\u00bbFade In\u00bb border_radius=\u00bbnone\u00bb box_shadow=\u00bbx_large_depth\u00bb max_width=\u00bb100%\u00bb][heading]\n<h3><a href=\"https:\/\/www.erreelleitalia.com\/nuance-glamour-ammonia-free\/\">Mira Les Nuances<\/a><\/h3>\n[\/heading][\/vc_column][vc_column column_padding=\u00bbpadding-6-percent\u00bb column_padding_position=\u00bball\u00bb background_color_opacity=\u00bb1&#8243; background_hover_color_opacity=\u00bb1&#8243; column_link_target=\u00bb_self\u00bb column_shadow=\u00bbnone\u00bb column_border_radius=\u00bbnone\u00bb width=\u00bb1\/2&#8243; tablet_width_inherit=\u00bbdefault\u00bb tablet_text_alignment=\u00bbdefault\u00bb phone_text_alignment=\u00bbdefault\u00bb column_border_width=\u00bbnone\u00bb column_border_style=\u00bbsolid\u00bb bg_image_animation=\u00bbnone\u00bb][vc_custom_heading text=\u00bbGlamour\u00bb font_container=\u00bbtag:h5|text_align:left|color:rgba(255%2C255%2C255%2C0.6)\u00bb use_theme_fonts=\u00bbyes\u00bb css=\u00bb.vc_custom_1507194013629{margin-bottom: 10px !important;}\u00bb][vc_custom_heading text=\u00bbAmmonia Free Hair Color Cream\u00bb font_container=\u00bbtag:h2|font_size:40|text_align:left|line_height:50px\u00bb use_theme_fonts=\u00bbyes\u00bb][vc_column_text css=\u00bb.vc_custom_1507305675714{margin-top: 30px !important;margin-bottom: 30px !important;}\u00bb]Es una crema de coloraci\u00f3n <strong>sin amon\u00edaco<\/strong>, a trav\u00e9s de su acci\u00f3n cosm\u00e9tica, est\u00e1 pensada para satisfacer las necesidades de nuestros clientes y especialmente para aquellos que experimentan problemas en la piel, ya sea reacciones al\u00e9rgicas o tengan piel sensible. Su f\u00f3rmula, enriquecida con <strong>aceite de Arg\u00e1n y Vitamina E<\/strong>, asegura tinte extremadamente suave y eficiente. Su alta concentraci\u00f3n de ingredientes activos, antioxidantes y emolientes, logra conseguir colores extraordinariamente brillantes y vivos. El cabello se vuelve visiblemente m\u00e1s sano, hidratado y regenerado. Los micro-pigmentos que ella contiene, penetran f\u00e1cilmente en la parte m\u00e1s profunda de la cut\u00edcula del cabello, garantizando una <strong>perfecta cobertura<\/strong> de canas y un <strong>color firme<\/strong> que perdura con el paso del tiempo. Su agradable fragancia a sabores frutados, otorga una placentera sensaci\u00f3n al momento de su aplicaci\u00f3n.<\/p>\n<p>Disponible en 45 matices.[\/vc_column_text][vc_row_inner column_margin=\u00bbdefault\u00bb text_align=\u00bbleft\u00bb][vc_column_inner column_padding=\u00bbno-extra-padding\u00bb column_padding_position=\u00bball\u00bb background_color_opacity=\u00bb1&#8243; background_hover_color_opacity=\u00bb1&#8243; column_shadow=\u00bbnone\u00bb column_border_radius=\u00bbnone\u00bb column_link_target=\u00bb_self\u00bb width=\u00bb1\/1&#8243; tablet_width_inherit=\u00bbdefault\u00bb column_border_width=\u00bbnone\u00bb column_border_style=\u00bbsolid\u00bb bg_image_animation=\u00bbnone\u00bb][vc_custom_heading text=\u00bbTama\u00f1o\u00bb font_container=\u00bbtag:h5|text_align:left|color:rgba(255%2C255%2C255%2C0.6)\u00bb use_theme_fonts=\u00bbyes\u00bb css=\u00bb.vc_custom_1507305702811{margin-bottom: 10px !important;}\u00bb][vc_column_text]Paquete con un tubo de 100 ml.[\/vc_column_text][\/vc_column_inner][\/vc_row_inner][divider line_type=\u00bbNo Line\u00bb custom_height=\u00bb10&#8243;][vc_custom_heading text=\u00bbModo de uso\u00bb font_container=\u00bbtag:h5|text_align:left|color:rgba(255%2C255%2C255%2C0.6)\u00bb use_theme_fonts=\u00bbyes\u00bb css=\u00bb.vc_custom_1507305783429{margin-bottom: 10px !important;}\u00bb][vc_column_text]En un contenedor no met\u00e1lico mezclar GLAMOUR CREAM COLOR SIN AMON\u00cdACO en la relaci\u00f3n de <strong>1: 1,5<\/strong> con la crema activador a 20 o 30 vol\u00famenes (ex:. 50 de color ml + 75 ml de activador dulce). <strong>Tiempo de actuaci\u00f3n<\/strong>: 25-30 min. Para obtener un color m\u00e1s intenso, relaci\u00f3n de mezcla <strong>1: 1<\/strong>. Para aclarar el color, a\u00f1adir brillo al cabello natural, refrescar las longitudes y las puntas del cabello, usar el oxidante en 10 vol\u00famenes. <strong>Tiempo de actuaci\u00f3n<\/strong>: 20 min.[\/vc_column_text][divider line_type=\u00bbNo Line\u00bb custom_height=\u00bb50&#8243;][social_buttons full_width_icons=\u00bbtrue\u00bb nectar_love=\u00bbtrue\u00bb facebook=\u00bbtrue\u00bb google_plus=\u00bbtrue\u00bb linkedin=\u00bbtrue\u00bb][\/vc_column][\/vc_row]\n","protected":false},"excerpt":{"rendered":"<p>[vc_row type=\u00bbfull_width_background\u00bb full_screen_row_position=\u00bbmiddle\u00bb equal_height=\u00bbyes\u00bb content_placement=\u00bbmiddle\u00bb bg_color=\u00bb#725395&#8243; scene_position=\u00bbcenter\u00bb text_color=\u00bblight\u00bb text_align=\u00bbleft\u00bb top_padding=\u00bb7%\u00bb bottom_padding=\u00bb7%\u00bb overlay_strength=\u00bb0.3&#8243; shape_divider_position=\u00bbbottom\u00bb bg_image_animation=\u00bbnone\u00bb][vc_column column_padding=\u00bbno-extra-padding\u00bb&#8230;<\/p>\n","protected":false},"author":1,"featured_media":0,"parent":8405,"menu_order":0,"comment_status":"closed","ping_status":"closed","template":"","meta":[],"_links":{"self":[{"href":"https:\/\/www.erreelleitalia.com\/es\/wp-json\/wp\/v2\/pages\/8607"}],"collection":[{"href":"https:\/\/www.erreelleitalia.com\/es\/wp-json\/wp\/v2\/pages"}],"about":[{"href":"https:\/\/www.erreelleitalia.com\/es\/wp-json\/wp\/v2\/types\/page"}],"author":[{"embeddable":true,"href":"https:\/\/www.erreelleitalia.com\/es\/wp-json\/wp\/v2\/users\/1"}],"replies":[{"embeddable":true,"href":"https:\/\/www.erreelleitalia.com\/es\/wp-json\/wp\/v2\/comments?post=8607"}],"version-history":[{"count":0,"href":"https:\/\/www.erreelleitalia.com\/es\/wp-json\/wp\/v2\/pages\/8607\/revisions"}],"up":[{"embeddable":true,"href":"https:\/\/www.erreelleitalia.com\/es\/wp-json\/wp\/v2\/pages\/8405"}],"wp:attachment":[{"href":"https:\/\/www.erreelleitalia.com\/es\/wp-json\/wp\/v2\/media?parent=8607"}],"curies":[{"name":"wp","href":"https:\/\/api.w.org\/{rel}","templated":true}]}}