{"id":8425,"date":"2017-08-09T16:31:49","date_gmt":"2017-08-09T16:31:49","guid":{"rendered":"http:\/\/www.erreelleitalia.com\/?page_id=8425"},"modified":"2018-10-18T15:42:41","modified_gmt":"2018-10-18T15:42:41","slug":"prestige-styling","status":"publish","type":"page","link":"https:\/\/www.erreelleitalia.com\/es\/brands\/prestige\/prestige-styling\/","title":{"rendered":"Prestige Styling"},"content":{"rendered":"[vc_row type=\u00bbfull_width_background\u00bb full_screen_row_position=\u00bbmiddle\u00bb bg_color=\u00bb#333333&#8243; scene_position=\u00bbcenter\u00bb text_color=\u00bblight\u00bb text_align=\u00bbleft\u00bb top_padding=\u00bb12%\u00bb bottom_padding=\u00bb5%\u00bb overlay_strength=\u00bb0.3&#8243; shape_divider_position=\u00bbbottom\u00bb][vc_column column_padding=\u00bbpadding-4-percent\u00bb column_padding_position=\u00bbbottom\u00bb background_color_opacity=\u00bb1&#8243; background_hover_color_opacity=\u00bb1&#8243; column_shadow=\u00bbnone\u00bb column_border_radius=\u00bbnone\u00bb width=\u00bb2\/3&#8243; tablet_text_alignment=\u00bbdefault\u00bb phone_text_alignment=\u00bbdefault\u00bb column_border_width=\u00bbnone\u00bb column_border_style=\u00bbsolid\u00bb offset=\u00bbvc_col-lg-8 vc_col-md-8 vc_col-xs-12&#8243;][vc_row_inner column_margin=\u00bbdefault\u00bb text_align=\u00bbleft\u00bb][vc_column_inner enable_animation=\u00bbtrue\u00bb animation=\u00bbfade-in-from-bottom\u00bb column_padding=\u00bbno-extra-padding\u00bb column_padding_position=\u00bball\u00bb background_color_opacity=\u00bb1&#8243; background_hover_color_opacity=\u00bb1&#8243; column_shadow=\u00bbnone\u00bb column_border_radius=\u00bbnone\u00bb width=\u00bb5\/6&#8243; column_border_width=\u00bbnone\u00bb column_border_style=\u00bbsolid\u00bb][vc_column_text max_width=\u00bb600&#8243; css=\u00bb.vc_custom_1506101995510{margin-bottom: 30px !important;}\u00bb]\n<h2>Prestige Styling<\/h2>\n<h6>Modela sus cabellos<\/h6>\n[\/vc_column_text][vc_custom_heading text=\u00bbD\u00e9jese inspirar por los peinados m\u00e1s modernos: arreglar, definir, modelar y esculpir su cabello creando el efecto que desea. Los productos PRESTIGE STYLING son de la m\u00e1xima calidad y est\u00e1n dise\u00f1ados para dar un look particular.\u00bb font_container=\u00bbtag:p|text_align:left|color:%23ffffff\u00bb use_theme_fonts=\u00bbyes\u00bb css_animation=\u00bbnone\u00bb css=\u00bb.vc_custom_1506102040868{padding-right: 10% !important;}\u00bb][\/vc_column_inner][vc_column_inner column_padding=\u00bbno-extra-padding\u00bb column_padding_position=\u00bball\u00bb background_color_opacity=\u00bb1&#8243; background_hover_color_opacity=\u00bb1&#8243; column_shadow=\u00bbnone\u00bb column_border_radius=\u00bbnone\u00bb width=\u00bb1\/6&#8243; column_border_width=\u00bbnone\u00bb column_border_style=\u00bbsolid\u00bb][\/vc_column_inner][\/vc_row_inner][\/vc_column][vc_column column_padding=\u00bbpadding-4-percent\u00bb column_padding_position=\u00bball\u00bb background_color_opacity=\u00bb1&#8243; background_hover_color_opacity=\u00bb1&#8243; column_shadow=\u00bbnone\u00bb column_border_radius=\u00bbnone\u00bb width=\u00bb1\/3&#8243; tablet_text_alignment=\u00bbdefault\u00bb phone_text_alignment=\u00bbdefault\u00bb column_border_width=\u00bb4px\u00bb column_border_color=\u00bb#555555&#8243; column_border_style=\u00bbsolid\u00bb enable_border_animation=\u00bbtrue\u00bb offset=\u00bbvc_col-lg-offset-0 vc_col-lg-4 vc_col-md-offset-0 vc_col-md-4 vc_col-xs-12&#8243;][vc_row_inner column_margin=\u00bbdefault\u00bb text_align=\u00bbleft\u00bb css=\u00bb.vc_custom_1485444358185{margin-bottom: 10px !important;}\u00bb][vc_column_inner enable_animation=\u00bbtrue\u00bb animation=\u00bbfade-in-from-bottom\u00bb column_padding=\u00bbno-extra-padding\u00bb column_padding_position=\u00bball\u00bb background_color_opacity=\u00bb1&#8243; background_hover_color_opacity=\u00bb1&#8243; column_shadow=\u00bbnone\u00bb column_border_radius=\u00bbnone\u00bb width=\u00bb1\/1&#8243; column_border_width=\u00bbnone\u00bb column_border_style=\u00bbsolid\u00bb][vc_custom_heading text=\u00bbCrea tu look\u00bb font_container=\u00bbtag:p|font_size:20|text_align:left|color:%23ffffff|line_height:20px\u00bb use_theme_fonts=\u00bbyes\u00bb css_animation=\u00bbnone\u00bb][\/vc_column_inner][\/vc_row_inner][vc_row_inner column_margin=\u00bbdefault\u00bb bottom_padding=\u00bb30&#8243; text_align=\u00bbleft\u00bb][vc_column_inner enable_animation=\u00bbtrue\u00bb animation=\u00bbfade-in-from-bottom\u00bb column_padding=\u00bbno-extra-padding\u00bb column_padding_position=\u00bball\u00bb background_color_opacity=\u00bb1&#8243; background_hover_color_opacity=\u00bb1&#8243; column_shadow=\u00bbnone\u00bb column_border_radius=\u00bbnone\u00bb width=\u00bb1\/1&#8243; column_border_width=\u00bbnone\u00bb column_border_style=\u00bbsolid\u00bb delay=\u00bb75&#8243;][vc_column_text css_animation=\u00bbnone\u00bb]Las ceras y el gel son art\u00edculos muy profesionales y \u00fatiles dise\u00f1ados para definir, esculpir y dar un toque estil\u00edstico final. Creado por la s\u00edntesis de la naturaleza, la belleza y la tecnolog\u00eda, los productos de cabello \u00abPRESTIGE STYLING\u00bb son de \u00faltima generaci\u00f3n y adecuados para todas las necesidades de la moda.[\/vc_column_text][\/vc_column_inner][\/vc_row_inner][\/vc_column][\/vc_row][vc_row type=\u00bbfull_width_content\u00bb full_screen_row_position=\u00bbmiddle\u00bb equal_height=\u00bbyes\u00bb content_placement=\u00bbmiddle\u00bb bg_color=\u00bb#f9f9f9&#8243; scene_position=\u00bbcenter\u00bb text_color=\u00bblight\u00bb text_align=\u00bbleft\u00bb overlay_strength=\u00bb0.3&#8243; shape_divider_position=\u00bbbottom\u00bb][vc_column column_padding=\u00bbno-extra-padding\u00bb column_padding_position=\u00bball\u00bb background_color_opacity=\u00bb1&#8243; background_hover_color_opacity=\u00bb1&#8243; column_shadow=\u00bbnone\u00bb column_border_radius=\u00bbnone\u00bb width=\u00bb1\/2&#8243; tablet_text_alignment=\u00bbdefault\u00bb phone_text_alignment=\u00bbdefault\u00bb column_border_width=\u00bbnone\u00bb column_border_style=\u00bbsolid\u00bb][vc_row_inner equal_height=\u00bbyes\u00bb content_placement=\u00bbmiddle\u00bb column_margin=\u00bbdefault\u00bb text_align=\u00bbleft\u00bb][vc_column_inner enable_animation=\u00bbtrue\u00bb animation=\u00bbflip-in-vertical\u00bb column_padding=\u00bbno-extra-padding\u00bb column_padding_position=\u00bball\u00bb background_color=\u00bb#ffffff\u00bb background_color_opacity=\u00bb0.7&#8243; background_hover_color_opacity=\u00bb1&#8243; column_shadow=\u00bbnone\u00bb column_border_radius=\u00bbnone\u00bb width=\u00bb1\/2&#8243; column_border_width=\u00bbnone\u00bb column_border_style=\u00bbsolid\u00bb delay=\u00bb100&#8243;][image_with_animation image_url=\u00bb11182&#8243; alignment=\u00bbcenter\u00bb animation=\u00bbGrow In\u00bb border_radius=\u00bbnone\u00bb box_shadow=\u00bbnone\u00bb max_width=\u00bb100%\u00bb img_link=\u00bbhttp:\/\/www.erreelleitalia.com\/es\/brands\/prestige\/prestige-styling\/prestige-styling-gel-de-modelacion-con-efecto-de-fijacion-extra-fuerte\/\u00bb][\/vc_column_inner][vc_column_inner enable_animation=\u00bbtrue\u00bb animation=\u00bbflip-in-vertical\u00bb column_padding=\u00bbpadding-7-percent\u00bb column_padding_position=\u00bball\u00bb background_color=\u00bb#ffffff\u00bb background_color_opacity=\u00bb1&#8243; background_hover_color_opacity=\u00bb1&#8243; column_shadow=\u00bbnone\u00bb column_border_radius=\u00bbnone\u00bb width=\u00bb1\/2&#8243; column_border_width=\u00bbnone\u00bb column_border_style=\u00bbsolid\u00bb][divider line_type=\u00bbNo Line\u00bb custom_height=\u00bb50&#8243;][vc_custom_heading text=\u00bbGel Extra Fuerte Man Hair\u00bb font_container=\u00bbtag:h4|font_size:38|text_align:left|color:%23000000|line_height:46px\u00bb use_theme_fonts=\u00bbyes\u00bb css=\u00bb.vc_custom_1506102116643{margin-top: -15px !important;}\u00bb][vc_custom_heading text=\u00bbGel efecto mojado\u00bb font_container=\u00bbtag:p|font_size:20|text_align:left|color:%23000000|line_height:20px\u00bb use_theme_fonts=\u00bbyes\u00bb][divider line_type=\u00bbNo Line\u00bb custom_height=\u00bb50&#8243;][nectar_cta btn_style=\u00bbsee-through\u00bb heading_tag=\u00bbh5&#8243; text_color=\u00bb#000000&#8243; link_type=\u00bbregular\u00bb alignment=\u00bbleft\u00bb link_text=\u00bbDescubre\u00bb url=\u00bbhttp:\/\/www.erreelleitalia.com\/es\/brands\/prestige\/prestige-styling\/prestige-styling-gel-de-modelacion-con-efecto-de-fijacion-extra-fuerte\/\u00bb][\/vc_column_inner][\/vc_row_inner][vc_row_inner equal_height=\u00bbyes\u00bb content_placement=\u00bbmiddle\u00bb column_margin=\u00bbdefault\u00bb text_align=\u00bbleft\u00bb][vc_column_inner enable_animation=\u00bbtrue\u00bb animation=\u00bbflip-in-vertical\u00bb column_padding=\u00bbpadding-7-percent\u00bb column_padding_position=\u00bball\u00bb background_color=\u00bb#ffffff\u00bb background_color_opacity=\u00bb1&#8243; background_hover_color_opacity=\u00bb1&#8243; column_shadow=\u00bbnone\u00bb column_border_radius=\u00bbnone\u00bb width=\u00bb1\/2&#8243; column_border_width=\u00bbnone\u00bb column_border_style=\u00bbsolid\u00bb][divider line_type=\u00bbNo Line\u00bb custom_height=\u00bb50&#8243;][vc_custom_heading text=\u00bbCera de Cabello con agua Man Hair\u00bb font_container=\u00bbtag:h4|font_size:38|text_align:left|color:%23000000|line_height:46px\u00bb use_theme_fonts=\u00bbyes\u00bb css=\u00bb.vc_custom_1506102243107{margin-top: -15px !important;}\u00bb][vc_custom_heading text=\u00bbCera para cabello efecto brillo\u00bb font_container=\u00bbtag:p|font_size:20|text_align:left|color:%23000000|line_height:20px\u00bb use_theme_fonts=\u00bbyes\u00bb][divider line_type=\u00bbNo Line\u00bb custom_height=\u00bb50&#8243;][nectar_cta btn_style=\u00bbsee-through\u00bb heading_tag=\u00bbh5&#8243; text_color=\u00bb#000000&#8243; link_type=\u00bbregular\u00bb alignment=\u00bbleft\u00bb link_text=\u00bbDescubre\u00bb url=\u00bbhttp:\/\/www.erreelleitalia.com\/es\/brands\/prestige\/prestige-styling\/prestige-styling-cera-brillante-con-agua\/\u00bb][\/vc_column_inner][vc_column_inner enable_animation=\u00bbtrue\u00bb animation=\u00bbflip-in-vertical\u00bb column_padding=\u00bbno-extra-padding\u00bb column_padding_position=\u00bball\u00bb background_color=\u00bb#ffffff\u00bb background_color_opacity=\u00bb0.7&#8243; background_hover_color_opacity=\u00bb1&#8243; column_shadow=\u00bbnone\u00bb column_border_radius=\u00bbnone\u00bb width=\u00bb1\/2&#8243; column_border_width=\u00bbnone\u00bb column_border_style=\u00bbsolid\u00bb delay=\u00bb100&#8243;][image_with_animation image_url=\u00bb11162&#8243; alignment=\u00bbcenter\u00bb animation=\u00bbGrow In\u00bb border_radius=\u00bbnone\u00bb box_shadow=\u00bbnone\u00bb max_width=\u00bb100%\u00bb img_link=\u00bbhttp:\/\/www.erreelleitalia.com\/es\/brands\/prestige\/prestige-styling\/prestige-styling-cera-brillante-con-agua\/\u00bb][\/vc_column_inner][\/vc_row_inner][\/vc_column][vc_column enable_animation=\u00bbtrue\u00bb animation=\u00bbflip-in-vertical\u00bb column_padding=\u00bbno-extra-padding\u00bb column_padding_position=\u00bball\u00bb background_color=\u00bb#f9f9f9&#8243; background_color_opacity=\u00bb0.5&#8243; background_hover_color_opacity=\u00bb1&#8243; column_shadow=\u00bbnone\u00bb column_border_radius=\u00bbnone\u00bb width=\u00bb1\/2&#8243; tablet_text_alignment=\u00bbdefault\u00bb phone_text_alignment=\u00bbdefault\u00bb column_border_width=\u00bbnone\u00bb column_border_style=\u00bbsolid\u00bb delay=\u00bb200&#8243;][vc_row_inner equal_height=\u00bbyes\u00bb content_placement=\u00bbmiddle\u00bb column_margin=\u00bbdefault\u00bb text_align=\u00bbleft\u00bb][vc_column_inner enable_animation=\u00bbtrue\u00bb animation=\u00bbflip-in-vertical\u00bb column_padding=\u00bbno-extra-padding\u00bb column_padding_position=\u00bball\u00bb background_color=\u00bb#ffffff\u00bb background_color_opacity=\u00bb0.7&#8243; background_hover_color_opacity=\u00bb1&#8243; column_shadow=\u00bbnone\u00bb column_border_radius=\u00bbnone\u00bb width=\u00bb1\/2&#8243; column_border_width=\u00bbnone\u00bb column_border_style=\u00bbsolid\u00bb delay=\u00bb100&#8243;][image_with_animation image_url=\u00bb11177&#8243; alignment=\u00bbcenter\u00bb animation=\u00bbGrow In\u00bb border_radius=\u00bbnone\u00bb box_shadow=\u00bbnone\u00bb max_width=\u00bb100%\u00bb img_link=\u00bbhttp:\/\/www.erreelleitalia.com\/es\/brands\/prestige\/prestige-styling\/prestige-styling-gel-de-modelacion-con-efecto-de-fijacion-iper-fuerte\/\u00bb][\/vc_column_inner][vc_column_inner enable_animation=\u00bbtrue\u00bb animation=\u00bbflip-in-vertical\u00bb column_padding=\u00bbpadding-7-percent\u00bb column_padding_position=\u00bball\u00bb background_color=\u00bb#ffffff\u00bb background_color_opacity=\u00bb1&#8243; background_hover_color_opacity=\u00bb1&#8243; column_shadow=\u00bbnone\u00bb column_border_radius=\u00bbnone\u00bb width=\u00bb1\/2&#8243; column_border_width=\u00bbnone\u00bb column_border_style=\u00bbsolid\u00bb][divider line_type=\u00bbNo Line\u00bb custom_height=\u00bb50&#8243;][vc_custom_heading text=\u00bbGel Iper Fuerte Man Hair\u00bb font_container=\u00bbtag:h4|font_size:38|text_align:left|color:%23000000|line_height:46px\u00bb use_theme_fonts=\u00bbyes\u00bb css=\u00bb.vc_custom_1506102182253{margin-top: -15px !important;}\u00bb][vc_custom_heading text=\u00bbGel de fijaci\u00f3n extrema\u00bb font_container=\u00bbtag:p|font_size:20|text_align:left|color:%23000000|line_height:20px\u00bb use_theme_fonts=\u00bbyes\u00bb][divider line_type=\u00bbNo Line\u00bb custom_height=\u00bb50&#8243;][nectar_cta btn_style=\u00bbsee-through\u00bb heading_tag=\u00bbh5&#8243; text_color=\u00bb#000000&#8243; link_type=\u00bbregular\u00bb alignment=\u00bbleft\u00bb link_text=\u00bbDescubre\u00bb url=\u00bbhttp:\/\/www.erreelleitalia.com\/es\/brands\/prestige\/prestige-styling\/prestige-styling-gel-de-modelacion-con-efecto-de-fijacion-iper-fuerte\/\u00bb][\/vc_column_inner][\/vc_row_inner][vc_row_inner equal_height=\u00bbyes\u00bb content_placement=\u00bbmiddle\u00bb column_margin=\u00bbdefault\u00bb text_align=\u00bbleft\u00bb][vc_column_inner enable_animation=\u00bbtrue\u00bb animation=\u00bbflip-in-vertical\u00bb column_padding=\u00bbpadding-7-percent\u00bb column_padding_position=\u00bball\u00bb background_color=\u00bb#ffffff\u00bb background_color_opacity=\u00bb1&#8243; background_hover_color_opacity=\u00bb1&#8243; column_shadow=\u00bbnone\u00bb column_border_radius=\u00bbnone\u00bb width=\u00bb1\/2&#8243; column_border_width=\u00bbnone\u00bb column_border_style=\u00bbsolid\u00bb][divider line_type=\u00bbNo Line\u00bb custom_height=\u00bb50&#8243;][vc_custom_heading text=\u00bbCera de Cabello Iper Fuerte Man Hair\u00bb font_container=\u00bbtag:h4|font_size:38|text_align:left|color:%23000000|line_height:46px\u00bb use_theme_fonts=\u00bbyes\u00bb css=\u00bb.vc_custom_1506102307199{margin-top: -15px !important;}\u00bb][vc_custom_heading text=\u00bbCera alta fijaci\u00f3n\u00bb font_container=\u00bbtag:p|font_size:20|text_align:left|color:%23000000|line_height:20px\u00bb use_theme_fonts=\u00bbyes\u00bb][divider line_type=\u00bbNo Line\u00bb custom_height=\u00bb50&#8243;][nectar_cta btn_style=\u00bbsee-through\u00bb heading_tag=\u00bbh5&#8243; text_color=\u00bb#000000&#8243; link_type=\u00bbregular\u00bb alignment=\u00bbleft\u00bb link_text=\u00bbDescubre\u00bb url=\u00bbhttp:\/\/www.erreelleitalia.com\/es\/brands\/prestige\/prestige-styling\/prestige-styling-cera-para-cabello-iper-fuerte\/\u00bb][\/vc_column_inner][vc_column_inner enable_animation=\u00bbtrue\u00bb animation=\u00bbflip-in-vertical\u00bb column_padding=\u00bbno-extra-padding\u00bb column_padding_position=\u00bball\u00bb background_color=\u00bb#ffffff\u00bb background_color_opacity=\u00bb0.7&#8243; background_hover_color_opacity=\u00bb1&#8243; column_shadow=\u00bbnone\u00bb column_border_radius=\u00bbnone\u00bb width=\u00bb1\/2&#8243; column_border_width=\u00bbnone\u00bb column_border_style=\u00bbsolid\u00bb delay=\u00bb100&#8243;][image_with_animation image_url=\u00bb11157&#8243; alignment=\u00bbcenter\u00bb animation=\u00bbGrow In\u00bb border_radius=\u00bbnone\u00bb box_shadow=\u00bbnone\u00bb max_width=\u00bb100%\u00bb img_link=\u00bbhttp:\/\/www.erreelleitalia.com\/es\/brands\/prestige\/prestige-styling\/prestige-styling-cera-para-cabello-iper-fuerte\/\u00bb][\/vc_column_inner][\/vc_row_inner][\/vc_column][\/vc_row]\n","protected":false},"excerpt":{"rendered":"<p>[vc_row type=\u00bbfull_width_background\u00bb full_screen_row_position=\u00bbmiddle\u00bb bg_color=\u00bb#333333&#8243; scene_position=\u00bbcenter\u00bb text_color=\u00bblight\u00bb text_align=\u00bbleft\u00bb top_padding=\u00bb12%\u00bb bottom_padding=\u00bb5%\u00bb overlay_strength=\u00bb0.3&#8243; shape_divider_position=\u00bbbottom\u00bb][vc_column column_padding=\u00bbpadding-4-percent\u00bb column_padding_position=\u00bbbottom\u00bb background_color_opacity=\u00bb1&#8243; background_hover_color_opacity=\u00bb1&#8243;&#8230;<\/p>\n","protected":false},"author":1,"featured_media":0,"parent":8409,"menu_order":0,"comment_status":"closed","ping_status":"closed","template":"","meta":[],"_links":{"self":[{"href":"https:\/\/www.erreelleitalia.com\/es\/wp-json\/wp\/v2\/pages\/8425"}],"collection":[{"href":"https:\/\/www.erreelleitalia.com\/es\/wp-json\/wp\/v2\/pages"}],"about":[{"href":"https:\/\/www.erreelleitalia.com\/es\/wp-json\/wp\/v2\/types\/page"}],"author":[{"embeddable":true,"href":"https:\/\/www.erreelleitalia.com\/es\/wp-json\/wp\/v2\/users\/1"}],"replies":[{"embeddable":true,"href":"https:\/\/www.erreelleitalia.com\/es\/wp-json\/wp\/v2\/comments?post=8425"}],"version-history":[{"count":0,"href":"https:\/\/www.erreelleitalia.com\/es\/wp-json\/wp\/v2\/pages\/8425\/revisions"}],"up":[{"embeddable":true,"href":"https:\/\/www.erreelleitalia.com\/es\/wp-json\/wp\/v2\/pages\/8409"}],"wp:attachment":[{"href":"https:\/\/www.erreelleitalia.com\/es\/wp-json\/wp\/v2\/media?parent=8425"}],"curies":[{"name":"wp","href":"https:\/\/api.w.org\/{rel}","templated":true}]}}