{"id":8078,"date":"2017-08-11T15:39:39","date_gmt":"2017-08-11T15:39:39","guid":{"rendered":"http:\/\/www.erreelleitalia.com\/?page_id=8078"},"modified":"2017-10-06T15:42:52","modified_gmt":"2017-10-06T15:42:52","slug":"glamour-oxigeno-en-crema","status":"publish","type":"page","link":"https:\/\/www.erreelleitalia.com\/es\/brands\/glamour\/glamour-oxigeno-en-crema\/","title":{"rendered":"Glamour Oxigeno en crema"},"content":{"rendered":"[vc_row type=\u00bbfull_width_background\u00bb full_screen_row_position=\u00bbmiddle\u00bb equal_height=\u00bbyes\u00bb content_placement=\u00bbmiddle\u00bb bg_color=\u00bb#be5670&#8243; scene_position=\u00bbcenter\u00bb text_color=\u00bblight\u00bb text_align=\u00bbleft\u00bb top_padding=\u00bb7%\u00bb bottom_padding=\u00bb7%\u00bb overlay_strength=\u00bb0.3&#8243;][vc_column column_padding=\u00bbno-extra-padding\u00bb column_padding_position=\u00bball\u00bb background_color_opacity=\u00bb1&#8243; background_hover_color_opacity=\u00bb1&#8243; column_shadow=\u00bbnone\u00bb width=\u00bb1\/2&#8243; tablet_text_alignment=\u00bbdefault\u00bb phone_text_alignment=\u00bbdefault\u00bb column_border_width=\u00bbnone\u00bb column_border_style=\u00bbsolid\u00bb][image_with_animation image_url=\u00bb7701&#8243; alignment=\u00bb\u00bb animation=\u00bbFade In\u00bb box_shadow=\u00bbx_large_depth\u00bb max_width=\u00bb100%\u00bb][\/vc_column][vc_column column_padding=\u00bbpadding-6-percent\u00bb column_padding_position=\u00bball\u00bb background_color_opacity=\u00bb1&#8243; background_hover_color_opacity=\u00bb1&#8243; column_shadow=\u00bbnone\u00bb width=\u00bb1\/2&#8243; tablet_text_alignment=\u00bbdefault\u00bb phone_text_alignment=\u00bbdefault\u00bb column_border_width=\u00bbnone\u00bb column_border_style=\u00bbsolid\u00bb][vc_custom_heading text=\u00bbGlamour Professional\u00bb font_container=\u00bbtag:h5|text_align:left|color:rgba(255%2C255%2C255%2C0.6)\u00bb use_theme_fonts=\u00bbyes\u00bb css=\u00bb.vc_custom_1502375719651{margin-bottom: 10px !important;}\u00bb][vc_custom_heading text=\u00bbOxigeno en crema\u00bb font_container=\u00bbtag:h2|font_size:40|text_align:left|line_height:50px\u00bb use_theme_fonts=\u00bbyes\u00bb][vc_column_text css=\u00bb.vc_custom_1507304491932{margin-top: 30px !important;margin-bottom: 30px !important;}\u00bb]Emulsi\u00f3n en crema con PH estabilizado y fragancia arom\u00e1tica. Su f\u00f3rmula, estudiada para ser usada espec\u00edficamente con el color permanente <strong>Glamour Hair Color Cream<\/strong>, confiere al producto un alto grado de protecci\u00f3n y asegura la estabilidad y la durabilidad del color.<\/p>\n<p>Disponible en variantes de 10 (3%), 20 (6%), 30 (9%) y 40 (12%) Volumenes.[\/vc_column_text][vc_row_inner column_margin=\u00bbdefault\u00bb text_align=\u00bbleft\u00bb][vc_column_inner column_padding=\u00bbno-extra-padding\u00bb column_padding_position=\u00bball\u00bb background_color_opacity=\u00bb1&#8243; width=\u00bb1\/1&#8243; column_border_width=\u00bbnone\u00bb column_border_style=\u00bbsolid\u00bb][vc_custom_heading text=\u00bbTama\u00f1o\u00bb font_container=\u00bbtag:h5|text_align:left|color:rgba(255%2C255%2C255%2C0.6)\u00bb use_theme_fonts=\u00bbyes\u00bb css=\u00bb.vc_custom_1507304180341{margin-bottom: 10px !important;}\u00bb][vc_column_text]Disponible en tama\u00f1os de 200 ml, 1000 ml.[\/vc_column_text][\/vc_column_inner][\/vc_row_inner][divider line_type=\u00bbNo Line\u00bb custom_height=\u00bb10&#8243;][vc_custom_heading text=\u00bbModo de empleo\u00bb font_container=\u00bbtag:h5|text_align:left|color:rgba(255%2C255%2C255%2C0.6)\u00bb use_theme_fonts=\u00bbyes\u00bb css=\u00bb.vc_custom_1504909327345{margin-bottom: 10px !important;}\u00bb][vc_column_text]Usar guantes adecuados. Agitar bien. Mezclar en un recipiente no met\u00e1lico con la crema de tinte en la proporci\u00f3n indicada. Vuelva a sellar bien el envase despu\u00e9s de su uso. Almacenar en un lugar fresco y seco, alejado de fuentes de calor.[\/vc_column_text][divider line_type=\u00bbNo Line\u00bb custom_height=\u00bb50&#8243;][social_buttons full_width_icons=\u00bbtrue\u00bb nectar_love=\u00bbtrue\u00bb facebook=\u00bbtrue\u00bb google_plus=\u00bbtrue\u00bb linkedin=\u00bbtrue\u00bb][\/vc_column][\/vc_row]\n","protected":false},"excerpt":{"rendered":"<p>[vc_row type=\u00bbfull_width_background\u00bb full_screen_row_position=\u00bbmiddle\u00bb equal_height=\u00bbyes\u00bb content_placement=\u00bbmiddle\u00bb bg_color=\u00bb#be5670&#8243; scene_position=\u00bbcenter\u00bb text_color=\u00bblight\u00bb text_align=\u00bbleft\u00bb top_padding=\u00bb7%\u00bb bottom_padding=\u00bb7%\u00bb overlay_strength=\u00bb0.3&#8243;][vc_column column_padding=\u00bbno-extra-padding\u00bb column_padding_position=\u00bball\u00bb background_color_opacity=\u00bb1&#8243;&#8230;<\/p>\n","protected":false},"author":1,"featured_media":0,"parent":8405,"menu_order":2,"comment_status":"closed","ping_status":"closed","template":"","meta":[],"_links":{"self":[{"href":"https:\/\/www.erreelleitalia.com\/es\/wp-json\/wp\/v2\/pages\/8078"}],"collection":[{"href":"https:\/\/www.erreelleitalia.com\/es\/wp-json\/wp\/v2\/pages"}],"about":[{"href":"https:\/\/www.erreelleitalia.com\/es\/wp-json\/wp\/v2\/types\/page"}],"author":[{"embeddable":true,"href":"https:\/\/www.erreelleitalia.com\/es\/wp-json\/wp\/v2\/users\/1"}],"replies":[{"embeddable":true,"href":"https:\/\/www.erreelleitalia.com\/es\/wp-json\/wp\/v2\/comments?post=8078"}],"version-history":[{"count":0,"href":"https:\/\/www.erreelleitalia.com\/es\/wp-json\/wp\/v2\/pages\/8078\/revisions"}],"up":[{"embeddable":true,"href":"https:\/\/www.erreelleitalia.com\/es\/wp-json\/wp\/v2\/pages\/8405"}],"wp:attachment":[{"href":"https:\/\/www.erreelleitalia.com\/es\/wp-json\/wp\/v2\/media?parent=8078"}],"curies":[{"name":"wp","href":"https:\/\/api.w.org\/{rel}","templated":true}]}}