{"id":12009,"date":"2018-11-30T11:04:59","date_gmt":"2018-11-30T11:04:59","guid":{"rendered":"http:\/\/www.erreelleitalia.com\/blondy-shampoo\/"},"modified":"2023-01-09T17:08:46","modified_gmt":"2023-01-09T17:08:46","slug":"blondy-shampoo","status":"publish","type":"page","link":"https:\/\/www.erreelleitalia.com\/es\/blondy-shampoo\/","title":{"rendered":"Blondy Shampoo"},"content":{"rendered":"[vc_row type=\u00bbfull_width_background\u00bb full_screen_row_position=\u00bbmiddle\u00bb column_margin=\u00bbdefault\u00bb equal_height=\u00bbyes\u00bb content_placement=\u00bbmiddle\u00bb column_direction=\u00bbdefault\u00bb column_direction_tablet=\u00bbdefault\u00bb column_direction_phone=\u00bbdefault\u00bb bg_color=\u00bb#5c3b6d\u00bb scene_position=\u00bbcenter\u00bb top_padding=\u00bb7%\u00bb bottom_padding=\u00bb7%\u00bb text_color=\u00bblight\u00bb text_align=\u00bbleft\u00bb row_border_radius=\u00bbnone\u00bb row_border_radius_applies=\u00bbbg\u00bb overlay_strength=\u00bb0.3&#8243; gradient_direction=\u00bbleft_to_right\u00bb shape_divider_position=\u00bbbottom\u00bb bg_image_animation=\u00bbnone\u00bb shape_type=\u00bb\u00bb][vc_column column_padding=\u00bbno-extra-padding\u00bb column_padding_tablet=\u00bbinherit\u00bb column_padding_phone=\u00bbinherit\u00bb column_padding_position=\u00bball\u00bb background_color_opacity=\u00bb1&#8243; background_hover_color_opacity=\u00bb1&#8243; column_shadow=\u00bbnone\u00bb column_border_radius=\u00bbnone\u00bb column_link_target=\u00bb_self\u00bb gradient_direction=\u00bbleft_to_right\u00bb overlay_strength=\u00bb0.3&#8243; width=\u00bb1\/2&#8243; tablet_width_inherit=\u00bbdefault\u00bb tablet_text_alignment=\u00bbdefault\u00bb phone_text_alignment=\u00bbdefault\u00bb column_border_width=\u00bbnone\u00bb column_border_style=\u00bbsolid\u00bb bg_image_animation=\u00bbnone\u00bb][image_with_animation image_url=\u00bb19097&#8243; animation=\u00bbFade In\u00bb hover_animation=\u00bbnone\u00bb alignment=\u00bb\u00bb border_radius=\u00bbnone\u00bb box_shadow=\u00bbx_large_depth\u00bb image_loading=\u00bbdefault\u00bb max_width=\u00bb100%\u00bb max_width_mobile=\u00bbdefault\u00bb][\/vc_column][vc_column column_padding=\u00bbpadding-6-percent\u00bb column_padding_tablet=\u00bbinherit\u00bb column_padding_phone=\u00bbinherit\u00bb column_padding_position=\u00bball\u00bb background_color_opacity=\u00bb1&#8243; background_hover_color_opacity=\u00bb1&#8243; column_shadow=\u00bbnone\u00bb column_border_radius=\u00bbnone\u00bb column_link_target=\u00bb_self\u00bb gradient_direction=\u00bbleft_to_right\u00bb overlay_strength=\u00bb0.3&#8243; width=\u00bb1\/2&#8243; tablet_width_inherit=\u00bbdefault\u00bb tablet_text_alignment=\u00bbdefault\u00bb phone_text_alignment=\u00bbdefault\u00bb column_border_width=\u00bbnone\u00bb column_border_style=\u00bbsolid\u00bb bg_image_animation=\u00bbnone\u00bb][vc_custom_heading text=\u00bbPrestige\u00bb font_container=\u00bbtag:h5|text_align:left|color:rgba(255%2C255%2C255%2C0.6)\u00bb use_theme_fonts=\u00bbyes\u00bb css=\u00bb.vc_custom_1548075461935{margin-bottom: 10px !important;}\u00bb][vc_custom_heading text=\u00bbBlondy No Yellow Neutralizing Shampoo\u00bb font_container=\u00bbtag:h2|font_size:40|text_align:left|line_height:50px\u00bb use_theme_fonts=\u00bbyes\u00bb][vc_column_text css=\u00bb.vc_custom_1548072684524{margin-top: 30px !important;margin-bottom: 30px !important;}\u00bb]Tratamiento detergente espec\u00edfico para cabellos blancos, decolorados, rubios o con mechas. Con una alta concentraci\u00f3n de pigmentos azules y violetas, neutraliza el antiest\u00e9tico reflejo amarillo provocado por causas naturales, factores ambientales o decoloraciones. Tambi\u00e9n ideal para revivir los cabellos grises, resaltar los tonos fr\u00edos y atenuar los reflejos cobre-naranja.[\/vc_column_text][divider line_type=\u00bbNo Line\u00bb custom_height=\u00bb50&#8243;][vc_custom_heading text=\u00bbModo de empelo\u00bb font_container=\u00bbtag:h5|text_align:left|color:rgba(255%2C255%2C255%2C0.6)\u00bb use_theme_fonts=\u00bbyes\u00bb css=\u00bb.vc_custom_1548072721271{margin-bottom: 10px !important;}\u00bb][vc_column_text css=\u00bb.vc_custom_1548072698430{margin-top: 30px !important;margin-bottom: 30px !important;}\u00bb]Distribuya uniformemente sobre los cabellos mojados, desde la ra\u00edz hasta el final, sin diluir. Emulsione y masajee suavemente insistiendo en las \u00e1reas donde el cabello se ve amarillento. Deje actuar por cerca 5 minutos. Una vez que ha transcurrido el tiempo de exposici\u00f3n, enjuague bien, eliminando todos los rastros de producto. Si es necesario, diluya el champ\u00fa y repita la operaci\u00f3n. \u00a0Durante el uso, es aconsejable llevar guantes adecuados o alternativamente l\u00e1vese bien las manos despu\u00e9s de aplicar el producto. En caso de contacto con los ojos, enjuague inmediatamente.[\/vc_column_text][vc_custom_heading text=\u00bbFormato\u00bb font_container=\u00bbtag:h5|text_align:left|color:rgba(255%2C255%2C255%2C0.6)\u00bb use_theme_fonts=\u00bbyes\u00bb css=\u00bb.vc_custom_1502233484784{margin-bottom: 10px !important;}\u00bb]<div class=\"nectar-fancy-ul\" data-list-icon=\"none\" data-animation=\"false\" data-animation-delay=\"0\" data-color=\"accent-color\" data-spacing=\"default\" data-alignment=\"left\"> \n<ul>\n<li>Botella de 1000ml<\/li>\n<li>Botella de 300ml<\/li>\n<\/ul>\n <\/div>[divider line_type=\u00bbNo Line\u00bb custom_height=\u00bb50&#8243;][\/vc_column][\/vc_row]\n","protected":false},"excerpt":{"rendered":"<p>[vc_row type=\u00bbfull_width_background\u00bb full_screen_row_position=\u00bbmiddle\u00bb column_margin=\u00bbdefault\u00bb equal_height=\u00bbyes\u00bb content_placement=\u00bbmiddle\u00bb column_direction=\u00bbdefault\u00bb column_direction_tablet=\u00bbdefault\u00bb column_direction_phone=\u00bbdefault\u00bb bg_color=\u00bb#5c3b6d\u00bb scene_position=\u00bbcenter\u00bb top_padding=\u00bb7%\u00bb bottom_padding=\u00bb7%\u00bb text_color=\u00bblight\u00bb text_align=\u00bbleft\u00bb&#8230;<\/p>\n","protected":false},"author":2,"featured_media":0,"parent":0,"menu_order":0,"comment_status":"closed","ping_status":"closed","template":"","meta":[],"_links":{"self":[{"href":"https:\/\/www.erreelleitalia.com\/es\/wp-json\/wp\/v2\/pages\/12009"}],"collection":[{"href":"https:\/\/www.erreelleitalia.com\/es\/wp-json\/wp\/v2\/pages"}],"about":[{"href":"https:\/\/www.erreelleitalia.com\/es\/wp-json\/wp\/v2\/types\/page"}],"author":[{"embeddable":true,"href":"https:\/\/www.erreelleitalia.com\/es\/wp-json\/wp\/v2\/users\/2"}],"replies":[{"embeddable":true,"href":"https:\/\/www.erreelleitalia.com\/es\/wp-json\/wp\/v2\/comments?post=12009"}],"version-history":[{"count":1,"href":"https:\/\/www.erreelleitalia.com\/es\/wp-json\/wp\/v2\/pages\/12009\/revisions"}],"predecessor-version":[{"id":19101,"href":"https:\/\/www.erreelleitalia.com\/es\/wp-json\/wp\/v2\/pages\/12009\/revisions\/19101"}],"wp:attachment":[{"href":"https:\/\/www.erreelleitalia.com\/es\/wp-json\/wp\/v2\/media?parent=12009"}],"curies":[{"name":"wp","href":"https:\/\/api.w.org\/{rel}","templated":true}]}}