{"id":11828,"date":"2018-12-12T09:34:48","date_gmt":"2018-12-12T09:34:48","guid":{"rendered":"http:\/\/www.erreelleitalia.com\/prestige-vita1\/"},"modified":"2019-01-21T10:23:12","modified_gmt":"2019-01-21T10:23:12","slug":"prestige-vita1","status":"publish","type":"page","link":"https:\/\/www.erreelleitalia.com\/es\/prestige-vita1\/","title":{"rendered":"Prestige Vita 1"},"content":{"rendered":"[vc_row type=\u00bbfull_width_background\u00bb full_screen_row_position=\u00bbmiddle\u00bb equal_height=\u00bbyes\u00bb content_placement=\u00bbmiddle\u00bb bg_image=\u00bb11667&#8243; bg_position=\u00bbleft top\u00bb bg_repeat=\u00bbno-repeat\u00bb scene_position=\u00bbcenter\u00bb text_color=\u00bbdark\u00bb text_align=\u00bbleft\u00bb top_padding=\u00bb7%\u00bb bottom_padding=\u00bb7%\u00bb overlay_strength=\u00bb0.3&#8243; shape_divider_position=\u00bbbottom\u00bb shape_type=\u00bb\u00bb][vc_column column_padding=\u00bbno-extra-padding\u00bb column_padding_position=\u00bball\u00bb background_color_opacity=\u00bb1&#8243; background_hover_color_opacity=\u00bb1&#8243; column_shadow=\u00bbnone\u00bb column_border_radius=\u00bbnone\u00bb width=\u00bb1\/2&#8243; tablet_text_alignment=\u00bbdefault\u00bb phone_text_alignment=\u00bbdefault\u00bb column_border_width=\u00bbnone\u00bb column_border_style=\u00bbsolid\u00bb][image_with_animation image_url=\u00bb11910&#8243; alignment=\u00bb\u00bb animation=\u00bbFade In\u00bb border_radius=\u00bbnone\u00bb box_shadow=\u00bbx_large_depth\u00bb max_width=\u00bb100%\u00bb][\/vc_column][vc_column column_padding=\u00bbpadding-6-percent\u00bb column_padding_position=\u00bball\u00bb background_color_opacity=\u00bb1&#8243; background_hover_color_opacity=\u00bb1&#8243; font_color=\u00bb#000000&#8243; column_shadow=\u00bbnone\u00bb column_border_radius=\u00bbnone\u00bb width=\u00bb1\/2&#8243; tablet_text_alignment=\u00bbdefault\u00bb phone_text_alignment=\u00bbdefault\u00bb column_border_width=\u00bbnone\u00bb column_border_style=\u00bbsolid\u00bb][vc_custom_heading text=\u00bbPrestige Vita Botanictherapy\u00bb font_container=\u00bbtag:h5|text_align:left|color:rgba(10%2C0%2C0%2C0.6)\u00bb use_theme_fonts=\u00bbyes\u00bb css=\u00bb.vc_custom_1547737301271{margin-bottom: 10px !important;}\u00bb][vc_custom_heading text=\u00bb Start Up Clarifying Shampoo\u00bb font_container=\u00bbtag:h2|font_size:40|text_align:left|color:%23000000|line_height:50px\u00bb use_theme_fonts=\u00bbyes\u00bb][vc_column_text css=\u00bb.vc_custom_1547739370693{margin-top: 30px !important;margin-bottom: 30px !important;}\u00bb]Champ\u00fa pre-tratamiento de acci\u00f3n hidratante y calmante, limpia la fibra capilar y la prepara para el sistema de reconstrucci\u00f3n. Asegura una limpieza profunda del cabello, liber\u00e1ndolo de las impurezas y de los residuos de peinado sin atacarlos. Su f\u00f3rmula espec\u00edfica abre las escamas de la cut\u00edcula del cabello, favoreciendo la absorci\u00f3n de los ingredientes activos presentes en las siguientes fases.[\/vc_column_text][divider line_type=\u00bbNo Line\u00bb custom_height=\u00bb50&#8243;][vc_row_inner column_margin=\u00bbdefault\u00bb text_align=\u00bbleft\u00bb][vc_column_inner column_padding=\u00bbno-extra-padding\u00bb column_padding_position=\u00bball\u00bb background_color_opacity=\u00bb1&#8243; background_hover_color_opacity=\u00bb1&#8243; font_color=\u00bb#000000&#8243; column_shadow=\u00bbnone\u00bb column_border_radius=\u00bbnone\u00bb width=\u00bb1\/2&#8243; column_border_width=\u00bbnone\u00bb column_border_style=\u00bbsolid\u00bb][vc_custom_heading text=\u00bbFormato\u00bb font_container=\u00bbtag:h5|text_align:left|color:rgba(0%2C0%2C0%2C0.6)\u00bb use_theme_fonts=\u00bbyes\u00bb css=\u00bb.vc_custom_1544619357442{margin-bottom: 10px !important;}\u00bb]<div class=\"nectar-fancy-ul\" data-list-icon=\"none\" data-animation=\"false\" data-animation-delay=\"0\" data-color=\"accent-color\" data-spacing=\"default\" data-alignment=\"left\"> \n<ul>\n<li>Botella de 1000 ml<\/li>\n<\/ul>\n <\/div>[\/vc_column_inner][\/vc_row_inner][vc_custom_heading text=\u00bbModo de empleo\u00bb font_container=\u00bbtag:h5|text_align:left|color:rgba(0%2C0%2C0%2C0.6)\u00bb use_theme_fonts=\u00bbyes\u00bb css=\u00bb.vc_custom_1547743353666{margin-bottom: 10px !important;}\u00bb]<div class=\"nectar-fancy-ul\" data-list-icon=\"none\" data-animation=\"false\" data-animation-delay=\"0\" data-color=\"accent-color\" data-spacing=\"default\" data-alignment=\"left\"> Distribuir uniformemente sobre el cabello mojado. Masajear suavemente y dejar actuar unos minutos para promover la acci\u00f3n de los principios activos. Despu\u00e9s del tiempo de exposici\u00f3n, enjuague bien y repita la operaci\u00f3n. <\/div>[vc_column_text css=\u00bb.vc_custom_1546516035325{margin-top: 30px !important;margin-bottom: 30px !important;}\u00bb][\/vc_column_text][divider line_type=\u00bbNo Line\u00bb custom_height=\u00bb50&#8243;][social_buttons full_width_icons=\u00bbtrue\u00bb nectar_love=\u00bbtrue\u00bb facebook=\u00bbtrue\u00bb google_plus=\u00bbtrue\u00bb linkedin=\u00bbtrue\u00bb][\/vc_column][\/vc_row]\n","protected":false},"excerpt":{"rendered":"<p>[vc_row type=\u00bbfull_width_background\u00bb full_screen_row_position=\u00bbmiddle\u00bb equal_height=\u00bbyes\u00bb content_placement=\u00bbmiddle\u00bb bg_image=\u00bb11667&#8243; bg_position=\u00bbleft top\u00bb bg_repeat=\u00bbno-repeat\u00bb scene_position=\u00bbcenter\u00bb text_color=\u00bbdark\u00bb text_align=\u00bbleft\u00bb top_padding=\u00bb7%\u00bb bottom_padding=\u00bb7%\u00bb overlay_strength=\u00bb0.3&#8243;&#8230;<\/p>\n","protected":false},"author":2,"featured_media":0,"parent":0,"menu_order":0,"comment_status":"closed","ping_status":"closed","template":"","meta":[],"_links":{"self":[{"href":"https:\/\/www.erreelleitalia.com\/es\/wp-json\/wp\/v2\/pages\/11828"}],"collection":[{"href":"https:\/\/www.erreelleitalia.com\/es\/wp-json\/wp\/v2\/pages"}],"about":[{"href":"https:\/\/www.erreelleitalia.com\/es\/wp-json\/wp\/v2\/types\/page"}],"author":[{"embeddable":true,"href":"https:\/\/www.erreelleitalia.com\/es\/wp-json\/wp\/v2\/users\/2"}],"replies":[{"embeddable":true,"href":"https:\/\/www.erreelleitalia.com\/es\/wp-json\/wp\/v2\/comments?post=11828"}],"version-history":[{"count":0,"href":"https:\/\/www.erreelleitalia.com\/es\/wp-json\/wp\/v2\/pages\/11828\/revisions"}],"wp:attachment":[{"href":"https:\/\/www.erreelleitalia.com\/es\/wp-json\/wp\/v2\/media?parent=11828"}],"curies":[{"name":"wp","href":"https:\/\/api.w.org\/{rel}","templated":true}]}}