{"id":11250,"date":"2018-09-17T10:58:04","date_gmt":"2018-09-17T10:58:04","guid":{"rendered":"http:\/\/www.erreelleitalia.com\/botanicolor\/"},"modified":"2022-09-15T09:40:02","modified_gmt":"2022-09-15T09:40:02","slug":"botanic","status":"publish","type":"page","link":"https:\/\/www.erreelleitalia.com\/es\/botanic\/","title":{"rendered":"Prestige Botanic"},"content":{"rendered":"[vc_row type=\u00bbfull_width_content\u00bb full_screen_row_position=\u00bbmiddle\u00bb column_margin=\u00bbdefault\u00bb equal_height=\u00bbyes\u00bb content_placement=\u00bbmiddle\u00bb column_direction=\u00bbdefault\u00bb column_direction_tablet=\u00bbdefault\u00bb column_direction_phone=\u00bbdefault\u00bb bg_color=\u00bb#ffffff\u00bb scene_position=\u00bbcenter\u00bb text_color=\u00bbdark\u00bb text_align=\u00bbleft\u00bb row_border_radius=\u00bbnone\u00bb row_border_radius_applies=\u00bbbg\u00bb overlay_strength=\u00bb0.3&#8243; gradient_direction=\u00bbleft_to_right\u00bb shape_divider_position=\u00bbbottom\u00bb bg_image_animation=\u00bbnone\u00bb][vc_column column_padding=\u00bbpadding-10-percent\u00bb column_padding_tablet=\u00bbinherit\u00bb column_padding_phone=\u00bbinherit\u00bb column_padding_position=\u00bball\u00bb background_color=\u00bb#93a365&#8243; background_color_opacity=\u00bb1&#8243; background_hover_color_opacity=\u00bb1&#8243; column_shadow=\u00bbnone\u00bb column_border_radius=\u00bbnone\u00bb column_link_target=\u00bb_self\u00bb gradient_direction=\u00bbleft_to_right\u00bb overlay_strength=\u00bb0.3&#8243; width=\u00bb1\/2&#8243; tablet_width_inherit=\u00bbdefault\u00bb tablet_text_alignment=\u00bbdefault\u00bb phone_text_alignment=\u00bbdefault\u00bb column_border_width=\u00bbnone\u00bb column_border_style=\u00bbsolid\u00bb bg_image_animation=\u00bbnone\u00bb][vc_row_inner column_margin=\u00bbdefault\u00bb column_direction=\u00bbdefault\u00bb column_direction_tablet=\u00bbdefault\u00bb column_direction_phone=\u00bbdefault\u00bb text_align=\u00bbleft\u00bb][vc_column_inner column_padding=\u00bbno-extra-padding\u00bb column_padding_tablet=\u00bbinherit\u00bb column_padding_phone=\u00bbinherit\u00bb column_padding_position=\u00bball\u00bb background_color_opacity=\u00bb1&#8243; background_hover_color_opacity=\u00bb1&#8243; column_shadow=\u00bbnone\u00bb column_border_radius=\u00bbnone\u00bb column_link_target=\u00bb_self\u00bb gradient_direction=\u00bbleft_to_right\u00bb overlay_strength=\u00bb0.3&#8243; width=\u00bb1\/1&#8243; tablet_width_inherit=\u00bbdefault\u00bb column_border_width=\u00bbnone\u00bb column_border_style=\u00bbsolid\u00bb bg_image_animation=\u00bbnone\u00bb enable_animation=\u00bbtrue\u00bb animation=\u00bbfade-in-from-bottom\u00bb][vc_custom_heading text=\u00bbErreelle italia presenta\u00bb font_container=\u00bbtag:h5|text_align:left|color:%23ffffff\u00bb use_theme_fonts=\u00bbyes\u00bb css=\u00bb.vc_custom_1537266508078{margin-bottom: 10px !important;}\u00bb][vc_custom_heading text=\u00bbPrestige Botanic\u00bb font_container=\u00bbtag:h2|font_size:40|text_align:left|color:%23ffffff|line_height:50px\u00bb use_theme_fonts=\u00bbyes\u00bb][vc_custom_heading text=\u00bbCrema colorante para el cabello, con extractos de c\u00e9lulas madre vegetales, \u00e1cido hialur\u00f3nico y aceites naturales. Crema oxidante Disponible en vol\u00famenes de 10 (3%), 20 (6%), 30 (9%) y 40 (12%).\u00bb font_container=\u00bbtag:p|font_size:24|text_align:left|color:rgba(255%2C255%2C255%2C0.6)\u00bb use_theme_fonts=\u00bbyes\u00bb][nectar_btn size=\u00bbjumbo\u00bb button_style=\u00bbsee-through-2&#8243; color_override=\u00bb#ffffff\u00bb hover_text_color_override=\u00bb#ffffff\u00bb icon_family=\u00bbdefault_arrow\u00bb url=\u00bbhttp:\/\/www.erreelleitalia.com\/botanicolor\/\u00bb text=\u00bbBotanicolor\u00bb css_animation=\u00bbnone\u00bb margin_top=\u00bb30&#8243;][nectar_btn size=\u00bbjumbo\u00bb button_style=\u00bbsee-through-2&#8243; color_override=\u00bb#ffffff\u00bb hover_text_color_override=\u00bb#ffffff\u00bb icon_family=\u00bbdefault_arrow\u00bb url=\u00bbhttp:\/\/www.erreelleitalia.com\/botanicoxy\/\u00bb text=\u00bbBotanicoxy\u00bb css_animation=\u00bbnone\u00bb margin_top=\u00bb30&#8243;][nectar_btn size=\u00bbjumbo\u00bb button_style=\u00bbsee-through-2&#8243; color_override=\u00bb#ffffff\u00bb hover_text_color_override=\u00bb#ffffff\u00bb icon_family=\u00bbdefault_arrow\u00bb url=\u00bbhttp:\/\/www.erreelleitalia.com\/es\/prestige-vita-hair-rescue-therapy\/\u00bb text=\u00bbBotanictherapy\u00bb css_animation=\u00bbnone\u00bb margin_top=\u00bb30&#8243;][nectar_btn size=\u00bbjumbo\u00bb button_style=\u00bbsee-through-2&#8243; color_override=\u00bb#ffffff\u00bb hover_text_color_override=\u00bb#ffffff\u00bb icon_family=\u00bbdefault_arrow\u00bb url=\u00bbhttps:\/\/www.erreelleitalia.com\/es\/brands\/prestige\/prestige-tecnic\/prestige-event-color-free\/\u00bb text=\u00bbBotanicolor free\u00bb css_animation=\u00bbnone\u00bb margin_top=\u00bb30&#8243;][nectar_btn size=\u00bbjumbo\u00bb button_style=\u00bbsee-through-2&#8243; color_override=\u00bb#ffffff\u00bb hover_text_color_override=\u00bb#ffffff\u00bb icon_family=\u00bbdefault_arrow\u00bb url=\u00bbhttps:\/\/www.erreelleitalia.com\/es\/brands\/prestige\/prestige-tecnic\/prestige-crema-oxidante-event-color-free\/\u00bb text=\u00bbBotanicoxyr free\u00bb css_animation=\u00bbnone\u00bb margin_top=\u00bb30&#8243;][\/vc_column_inner][\/vc_row_inner][\/vc_column][vc_column column_padding=\u00bbno-extra-padding\u00bb column_padding_tablet=\u00bbinherit\u00bb column_padding_phone=\u00bbinherit\u00bb column_padding_position=\u00bball\u00bb background_color_opacity=\u00bb1&#8243; background_hover_color_opacity=\u00bb1&#8243; background_image=\u00bb10942&#8243; background_image_position=\u00bbcenter center\u00bb enable_bg_scale=\u00bbtrue\u00bb column_shadow=\u00bbnone\u00bb column_border_radius=\u00bbnone\u00bb column_link_target=\u00bb_self\u00bb gradient_direction=\u00bbleft_to_right\u00bb overlay_strength=\u00bb0.3&#8243; width=\u00bb1\/2&#8243; tablet_width_inherit=\u00bbdefault\u00bb tablet_text_alignment=\u00bbdefault\u00bb phone_text_alignment=\u00bbdefault\u00bb column_border_width=\u00bbnone\u00bb column_border_style=\u00bbsolid\u00bb bg_image_animation=\u00bbnone\u00bb enable_animation=\u00bbtrue\u00bb animation=\u00bbfade-in-from-right\u00bb][\/vc_column][\/vc_row][vc_row type=\u00bbfull_width_content\u00bb full_screen_row_position=\u00bbmiddle\u00bb column_margin=\u00bbdefault\u00bb equal_height=\u00bbyes\u00bb content_placement=\u00bbmiddle\u00bb column_direction=\u00bbdefault\u00bb column_direction_tablet=\u00bbdefault\u00bb column_direction_phone=\u00bbdefault\u00bb scene_position=\u00bbcenter\u00bb text_color=\u00bbdark\u00bb text_align=\u00bbleft\u00bb row_border_radius=\u00bbnone\u00bb row_border_radius_applies=\u00bbbg\u00bb overlay_strength=\u00bb0.3&#8243; gradient_direction=\u00bbleft_to_right\u00bb shape_divider_position=\u00bbbottom\u00bb bg_image_animation=\u00bbnone\u00bb][vc_column column_padding=\u00bbno-extra-padding\u00bb column_padding_tablet=\u00bbinherit\u00bb column_padding_phone=\u00bbinherit\u00bb column_padding_position=\u00bball\u00bb background_color_opacity=\u00bb1&#8243; background_hover_color_opacity=\u00bb1&#8243; background_image=\u00bb11732&#8243; background_image_position=\u00bbcenter center\u00bb enable_bg_scale=\u00bbtrue\u00bb column_shadow=\u00bbnone\u00bb column_border_radius=\u00bbnone\u00bb column_link_target=\u00bb_self\u00bb gradient_direction=\u00bbleft_to_right\u00bb overlay_strength=\u00bb0.3&#8243; width=\u00bb1\/2&#8243; tablet_width_inherit=\u00bbdefault\u00bb tablet_text_alignment=\u00bbdefault\u00bb phone_text_alignment=\u00bbdefault\u00bb column_border_width=\u00bbnone\u00bb column_border_style=\u00bbsolid\u00bb bg_image_animation=\u00bbnone\u00bb enable_animation=\u00bbtrue\u00bb animation=\u00bbfade-in-from-left\u00bb][\/vc_column][vc_column column_padding=\u00bbpadding-10-percent\u00bb column_padding_tablet=\u00bbinherit\u00bb column_padding_phone=\u00bbinherit\u00bb column_padding_position=\u00bball\u00bb background_color=\u00bb#ffffff\u00bb background_color_opacity=\u00bb1&#8243; background_hover_color_opacity=\u00bb1&#8243; column_shadow=\u00bbnone\u00bb column_border_radius=\u00bbnone\u00bb column_link_target=\u00bb_self\u00bb gradient_direction=\u00bbleft_to_right\u00bb overlay_strength=\u00bb0.3&#8243; width=\u00bb1\/2&#8243; tablet_width_inherit=\u00bbdefault\u00bb tablet_text_alignment=\u00bbdefault\u00bb phone_text_alignment=\u00bbdefault\u00bb column_border_width=\u00bbnone\u00bb column_border_style=\u00bbsolid\u00bb bg_image_animation=\u00bbnone\u00bb][vc_row_inner column_margin=\u00bbdefault\u00bb column_direction=\u00bbdefault\u00bb column_direction_tablet=\u00bbdefault\u00bb column_direction_phone=\u00bbdefault\u00bb text_align=\u00bbleft\u00bb][vc_column_inner column_padding=\u00bbno-extra-padding\u00bb column_padding_tablet=\u00bbinherit\u00bb column_padding_phone=\u00bbinherit\u00bb column_padding_position=\u00bball\u00bb background_color_opacity=\u00bb1&#8243; background_hover_color_opacity=\u00bb1&#8243; column_shadow=\u00bbnone\u00bb column_border_radius=\u00bbnone\u00bb column_link_target=\u00bb_self\u00bb gradient_direction=\u00bbleft_to_right\u00bb overlay_strength=\u00bb0.3&#8243; width=\u00bb1\/1&#8243; tablet_width_inherit=\u00bbdefault\u00bb column_border_width=\u00bbnone\u00bb column_border_style=\u00bbsolid\u00bb bg_image_animation=\u00bbnone\u00bb enable_animation=\u00bbtrue\u00bb animation=\u00bbfade-in-from-bottom\u00bb][vc_custom_heading text=\u00bbcoming soon&#8230;\u00bb font_container=\u00bbtag:h5|text_align:left|color:%23bfbfbf\u00bb use_theme_fonts=\u00bbyes\u00bb css=\u00bb.vc_custom_1537265143226{margin-bottom: 10px !important;}\u00bb][vc_custom_heading text=\u00bbPrestige Botanicolor el cambio natural\u00bb font_container=\u00bbtag:h2|font_size:40|text_align:left|line_height:50px\u00bb use_theme_fonts=\u00bbyes\u00bb][vc_custom_heading text=\u00bbLa nostra azienda \u00e8 da sempre impegnata attivamente nella ricerca e nello studio di prodotti ad alte prestazioni, in grado di mantenere i pi\u00f9 elevati standard qualitativi nel pieno rispetto di cute e capelli.<br \/>\nBotanicolor \u00e8 il nuovo trattamento-colore che riesce a coniugare risultato e benessere.<br \/>\nLa sua speciale formula, cremosa e vellutata, garantisce una perfomance eccellente e al contempo protegge e ripara la fibra capillare.<br \/>\nL\u2019impiego di pigmenti di alta qualit\u00e0 assicura una colorazione decisa e stabile con riflessi intensi e a lunga durata.<br \/>\nLa sinergia tra i principi attivi protegge la cute dalle irritazioni e permette di colorare i capelli dolcemente lasciandoli pi\u00f9 forti, morbidi e lucidi.\u00bb font_container=\u00bbtag:p|text_align:left|color:rgba(10%2C10%2C10%2C0.6)\u00bb use_theme_fonts=\u00bbyes\u00bb][nectar_btn size=\u00bbjumbo\u00bb button_style=\u00bbsee-through-2&#8243; hover_color_override=\u00bb#7b9952&#8243; hover_text_color_override=\u00bb#ffffff\u00bb icon_family=\u00bbnone\u00bb url=\u00bbhttp:\/\/www.erreelleitalia.com\/diventa-distrubutore\/\u00bb text=\u00bbHazte distribuidor\u00bb margin_top=\u00bb30&#8243;][\/vc_column_inner][\/vc_row_inner][\/vc_column][\/vc_row][vc_row type=\u00bbfull_width_content\u00bb full_screen_row_position=\u00bbmiddle\u00bb column_margin=\u00bbdefault\u00bb equal_height=\u00bbyes\u00bb content_placement=\u00bbmiddle\u00bb column_direction=\u00bbdefault\u00bb column_direction_tablet=\u00bbdefault\u00bb column_direction_phone=\u00bbdefault\u00bb bg_color=\u00bb#232323&#8243; full_height=\u00bbyes\u00bb columns_placement=\u00bbstretch\u00bb scene_position=\u00bbcenter\u00bb text_color=\u00bbdark\u00bb text_align=\u00bbleft\u00bb row_border_radius=\u00bbnone\u00bb row_border_radius_applies=\u00bbbg\u00bb overlay_strength=\u00bb0.3&#8243; gradient_direction=\u00bbleft_to_right\u00bb shape_divider_position=\u00bbbottom\u00bb bg_image_animation=\u00bbnone\u00bb][vc_column column_padding=\u00bbpadding-10-percent\u00bb column_padding_tablet=\u00bbinherit\u00bb column_padding_phone=\u00bbinherit\u00bb column_padding_position=\u00bball\u00bb background_color=\u00bb#ffffff\u00bb background_color_opacity=\u00bb1&#8243; background_hover_color_opacity=\u00bb1&#8243; column_shadow=\u00bbnone\u00bb column_border_radius=\u00bbnone\u00bb column_link_target=\u00bb_self\u00bb gradient_direction=\u00bbleft_to_right\u00bb overlay_strength=\u00bb0.3&#8243; width=\u00bb1\/2&#8243; tablet_width_inherit=\u00bbdefault\u00bb tablet_text_alignment=\u00bbdefault\u00bb phone_text_alignment=\u00bbdefault\u00bb column_border_width=\u00bbnone\u00bb column_border_style=\u00bbsolid\u00bb bg_image_animation=\u00bbnone\u00bb][vc_custom_heading text=\u00bbPrestige Botanicolor\u00bb font_container=\u00bbtag:h5|text_align:left|color:%23bfbfbf\u00bb use_theme_fonts=\u00bbyes\u00bb css=\u00bb.vc_custom_1537265650504{margin-bottom: 10px !important;}\u00bb][vc_custom_heading text=\u00bbLa garant\u00eda de un producto libre de riesgos para el cabello.\u00bb font_container=\u00bbtag:h2|font_size:40|text_align:left|line_height:50px\u00bb use_theme_fonts=\u00bbyes\u00bb][vc_column_text css=\u00bb.vc_custom_1543862335235{margin-top: 30px !important;margin-bottom: 30px !important;}\u00bb]Ingredientes activos presentes en la f\u00f3rmula:<\/p>\n<p>\u2022 <strong>Los extractos de c\u00e9lulas madre vegetales<\/strong>, ricos en sustancias activas esenciales, act\u00faan como un elixir de larga vida que estimula la renovaci\u00f3n celular y retrasa el proceso de envejecimiento fisiol\u00f3gico del cabello y la piel;<br \/>\n\u2022 <strong>El \u00e1cido hialur\u00f3nico<\/strong>, act\u00faa restaurando el balance de agua del cabello y protegi\u00e9ndolo de las agresiones externas;<br \/>\n\u2022 <strong>El aceite de c\u00e1\u00f1amo<\/strong>, rico en vitamina E y \u00e1cidos grasos, nutre la fibra capilar y le da volumen y elasticidad;<br \/>\n\u2022 <strong>El aceite de macadamia<\/strong>, revitaliza la estructura del cabello y ayuda a reponer los nutrientes perdidos;<br \/>\n\u2022 <strong>El aceite de arg\u00e1n<\/strong>, fortalece la fibra capilar y la protege de los tratamientos qu\u00edmicos que le dan brillo y flexibilidad.<\/p>\n<p><strong>Y adem\u00e1s:<\/strong><\/p>\n<p>Cobertura total del cabello blanco;<br \/>\nResultado homog\u00e9neo con intensos reflejos;<br \/>\nLarga duraci\u00f3n del color;<br \/>\nActivo de origen natural;<br \/>\nProtecci\u00f3n de la piel y respeto por la estructura del cabello;<br \/>\nAcci\u00f3n intensiva antiedad para piel y cabello;<br \/>\nSin parabenos;<br \/>\nAmplia gama de tonos.<\/p>\n<p>Envase en tubo de 100 ml \/ Disponible en 95 tonos.[\/vc_column_text]\n\t  \t<div class=\"nectar-progress-bar\">\n\t  \t\t<p>Copertura capelli bianchi<\/p>\n\t  \t\t<div class=\"bar-wrap\"><span class=\"extra-color-gradient-1\" data-width=\"100\"> <strong><i>100<\/i>%<\/strong> <\/span><\/div>\n\t  \t<\/div>\n\t  \t<div class=\"nectar-progress-bar\">\n\t  \t\t<p>Sodium Laureth Soulfate (SLES)<\/p>\n\t  \t\t<div class=\"bar-wrap\"><span class=\"extra-color-gradient-1\" data-width=\"0\"> <strong><i>0<\/i>%<\/strong> <\/span><\/div>\n\t  \t<\/div>\n\t  \t<div class=\"nectar-progress-bar\">\n\t  \t\t<p>Parabeni<\/p>\n\t  \t\t<div class=\"bar-wrap\"><span class=\"extra-color-gradient-1\" data-width=\"0\"> <strong><i>0<\/i>%<\/strong> <\/span><\/div>\n\t  \t<\/div>[divider line_type=\u00bbNo Line\u00bb custom_height=\u00bb100&#8243;][\/vc_column][vc_column column_padding=\u00bbno-extra-padding\u00bb column_padding_tablet=\u00bbinherit\u00bb column_padding_phone=\u00bbinherit\u00bb column_padding_position=\u00bball\u00bb background_color_opacity=\u00bb1&#8243; background_hover_color_opacity=\u00bb1&#8243; background_image=\u00bb11745&#8243; background_image_position=\u00bbcenter center\u00bb enable_bg_scale=\u00bbtrue\u00bb column_shadow=\u00bbnone\u00bb column_border_radius=\u00bbnone\u00bb column_link_target=\u00bb_self\u00bb gradient_direction=\u00bbleft_to_right\u00bb overlay_strength=\u00bb0.3&#8243; width=\u00bb1\/2&#8243; tablet_width_inherit=\u00bbdefault\u00bb tablet_text_alignment=\u00bbdefault\u00bb phone_text_alignment=\u00bbdefault\u00bb column_border_width=\u00bbnone\u00bb column_border_style=\u00bbsolid\u00bb bg_image_animation=\u00bbnone\u00bb enable_animation=\u00bbtrue\u00bb animation=\u00bbfade-in\u00bb][\/vc_column][\/vc_row][vc_row type=\u00bbfull_width_content\u00bb full_screen_row_position=\u00bbmiddle\u00bb column_margin=\u00bbdefault\u00bb equal_height=\u00bbyes\u00bb content_placement=\u00bbmiddle\u00bb column_direction=\u00bbdefault\u00bb column_direction_tablet=\u00bbdefault\u00bb column_direction_phone=\u00bbdefault\u00bb bg_color=\u00bb#232323&#8243; full_height=\u00bbyes\u00bb columns_placement=\u00bbstretch\u00bb scene_position=\u00bbcenter\u00bb text_color=\u00bbdark\u00bb text_align=\u00bbleft\u00bb row_border_radius=\u00bbnone\u00bb row_border_radius_applies=\u00bbbg\u00bb overlay_strength=\u00bb0.3&#8243; gradient_direction=\u00bbleft_to_right\u00bb shape_divider_position=\u00bbbottom\u00bb bg_image_animation=\u00bbnone\u00bb][vc_column column_padding=\u00bbno-extra-padding\u00bb column_padding_tablet=\u00bbinherit\u00bb column_padding_phone=\u00bbinherit\u00bb column_padding_position=\u00bball\u00bb background_color_opacity=\u00bb1&#8243; background_hover_color_opacity=\u00bb1&#8243; background_image=\u00bb18930&#8243; background_image_position=\u00bbcenter center\u00bb enable_bg_scale=\u00bbtrue\u00bb column_shadow=\u00bbnone\u00bb column_border_radius=\u00bbnone\u00bb column_link_target=\u00bb_self\u00bb gradient_direction=\u00bbleft_to_right\u00bb overlay_strength=\u00bb0.3&#8243; width=\u00bb1\/2&#8243; tablet_width_inherit=\u00bbdefault\u00bb tablet_text_alignment=\u00bbdefault\u00bb phone_text_alignment=\u00bbdefault\u00bb column_border_width=\u00bbnone\u00bb column_border_style=\u00bbsolid\u00bb bg_image_animation=\u00bbnone\u00bb enable_animation=\u00bbtrue\u00bb animation=\u00bbfade-in\u00bb][\/vc_column][vc_column column_padding=\u00bbpadding-10-percent\u00bb column_padding_tablet=\u00bbinherit\u00bb column_padding_phone=\u00bbinherit\u00bb column_padding_position=\u00bball\u00bb background_color=\u00bb#ffffff\u00bb background_color_opacity=\u00bb1&#8243; background_hover_color_opacity=\u00bb1&#8243; column_shadow=\u00bbnone\u00bb column_border_radius=\u00bbnone\u00bb column_link_target=\u00bb_self\u00bb gradient_direction=\u00bbleft_to_right\u00bb overlay_strength=\u00bb0.3&#8243; width=\u00bb1\/2&#8243; tablet_width_inherit=\u00bbdefault\u00bb tablet_text_alignment=\u00bbdefault\u00bb phone_text_alignment=\u00bbdefault\u00bb column_border_width=\u00bbnone\u00bb column_border_style=\u00bbsolid\u00bb bg_image_animation=\u00bbnone\u00bb][vc_custom_heading text=\u00bbPrestige Botanicolor free\u00bb font_container=\u00bbtag:h5|text_align:left|color:%23bfbfbf\u00bb use_theme_fonts=\u00bbyes\u00bb css=\u00bb.vc_custom_1663232889264{margin-bottom: 10px !important;}\u00bb][vc_custom_heading text=\u00bbLa garant\u00eda de un producto libre&#8230;\u00bb font_container=\u00bbtag:h2|font_size:40|text_align:left|line_height:50px\u00bb use_theme_fonts=\u00bbyes\u00bb][vc_column_text css=\u00bb.vc_custom_1663232440424{margin-top: 30px !important;margin-bottom: 30px !important;}\u00bb]\n<h2 class=\"vc_custom_heading\">Event Color Free<\/h2>\n<div class=\"wpb_text_column wpb_content_element vc_custom_1508237134558\">\n<div class=\"wpb_wrapper\">\n<p>Es una l\u00ednea innovadora de color permanente en crema con acci\u00f3n antioxidante. Su f\u00f3rmula sin amon\u00edaco, sin p-fenelendiamina y sin Nikel, te colorea de manera suave y no agresiva, dej\u00e1ndo el pelo brillante y suave. El contenido de cera de abejas, extractos de frutas y vitamina C protege la piel y el cabello, mientras que las fragancias afrutadas le dan un aroma muy agradable.<\/p>\n<\/div>\n<\/div>\n[\/vc_column_text]\n\t  \t<div class=\"nectar-progress-bar\">\n\t  \t\t<p>Copertura capelli bianchi<\/p>\n\t  \t\t<div class=\"bar-wrap\"><span class=\"extra-color-gradient-1\" data-width=\"100\"> <strong><i>100<\/i>%<\/strong> <\/span><\/div>\n\t  \t<\/div>\n\t  \t<div class=\"nectar-progress-bar\">\n\t  \t\t<p>ammonia free<\/p>\n\t  \t\t<div class=\"bar-wrap\"><span class=\"extra-color-gradient-1\" data-width=\"100\"> <strong><i>100<\/i>%<\/strong> <\/span><\/div>\n\t  \t<\/div>\n\t  \t<div class=\"nectar-progress-bar\">\n\t  \t\t<p>Nikel Tested<\/p>\n\t  \t\t<div class=\"bar-wrap\"><span class=\"extra-color-gradient-1\" data-width=\"99\"> <strong><i>99<\/i>%<\/strong> <\/span><\/div>\n\t  \t<\/div>\n\t  \t<div class=\"nectar-progress-bar\">\n\t  \t\t<p>No P-phenylediamine<\/p>\n\t  \t\t<div class=\"bar-wrap\"><span class=\"extra-color-gradient-1\" data-width=\"100\"> <strong><i>100<\/i>%<\/strong> <\/span><\/div>\n\t  \t<\/div>\n\t  \t<div class=\"nectar-progress-bar\">\n\t  \t\t<p>no resorcinol<\/p>\n\t  \t\t<div class=\"bar-wrap\"><span class=\"extra-color-gradient-1\" data-width=\"100\"> <strong><i>100<\/i>%<\/strong> <\/span><\/div>\n\t  \t<\/div>[divider line_type=\u00bbNo Line\u00bb custom_height=\u00bb100&#8243;][\/vc_column][\/vc_row][vc_row type=\u00bbin_container\u00bb full_screen_row_position=\u00bbmiddle\u00bb column_margin=\u00bbdefault\u00bb column_direction=\u00bbdefault\u00bb column_direction_tablet=\u00bbdefault\u00bb column_direction_phone=\u00bbdefault\u00bb scene_position=\u00bbcenter\u00bb text_color=\u00bbdark\u00bb text_align=\u00bbleft\u00bb row_border_radius=\u00bbnone\u00bb row_border_radius_applies=\u00bbbg\u00bb overlay_strength=\u00bb0.3&#8243; gradient_direction=\u00bbleft_to_right\u00bb shape_divider_position=\u00bbbottom\u00bb bg_image_animation=\u00bbnone\u00bb][vc_column column_padding=\u00bbno-extra-padding\u00bb column_padding_tablet=\u00bbinherit\u00bb column_padding_phone=\u00bbinherit\u00bb column_padding_position=\u00bball\u00bb background_color_opacity=\u00bb1&#8243; background_hover_color_opacity=\u00bb1&#8243; column_shadow=\u00bbnone\u00bb column_border_radius=\u00bbnone\u00bb column_link_target=\u00bb_self\u00bb gradient_direction=\u00bbleft_to_right\u00bb overlay_strength=\u00bb0.3&#8243; width=\u00bb1\/1&#8243; tablet_width_inherit=\u00bbdefault\u00bb tablet_text_alignment=\u00bbdefault\u00bb phone_text_alignment=\u00bbdefault\u00bb column_border_width=\u00bbnone\u00bb column_border_style=\u00bbsolid\u00bb bg_image_animation=\u00bbnone\u00bb][\/vc_column][\/vc_row]\n","protected":false},"excerpt":{"rendered":"<p>[vc_row type=\u00bbfull_width_content\u00bb full_screen_row_position=\u00bbmiddle\u00bb column_margin=\u00bbdefault\u00bb equal_height=\u00bbyes\u00bb content_placement=\u00bbmiddle\u00bb column_direction=\u00bbdefault\u00bb column_direction_tablet=\u00bbdefault\u00bb column_direction_phone=\u00bbdefault\u00bb bg_color=\u00bb#ffffff\u00bb scene_position=\u00bbcenter\u00bb text_color=\u00bbdark\u00bb text_align=\u00bbleft\u00bb row_border_radius=\u00bbnone\u00bb row_border_radius_applies=\u00bbbg\u00bb&#8230;<\/p>\n","protected":false},"author":2,"featured_media":0,"parent":0,"menu_order":0,"comment_status":"closed","ping_status":"closed","template":"","meta":[],"_links":{"self":[{"href":"https:\/\/www.erreelleitalia.com\/es\/wp-json\/wp\/v2\/pages\/11250"}],"collection":[{"href":"https:\/\/www.erreelleitalia.com\/es\/wp-json\/wp\/v2\/pages"}],"about":[{"href":"https:\/\/www.erreelleitalia.com\/es\/wp-json\/wp\/v2\/types\/page"}],"author":[{"embeddable":true,"href":"https:\/\/www.erreelleitalia.com\/es\/wp-json\/wp\/v2\/users\/2"}],"replies":[{"embeddable":true,"href":"https:\/\/www.erreelleitalia.com\/es\/wp-json\/wp\/v2\/comments?post=11250"}],"version-history":[{"count":6,"href":"https:\/\/www.erreelleitalia.com\/es\/wp-json\/wp\/v2\/pages\/11250\/revisions"}],"predecessor-version":[{"id":18948,"href":"https:\/\/www.erreelleitalia.com\/es\/wp-json\/wp\/v2\/pages\/11250\/revisions\/18948"}],"wp:attachment":[{"href":"https:\/\/www.erreelleitalia.com\/es\/wp-json\/wp\/v2\/media?parent=11250"}],"curies":[{"name":"wp","href":"https:\/\/api.w.org\/{rel}","templated":true}]}}